{"id":12913,"date":"2023-09-12T10:53:34","date_gmt":"2023-09-12T09:53:34","guid":{"rendered":"https:\/\/baralivres.ma\/?post_type=product&#038;p=12913"},"modified":"2023-09-12T10:53:34","modified_gmt":"2023-09-12T09:53:34","slug":"hunter-x-hunter-tome-36","status":"publish","type":"product","link":"https:\/\/baralivres.ma\/?product=hunter-x-hunter-tome-36","title":{"rendered":"Hunter X Hunter Tome 36"},"content":{"rendered":"<p>Dans les pas de son p\u00e8re, Gon quitte son village pour se pr\u00e9senter au difficile examen des hunters. En chemin, Gon se fera des amis. Mais survivront-ils \u00e0 la premi\u00e8re \u00e9preuve face \u00e0 des participants particuli\u00e8rement dangereux&#8230; ? ! Si quelques adversaires se montrent impitoyables d\u00e8s le d\u00e9but, d&rsquo;autres comme Isoka le magicien font preuve d&rsquo;un cruaut\u00e9 pour le moins inqui\u00e9tante<\/p>\n","protected":false},"excerpt":{"rendered":"<p>Dans les pas de son p\u00e8re, Gon quitte son village pour se pr\u00e9senter au difficile examen des hunters. En chemin, Gon se fera des amis. Mais survivront-ils \u00e0 la premi\u00e8re \u00e9preuve face \u00e0 des participants particuli\u00e8rement dangereux&#8230; ? ! Si quelques adversaires se montrent impitoyables d\u00e8s le d\u00e9but, d&rsquo;autres comme Isoka le magicien font preuve d&rsquo;un cruaut\u00e9 pour le moins inqui\u00e9tante<\/p>\n","protected":false},"featured_media":12914,"comment_status":"open","ping_status":"closed","template":"","meta":{"inline_featured_image":false},"product_cat":[203,204,205],"product_tag":[],"class_list":{"0":"post-12913","1":"product","2":"type-product","3":"status-publish","4":"has-post-thumbnail","6":"product_cat-adolescente","7":"product_cat-francais","8":"product_cat-enfant-adolescente-francais","10":"first","11":"instock","12":"shipping-taxable","13":"purchasable","14":"product-type-simple"},"_links":{"self":[{"href":"https:\/\/baralivres.ma\/index.php?rest_route=\/wp\/v2\/product\/12913","targetHints":{"allow":["GET"]}}],"collection":[{"href":"https:\/\/baralivres.ma\/index.php?rest_route=\/wp\/v2\/product"}],"about":[{"href":"https:\/\/baralivres.ma\/index.php?rest_route=\/wp\/v2\/types\/product"}],"replies":[{"embeddable":true,"href":"https:\/\/baralivres.ma\/index.php?rest_route=%2Fwp%2Fv2%2Fcomments&post=12913"}],"version-history":[{"count":1,"href":"https:\/\/baralivres.ma\/index.php?rest_route=\/wp\/v2\/product\/12913\/revisions"}],"predecessor-version":[{"id":12915,"href":"https:\/\/baralivres.ma\/index.php?rest_route=\/wp\/v2\/product\/12913\/revisions\/12915"}],"wp:featuredmedia":[{"embeddable":true,"href":"https:\/\/baralivres.ma\/index.php?rest_route=\/wp\/v2\/media\/12914"}],"wp:attachment":[{"href":"https:\/\/baralivres.ma\/index.php?rest_route=%2Fwp%2Fv2%2Fmedia&parent=12913"}],"wp:term":[{"taxonomy":"product_cat","embeddable":true,"href":"https:\/\/baralivres.ma\/index.php?rest_route=%2Fwp%2Fv2%2Fproduct_cat&post=12913"},{"taxonomy":"product_tag","embeddable":true,"href":"https:\/\/baralivres.ma\/index.php?rest_route=%2Fwp%2Fv2%2Fproduct_tag&post=12913"}],"curies":[{"name":"wp","href":"https:\/\/api.w.org\/{rel}","templated":true}]}}