{"id":12907,"date":"2023-09-12T10:51:15","date_gmt":"2023-09-12T09:51:15","guid":{"rendered":"https:\/\/baralivres.ma\/?post_type=product&#038;p=12907"},"modified":"2023-09-12T10:51:18","modified_gmt":"2023-09-12T09:51:18","slug":"hunter-x-hunter-tome-34","status":"publish","type":"product","link":"https:\/\/baralivres.ma\/?product=hunter-x-hunter-tome-34","title":{"rendered":"Hunter X Hunter Tome 34"},"content":{"rendered":"<p>Hisoka et Kuroro se livrent un combat \u00e0 mort dans l&rsquo;ar\u00e8ne de la tour c\u00e9leste !! Kuroro d\u00e9ploie de nouvelles facult\u00e9s et pousse Hisoka dans ses derniers retranchements. Qui sortira vainqueur de ce duel au sommet ?! De son c\u00f4t\u00e9, Kurapika, en compagnie des princes h\u00e9ritiers de Kakin, a embarqu\u00e9 sur le navire qui doit les conduire sur le continent cach\u00e9. Mais \u00e0 peine les amarres largu\u00e9es, des morts suspectes sont r\u00e9v\u00e9l\u00e9es<\/p>\n","protected":false},"excerpt":{"rendered":"<p>Hisoka et Kuroro se livrent un combat \u00e0 mort dans l&rsquo;ar\u00e8ne de la tour c\u00e9leste !! Kuroro d\u00e9ploie de nouvelles facult\u00e9s et pousse Hisoka dans ses derniers retranchements. Qui sortira vainqueur de ce duel au sommet ?! De son c\u00f4t\u00e9, Kurapika, en compagnie des princes h\u00e9ritiers de Kakin, a embarqu\u00e9 sur le navire qui doit les conduire sur le continent cach\u00e9. Mais \u00e0 peine les amarres largu\u00e9es, des morts suspectes sont r\u00e9v\u00e9l\u00e9es<\/p>\n","protected":false},"featured_media":12908,"comment_status":"open","ping_status":"closed","template":"","meta":{"inline_featured_image":false},"product_cat":[203,204,205],"product_tag":[],"class_list":{"0":"post-12907","1":"product","2":"type-product","3":"status-publish","4":"has-post-thumbnail","6":"product_cat-adolescente","7":"product_cat-francais","8":"product_cat-enfant-adolescente-francais","10":"first","11":"instock","12":"shipping-taxable","13":"purchasable","14":"product-type-simple"},"_links":{"self":[{"href":"https:\/\/baralivres.ma\/index.php?rest_route=\/wp\/v2\/product\/12907","targetHints":{"allow":["GET"]}}],"collection":[{"href":"https:\/\/baralivres.ma\/index.php?rest_route=\/wp\/v2\/product"}],"about":[{"href":"https:\/\/baralivres.ma\/index.php?rest_route=\/wp\/v2\/types\/product"}],"replies":[{"embeddable":true,"href":"https:\/\/baralivres.ma\/index.php?rest_route=%2Fwp%2Fv2%2Fcomments&post=12907"}],"version-history":[{"count":1,"href":"https:\/\/baralivres.ma\/index.php?rest_route=\/wp\/v2\/product\/12907\/revisions"}],"predecessor-version":[{"id":12909,"href":"https:\/\/baralivres.ma\/index.php?rest_route=\/wp\/v2\/product\/12907\/revisions\/12909"}],"wp:featuredmedia":[{"embeddable":true,"href":"https:\/\/baralivres.ma\/index.php?rest_route=\/wp\/v2\/media\/12908"}],"wp:attachment":[{"href":"https:\/\/baralivres.ma\/index.php?rest_route=%2Fwp%2Fv2%2Fmedia&parent=12907"}],"wp:term":[{"taxonomy":"product_cat","embeddable":true,"href":"https:\/\/baralivres.ma\/index.php?rest_route=%2Fwp%2Fv2%2Fproduct_cat&post=12907"},{"taxonomy":"product_tag","embeddable":true,"href":"https:\/\/baralivres.ma\/index.php?rest_route=%2Fwp%2Fv2%2Fproduct_tag&post=12907"}],"curies":[{"name":"wp","href":"https:\/\/api.w.org\/{rel}","templated":true}]}}