{"id":12904,"date":"2023-09-12T10:49:56","date_gmt":"2023-09-12T09:49:56","guid":{"rendered":"https:\/\/baralivres.ma\/?post_type=product&#038;p=12904"},"modified":"2023-09-12T10:49:57","modified_gmt":"2023-09-12T09:49:57","slug":"hunter-x-hunter-tome-32","status":"publish","type":"product","link":"https:\/\/baralivres.ma\/?product=hunter-x-hunter-tome-32","title":{"rendered":"Hunter X Hunter Tome 32"},"content":{"rendered":"<p>Il ne reste plus que quatre candidats en lice pour l\u2019\u00e9lection du nouveau pr\u00e9sident. Le vice-pr\u00e9sident Parisuton, Mizaisutomu, Chiidoru et L\u00e9olio\u2026 Qui sortira \u00e9lu de ce m\u00e9lange de complots et d\u2019ambitions ? Pendant ce temps, Kirua et Aruka arrivent aupr\u00e8s de Gon. Parviendront-ils \u00e0 le soigner ?!<\/p>\n","protected":false},"excerpt":{"rendered":"<p>Il ne reste plus que quatre candidats en lice pour l\u2019\u00e9lection du nouveau pr\u00e9sident. Le vice-pr\u00e9sident Parisuton, Mizaisutomu, Chiidoru et L\u00e9olio\u2026 Qui sortira \u00e9lu de ce m\u00e9lange de complots et d\u2019ambitions ? Pendant ce temps, Kirua et Aruka arrivent aupr\u00e8s de Gon. Parviendront-ils \u00e0 le soigner ?!<\/p>\n","protected":false},"featured_media":12905,"comment_status":"open","ping_status":"closed","template":"","meta":{"inline_featured_image":false},"product_cat":[203,204,205],"product_tag":[],"class_list":{"0":"post-12904","1":"product","2":"type-product","3":"status-publish","4":"has-post-thumbnail","6":"product_cat-adolescente","7":"product_cat-francais","8":"product_cat-enfant-adolescente-francais","10":"first","11":"instock","12":"shipping-taxable","13":"purchasable","14":"product-type-simple"},"_links":{"self":[{"href":"https:\/\/baralivres.ma\/index.php?rest_route=\/wp\/v2\/product\/12904","targetHints":{"allow":["GET"]}}],"collection":[{"href":"https:\/\/baralivres.ma\/index.php?rest_route=\/wp\/v2\/product"}],"about":[{"href":"https:\/\/baralivres.ma\/index.php?rest_route=\/wp\/v2\/types\/product"}],"replies":[{"embeddable":true,"href":"https:\/\/baralivres.ma\/index.php?rest_route=%2Fwp%2Fv2%2Fcomments&post=12904"}],"version-history":[{"count":1,"href":"https:\/\/baralivres.ma\/index.php?rest_route=\/wp\/v2\/product\/12904\/revisions"}],"predecessor-version":[{"id":12906,"href":"https:\/\/baralivres.ma\/index.php?rest_route=\/wp\/v2\/product\/12904\/revisions\/12906"}],"wp:featuredmedia":[{"embeddable":true,"href":"https:\/\/baralivres.ma\/index.php?rest_route=\/wp\/v2\/media\/12905"}],"wp:attachment":[{"href":"https:\/\/baralivres.ma\/index.php?rest_route=%2Fwp%2Fv2%2Fmedia&parent=12904"}],"wp:term":[{"taxonomy":"product_cat","embeddable":true,"href":"https:\/\/baralivres.ma\/index.php?rest_route=%2Fwp%2Fv2%2Fproduct_cat&post=12904"},{"taxonomy":"product_tag","embeddable":true,"href":"https:\/\/baralivres.ma\/index.php?rest_route=%2Fwp%2Fv2%2Fproduct_tag&post=12904"}],"curies":[{"name":"wp","href":"https:\/\/api.w.org\/{rel}","templated":true}]}}