{"id":12901,"date":"2023-09-12T10:48:03","date_gmt":"2023-09-12T09:48:03","guid":{"rendered":"https:\/\/baralivres.ma\/?post_type=product&#038;p=12901"},"modified":"2023-09-12T10:48:04","modified_gmt":"2023-09-12T09:48:04","slug":"boruto-naruto-next-generations-tome-13","status":"publish","type":"product","link":"https:\/\/baralivres.ma\/?product=boruto-naruto-next-generations-tome-13","title":{"rendered":"Boruto &#8211; Naruto Next Generations Tome 13"},"content":{"rendered":"<p>Lors du combat contre Kashin Koji, Isshiki \u00d4tsutsuki appara\u00eet enfin sous sa v\u00e9ritable apparence. Pour graver \u00e0 nouveau un k\u00e2ma sur Kawaki, et r\u00e9aliser sa r\u00e9surrection, Isshiki attaque Konoha !! Mais Naruto et Sasuke sont l\u00e0 pour l&rsquo;accueillir<\/p>\n","protected":false},"excerpt":{"rendered":"<p>Lors du combat contre Kashin Koji, Isshiki \u00d4tsutsuki appara\u00eet enfin sous sa v\u00e9ritable apparence. Pour graver \u00e0 nouveau un k\u00e2ma sur Kawaki, et r\u00e9aliser sa r\u00e9surrection, Isshiki attaque Konoha !! Mais Naruto et Sasuke sont l\u00e0 pour l&rsquo;accueillir<\/p>\n","protected":false},"featured_media":12902,"comment_status":"open","ping_status":"closed","template":"","meta":{"inline_featured_image":false},"product_cat":[203,204,205],"product_tag":[],"class_list":{"0":"post-12901","1":"product","2":"type-product","3":"status-publish","4":"has-post-thumbnail","6":"product_cat-adolescente","7":"product_cat-francais","8":"product_cat-enfant-adolescente-francais","10":"first","11":"instock","12":"shipping-taxable","13":"purchasable","14":"product-type-simple"},"_links":{"self":[{"href":"https:\/\/baralivres.ma\/index.php?rest_route=\/wp\/v2\/product\/12901","targetHints":{"allow":["GET"]}}],"collection":[{"href":"https:\/\/baralivres.ma\/index.php?rest_route=\/wp\/v2\/product"}],"about":[{"href":"https:\/\/baralivres.ma\/index.php?rest_route=\/wp\/v2\/types\/product"}],"replies":[{"embeddable":true,"href":"https:\/\/baralivres.ma\/index.php?rest_route=%2Fwp%2Fv2%2Fcomments&post=12901"}],"version-history":[{"count":1,"href":"https:\/\/baralivres.ma\/index.php?rest_route=\/wp\/v2\/product\/12901\/revisions"}],"predecessor-version":[{"id":12903,"href":"https:\/\/baralivres.ma\/index.php?rest_route=\/wp\/v2\/product\/12901\/revisions\/12903"}],"wp:featuredmedia":[{"embeddable":true,"href":"https:\/\/baralivres.ma\/index.php?rest_route=\/wp\/v2\/media\/12902"}],"wp:attachment":[{"href":"https:\/\/baralivres.ma\/index.php?rest_route=%2Fwp%2Fv2%2Fmedia&parent=12901"}],"wp:term":[{"taxonomy":"product_cat","embeddable":true,"href":"https:\/\/baralivres.ma\/index.php?rest_route=%2Fwp%2Fv2%2Fproduct_cat&post=12901"},{"taxonomy":"product_tag","embeddable":true,"href":"https:\/\/baralivres.ma\/index.php?rest_route=%2Fwp%2Fv2%2Fproduct_tag&post=12901"}],"curies":[{"name":"wp","href":"https:\/\/api.w.org\/{rel}","templated":true}]}}