{"id":12898,"date":"2023-09-12T10:46:14","date_gmt":"2023-09-12T09:46:14","guid":{"rendered":"https:\/\/baralivres.ma\/?post_type=product&#038;p=12898"},"modified":"2023-09-12T10:46:14","modified_gmt":"2023-09-12T09:46:14","slug":"boruto-naruto-next-generations-tome-12","status":"publish","type":"product","link":"https:\/\/baralivres.ma\/?product=boruto-naruto-next-generations-tome-12","title":{"rendered":"Boruto &#8211; Naruto Next Generations Tome 12"},"content":{"rendered":"<p>Kashin Koji et Amado quittent Kara. Amado fait soudain irruption dans le village de Konoha. Il prend Shikadai en otage et fait une demande particuli\u00e8re&#8230; Lors d&rsquo;un \u00e9change plein de tension, diverses \u00e9nigmes sont clarifi\u00e9es ! De plus, un grand combat entre Kashin Koji et Jigen commence !!<\/p>\n","protected":false},"excerpt":{"rendered":"<p>Kashin Koji et Amado quittent Kara. Amado fait soudain irruption dans le village de Konoha. Il prend Shikadai en otage et fait une demande particuli\u00e8re&#8230; Lors d&rsquo;un \u00e9change plein de tension, diverses \u00e9nigmes sont clarifi\u00e9es ! De plus, un grand combat entre Kashin Koji et Jigen commence !!<\/p>\n","protected":false},"featured_media":12899,"comment_status":"open","ping_status":"closed","template":"","meta":{"inline_featured_image":false},"product_cat":[203,204,205],"product_tag":[],"class_list":{"0":"post-12898","1":"product","2":"type-product","3":"status-publish","4":"has-post-thumbnail","6":"product_cat-adolescente","7":"product_cat-francais","8":"product_cat-enfant-adolescente-francais","10":"first","11":"instock","12":"shipping-taxable","13":"purchasable","14":"product-type-simple"},"_links":{"self":[{"href":"https:\/\/baralivres.ma\/index.php?rest_route=\/wp\/v2\/product\/12898","targetHints":{"allow":["GET"]}}],"collection":[{"href":"https:\/\/baralivres.ma\/index.php?rest_route=\/wp\/v2\/product"}],"about":[{"href":"https:\/\/baralivres.ma\/index.php?rest_route=\/wp\/v2\/types\/product"}],"replies":[{"embeddable":true,"href":"https:\/\/baralivres.ma\/index.php?rest_route=%2Fwp%2Fv2%2Fcomments&post=12898"}],"version-history":[{"count":1,"href":"https:\/\/baralivres.ma\/index.php?rest_route=\/wp\/v2\/product\/12898\/revisions"}],"predecessor-version":[{"id":12900,"href":"https:\/\/baralivres.ma\/index.php?rest_route=\/wp\/v2\/product\/12898\/revisions\/12900"}],"wp:featuredmedia":[{"embeddable":true,"href":"https:\/\/baralivres.ma\/index.php?rest_route=\/wp\/v2\/media\/12899"}],"wp:attachment":[{"href":"https:\/\/baralivres.ma\/index.php?rest_route=%2Fwp%2Fv2%2Fmedia&parent=12898"}],"wp:term":[{"taxonomy":"product_cat","embeddable":true,"href":"https:\/\/baralivres.ma\/index.php?rest_route=%2Fwp%2Fv2%2Fproduct_cat&post=12898"},{"taxonomy":"product_tag","embeddable":true,"href":"https:\/\/baralivres.ma\/index.php?rest_route=%2Fwp%2Fv2%2Fproduct_tag&post=12898"}],"curies":[{"name":"wp","href":"https:\/\/api.w.org\/{rel}","templated":true}]}}