{"id":12895,"date":"2023-09-12T10:44:29","date_gmt":"2023-09-12T09:44:29","guid":{"rendered":"https:\/\/baralivres.ma\/?post_type=product&#038;p=12895"},"modified":"2023-09-12T10:44:29","modified_gmt":"2023-09-12T09:44:29","slug":"mob-psycho-100-tome-8","status":"publish","type":"product","link":"https:\/\/baralivres.ma\/?product=mob-psycho-100-tome-8","title":{"rendered":"Mob psycho 100 Tome 8"},"content":{"rendered":"<p>Mob et Reigen se sont rendus dans la maison d&rsquo;un homme extr\u00eamement riche afin d&rsquo;exorciser l&rsquo;esprit malveillant qui a pris possession de la fille de ce dernier. Mais l&rsquo;esprit en question se r\u00e9v\u00e8le \u00eatre la fant\u00f4me d&rsquo;un c\u00e9l\u00e8bre m\u00e9dium mort avec une grande rancune au fond de lui ! Mob va alors tenter une projection astrale afin de sauver la jeune fille !<\/p>\n","protected":false},"excerpt":{"rendered":"<p>Mob et Reigen se sont rendus dans la maison d&rsquo;un homme extr\u00eamement riche afin d&rsquo;exorciser l&rsquo;esprit malveillant qui a pris possession de la fille de ce dernier. Mais l&rsquo;esprit en question se r\u00e9v\u00e8le \u00eatre la fant\u00f4me d&rsquo;un c\u00e9l\u00e8bre m\u00e9dium mort avec une grande rancune au fond de lui ! Mob va alors tenter une projection astrale afin de sauver la jeune fille !<\/p>\n","protected":false},"featured_media":12896,"comment_status":"open","ping_status":"closed","template":"","meta":{"inline_featured_image":false},"product_cat":[203,204,205],"product_tag":[],"class_list":{"0":"post-12895","1":"product","2":"type-product","3":"status-publish","4":"has-post-thumbnail","6":"product_cat-adolescente","7":"product_cat-francais","8":"product_cat-enfant-adolescente-francais","10":"first","11":"instock","12":"shipping-taxable","13":"purchasable","14":"product-type-simple"},"_links":{"self":[{"href":"https:\/\/baralivres.ma\/index.php?rest_route=\/wp\/v2\/product\/12895","targetHints":{"allow":["GET"]}}],"collection":[{"href":"https:\/\/baralivres.ma\/index.php?rest_route=\/wp\/v2\/product"}],"about":[{"href":"https:\/\/baralivres.ma\/index.php?rest_route=\/wp\/v2\/types\/product"}],"replies":[{"embeddable":true,"href":"https:\/\/baralivres.ma\/index.php?rest_route=%2Fwp%2Fv2%2Fcomments&post=12895"}],"version-history":[{"count":1,"href":"https:\/\/baralivres.ma\/index.php?rest_route=\/wp\/v2\/product\/12895\/revisions"}],"predecessor-version":[{"id":12897,"href":"https:\/\/baralivres.ma\/index.php?rest_route=\/wp\/v2\/product\/12895\/revisions\/12897"}],"wp:featuredmedia":[{"embeddable":true,"href":"https:\/\/baralivres.ma\/index.php?rest_route=\/wp\/v2\/media\/12896"}],"wp:attachment":[{"href":"https:\/\/baralivres.ma\/index.php?rest_route=%2Fwp%2Fv2%2Fmedia&parent=12895"}],"wp:term":[{"taxonomy":"product_cat","embeddable":true,"href":"https:\/\/baralivres.ma\/index.php?rest_route=%2Fwp%2Fv2%2Fproduct_cat&post=12895"},{"taxonomy":"product_tag","embeddable":true,"href":"https:\/\/baralivres.ma\/index.php?rest_route=%2Fwp%2Fv2%2Fproduct_tag&post=12895"}],"curies":[{"name":"wp","href":"https:\/\/api.w.org\/{rel}","templated":true}]}}