{"id":12889,"date":"2023-09-12T10:41:05","date_gmt":"2023-09-12T09:41:05","guid":{"rendered":"https:\/\/baralivres.ma\/?post_type=product&#038;p=12889"},"modified":"2023-09-12T10:41:05","modified_gmt":"2023-09-12T09:41:05","slug":"mob-psycho-100-tome-6","status":"publish","type":"product","link":"https:\/\/baralivres.ma\/?product=mob-psycho-100-tome-6","title":{"rendered":"Mob psycho 100 Tome 6"},"content":{"rendered":"<p>Mob va exploser devant son ma\u00eetre ! Mob et ses amis se sont infiltr\u00e9s dans le repaire de la Griffe, mais ils se sont fait capturer. C&rsquo;est alors que Reigen d\u00e9barque avec ses nouveaux sous-fifres ! Mob est tiraill\u00e9 entre l&rsquo;envie de fuir et le devoir de se battre pour sauver ses camarades. De plus en plus stress\u00e9, il va finir par exploser !!<\/p>\n","protected":false},"excerpt":{"rendered":"<p>Mob va exploser devant son ma\u00eetre ! Mob et ses amis se sont infiltr\u00e9s dans le repaire de la Griffe, mais ils se sont fait capturer. C&rsquo;est alors que Reigen d\u00e9barque avec ses nouveaux sous-fifres ! Mob est tiraill\u00e9 entre l&rsquo;envie de fuir et le devoir de se battre pour sauver ses camarades. De plus en plus stress\u00e9, il va finir par exploser !!<\/p>\n","protected":false},"featured_media":12890,"comment_status":"open","ping_status":"closed","template":"","meta":{"inline_featured_image":false},"product_cat":[203,204,205],"product_tag":[],"class_list":{"0":"post-12889","1":"product","2":"type-product","3":"status-publish","4":"has-post-thumbnail","6":"product_cat-adolescente","7":"product_cat-francais","8":"product_cat-enfant-adolescente-francais","10":"first","11":"instock","12":"shipping-taxable","13":"purchasable","14":"product-type-simple"},"_links":{"self":[{"href":"https:\/\/baralivres.ma\/index.php?rest_route=\/wp\/v2\/product\/12889","targetHints":{"allow":["GET"]}}],"collection":[{"href":"https:\/\/baralivres.ma\/index.php?rest_route=\/wp\/v2\/product"}],"about":[{"href":"https:\/\/baralivres.ma\/index.php?rest_route=\/wp\/v2\/types\/product"}],"replies":[{"embeddable":true,"href":"https:\/\/baralivres.ma\/index.php?rest_route=%2Fwp%2Fv2%2Fcomments&post=12889"}],"version-history":[{"count":1,"href":"https:\/\/baralivres.ma\/index.php?rest_route=\/wp\/v2\/product\/12889\/revisions"}],"predecessor-version":[{"id":12891,"href":"https:\/\/baralivres.ma\/index.php?rest_route=\/wp\/v2\/product\/12889\/revisions\/12891"}],"wp:featuredmedia":[{"embeddable":true,"href":"https:\/\/baralivres.ma\/index.php?rest_route=\/wp\/v2\/media\/12890"}],"wp:attachment":[{"href":"https:\/\/baralivres.ma\/index.php?rest_route=%2Fwp%2Fv2%2Fmedia&parent=12889"}],"wp:term":[{"taxonomy":"product_cat","embeddable":true,"href":"https:\/\/baralivres.ma\/index.php?rest_route=%2Fwp%2Fv2%2Fproduct_cat&post=12889"},{"taxonomy":"product_tag","embeddable":true,"href":"https:\/\/baralivres.ma\/index.php?rest_route=%2Fwp%2Fv2%2Fproduct_tag&post=12889"}],"curies":[{"name":"wp","href":"https:\/\/api.w.org\/{rel}","templated":true}]}}