{"id":12886,"date":"2023-09-12T10:39:51","date_gmt":"2023-09-12T09:39:51","guid":{"rendered":"https:\/\/baralivres.ma\/?post_type=product&#038;p=12886"},"modified":"2023-09-12T10:39:51","modified_gmt":"2023-09-12T09:39:51","slug":"mob-psycho-100-tome-5","status":"publish","type":"product","link":"https:\/\/baralivres.ma\/?product=mob-psycho-100-tome-5","title":{"rendered":"Mob psycho 100 Tome 5"},"content":{"rendered":"<p>Afin de,sauver son fr\u00e8re, Mob va s&rsquo;infiltrer dans une organisation qui r\u00e9unit de puissants d\u00e9tenteurs de pouvoirs psychiques. Ritsu s&rsquo;est fait kidnapper apr\u00e8s avoir affront\u00e9 un adulte d\u00e9tenteur de pouvoirs psychiques. Mob, Teru et Smile vont s&rsquo;infiltrer dans une myst\u00e9rieuse organisation afin de le sauver, mais ils se retrouvent face \u00e0 face avec des d\u00e9tenteurs de pouvoirs appel\u00e9s les Balafr\u00e9s&#8230; Un violent combat \u00e0 coups de super-pouvoirs est sur le point de commencer !!<\/p>\n","protected":false},"excerpt":{"rendered":"<p>Afin de,sauver son fr\u00e8re, Mob va s&rsquo;infiltrer dans une organisation qui r\u00e9unit de puissants d\u00e9tenteurs de pouvoirs psychiques. Ritsu s&rsquo;est fait kidnapper apr\u00e8s avoir affront\u00e9 un adulte d\u00e9tenteur de pouvoirs psychiques. Mob, Teru et Smile vont s&rsquo;infiltrer dans une myst\u00e9rieuse organisation afin de le sauver, mais ils se retrouvent face \u00e0 face avec des d\u00e9tenteurs de pouvoirs appel\u00e9s les Balafr\u00e9s&#8230; Un violent combat \u00e0 coups de super-pouvoirs est sur le point de commencer !!<\/p>\n","protected":false},"featured_media":12887,"comment_status":"open","ping_status":"closed","template":"","meta":{"inline_featured_image":false},"product_cat":[203,204,205],"product_tag":[],"class_list":{"0":"post-12886","1":"product","2":"type-product","3":"status-publish","4":"has-post-thumbnail","6":"product_cat-adolescente","7":"product_cat-francais","8":"product_cat-enfant-adolescente-francais","10":"first","11":"instock","12":"shipping-taxable","13":"purchasable","14":"product-type-simple"},"_links":{"self":[{"href":"https:\/\/baralivres.ma\/index.php?rest_route=\/wp\/v2\/product\/12886","targetHints":{"allow":["GET"]}}],"collection":[{"href":"https:\/\/baralivres.ma\/index.php?rest_route=\/wp\/v2\/product"}],"about":[{"href":"https:\/\/baralivres.ma\/index.php?rest_route=\/wp\/v2\/types\/product"}],"replies":[{"embeddable":true,"href":"https:\/\/baralivres.ma\/index.php?rest_route=%2Fwp%2Fv2%2Fcomments&post=12886"}],"version-history":[{"count":1,"href":"https:\/\/baralivres.ma\/index.php?rest_route=\/wp\/v2\/product\/12886\/revisions"}],"predecessor-version":[{"id":12888,"href":"https:\/\/baralivres.ma\/index.php?rest_route=\/wp\/v2\/product\/12886\/revisions\/12888"}],"wp:featuredmedia":[{"embeddable":true,"href":"https:\/\/baralivres.ma\/index.php?rest_route=\/wp\/v2\/media\/12887"}],"wp:attachment":[{"href":"https:\/\/baralivres.ma\/index.php?rest_route=%2Fwp%2Fv2%2Fmedia&parent=12886"}],"wp:term":[{"taxonomy":"product_cat","embeddable":true,"href":"https:\/\/baralivres.ma\/index.php?rest_route=%2Fwp%2Fv2%2Fproduct_cat&post=12886"},{"taxonomy":"product_tag","embeddable":true,"href":"https:\/\/baralivres.ma\/index.php?rest_route=%2Fwp%2Fv2%2Fproduct_tag&post=12886"}],"curies":[{"name":"wp","href":"https:\/\/api.w.org\/{rel}","templated":true}]}}