{"id":12883,"date":"2023-09-12T10:38:34","date_gmt":"2023-09-12T09:38:34","guid":{"rendered":"https:\/\/baralivres.ma\/?post_type=product&#038;p=12883"},"modified":"2023-09-12T10:38:34","modified_gmt":"2023-09-12T09:38:34","slug":"mob-psycho-100-tome-4","status":"publish","type":"product","link":"https:\/\/baralivres.ma\/?product=mob-psycho-100-tome-4","title":{"rendered":"Mob psycho 100 Tome 4"},"content":{"rendered":"<p>Jalousie et conflit Les deux fr\u00e8res Mob et Ritsu vont se retrouver face \u00e0 face ! \u00a0\u00bb Si tu as des soucis, Shigeo, tu peux m&rsquo;en parler. \u00a0\u00bb Depuis son enfance, Ritsu a toujours envi\u00e9 les pouvoirs de son grand fr\u00e8re Shigeo. Mais maintenant que ses pouvoirs se sont r\u00e9veill\u00e9s, il va r\u00e9v\u00e9ler au grand jour ses v\u00e9ritables intentions qu&rsquo;il avait jusqu&rsquo;ici toujours refr\u00e9n\u00e9es&#8230; L&rsquo;histoire va prendre une nouvelle tournure ! Attention au choc !!<\/p>\n","protected":false},"excerpt":{"rendered":"<p>Jalousie et conflit&#8230; Les deux fr\u00e8res Mob et Ritsu vont se retrouver face \u00e0 face ! \u00a0\u00bb Si tu as des soucis, Shigeo, tu peux m&rsquo;en parler. \u00a0\u00bb Depuis son enfance, Ritsu a toujours envi\u00e9 les pouvoirs de son grand fr\u00e8re Shigeo. Mais maintenant que ses pouvoirs se sont r\u00e9veill\u00e9s, il va r\u00e9v\u00e9ler au grand jour ses v\u00e9ritables intentions qu&rsquo;il avait jusqu&rsquo;ici toujours refr\u00e9n\u00e9es&#8230; L&rsquo;histoire va prendre une nouvelle tournure ! Attention au choc !!<\/p>\n","protected":false},"featured_media":12884,"comment_status":"open","ping_status":"closed","template":"","meta":{"inline_featured_image":false},"product_cat":[203,204,205],"product_tag":[],"class_list":{"0":"post-12883","1":"product","2":"type-product","3":"status-publish","4":"has-post-thumbnail","6":"product_cat-adolescente","7":"product_cat-francais","8":"product_cat-enfant-adolescente-francais","10":"first","11":"instock","12":"shipping-taxable","13":"purchasable","14":"product-type-simple"},"_links":{"self":[{"href":"https:\/\/baralivres.ma\/index.php?rest_route=\/wp\/v2\/product\/12883","targetHints":{"allow":["GET"]}}],"collection":[{"href":"https:\/\/baralivres.ma\/index.php?rest_route=\/wp\/v2\/product"}],"about":[{"href":"https:\/\/baralivres.ma\/index.php?rest_route=\/wp\/v2\/types\/product"}],"replies":[{"embeddable":true,"href":"https:\/\/baralivres.ma\/index.php?rest_route=%2Fwp%2Fv2%2Fcomments&post=12883"}],"version-history":[{"count":1,"href":"https:\/\/baralivres.ma\/index.php?rest_route=\/wp\/v2\/product\/12883\/revisions"}],"predecessor-version":[{"id":12885,"href":"https:\/\/baralivres.ma\/index.php?rest_route=\/wp\/v2\/product\/12883\/revisions\/12885"}],"wp:featuredmedia":[{"embeddable":true,"href":"https:\/\/baralivres.ma\/index.php?rest_route=\/wp\/v2\/media\/12884"}],"wp:attachment":[{"href":"https:\/\/baralivres.ma\/index.php?rest_route=%2Fwp%2Fv2%2Fmedia&parent=12883"}],"wp:term":[{"taxonomy":"product_cat","embeddable":true,"href":"https:\/\/baralivres.ma\/index.php?rest_route=%2Fwp%2Fv2%2Fproduct_cat&post=12883"},{"taxonomy":"product_tag","embeddable":true,"href":"https:\/\/baralivres.ma\/index.php?rest_route=%2Fwp%2Fv2%2Fproduct_tag&post=12883"}],"curies":[{"name":"wp","href":"https:\/\/api.w.org\/{rel}","templated":true}]}}