{"id":12880,"date":"2023-09-12T10:37:07","date_gmt":"2023-09-12T09:37:07","guid":{"rendered":"https:\/\/baralivres.ma\/?post_type=product&#038;p=12880"},"modified":"2023-09-12T10:37:08","modified_gmt":"2023-09-12T09:37:08","slug":"mob-psycho-100-tome-3","status":"publish","type":"product","link":"https:\/\/baralivres.ma\/?product=mob-psycho-100-tome-3","title":{"rendered":"Mob psycho 100 Tome 3"},"content":{"rendered":"<p>Quelque chose est sur le point de se r\u00e9veiller \u00e0 l&rsquo;int\u00e9rieur de Mob&#8230; Apr\u00e8s avoir d\u00e9cid\u00e9 de ne pas utiliser ses pouvoirs face \u00e0 Teru, le chef de l&rsquo;ombre du coll\u00e8ge du Vinaigre noir, Mob a perdu connaissance. Alors que le combat semble termin\u00e9, quelque chose va se r\u00e9veiller en lui&#8230; !! Ritsu, quant \u00e0 lui, aimerait bien avoir des pouvoirs comme son fr\u00e8re, et il va se retrouver entra\u00een\u00e9 dans un \u00e9trange laboratoire&#8230;<\/p>\n","protected":false},"excerpt":{"rendered":"<p>Quelque chose est sur le point de se r\u00e9veiller \u00e0 l&rsquo;int\u00e9rieur de Mob&#8230; Apr\u00e8s avoir d\u00e9cid\u00e9 de ne pas utiliser ses pouvoirs face \u00e0 Teru, le chef de l&rsquo;ombre du coll\u00e8ge du Vinaigre noir, Mob a perdu connaissance. Alors que le combat semble termin\u00e9, quelque chose va se r\u00e9veiller en lui&#8230; !! Ritsu, quant \u00e0 lui, aimerait bien avoir des pouvoirs comme son fr\u00e8re, et il va se retrouver entra\u00een\u00e9 dans un \u00e9trange laboratoire&#8230;<\/p>\n","protected":false},"featured_media":12881,"comment_status":"open","ping_status":"closed","template":"","meta":{"inline_featured_image":false},"product_cat":[203,204,205],"product_tag":[],"class_list":{"0":"post-12880","1":"product","2":"type-product","3":"status-publish","4":"has-post-thumbnail","6":"product_cat-adolescente","7":"product_cat-francais","8":"product_cat-enfant-adolescente-francais","10":"first","11":"instock","12":"shipping-taxable","13":"purchasable","14":"product-type-simple"},"_links":{"self":[{"href":"https:\/\/baralivres.ma\/index.php?rest_route=\/wp\/v2\/product\/12880","targetHints":{"allow":["GET"]}}],"collection":[{"href":"https:\/\/baralivres.ma\/index.php?rest_route=\/wp\/v2\/product"}],"about":[{"href":"https:\/\/baralivres.ma\/index.php?rest_route=\/wp\/v2\/types\/product"}],"replies":[{"embeddable":true,"href":"https:\/\/baralivres.ma\/index.php?rest_route=%2Fwp%2Fv2%2Fcomments&post=12880"}],"version-history":[{"count":1,"href":"https:\/\/baralivres.ma\/index.php?rest_route=\/wp\/v2\/product\/12880\/revisions"}],"predecessor-version":[{"id":12882,"href":"https:\/\/baralivres.ma\/index.php?rest_route=\/wp\/v2\/product\/12880\/revisions\/12882"}],"wp:featuredmedia":[{"embeddable":true,"href":"https:\/\/baralivres.ma\/index.php?rest_route=\/wp\/v2\/media\/12881"}],"wp:attachment":[{"href":"https:\/\/baralivres.ma\/index.php?rest_route=%2Fwp%2Fv2%2Fmedia&parent=12880"}],"wp:term":[{"taxonomy":"product_cat","embeddable":true,"href":"https:\/\/baralivres.ma\/index.php?rest_route=%2Fwp%2Fv2%2Fproduct_cat&post=12880"},{"taxonomy":"product_tag","embeddable":true,"href":"https:\/\/baralivres.ma\/index.php?rest_route=%2Fwp%2Fv2%2Fproduct_tag&post=12880"}],"curies":[{"name":"wp","href":"https:\/\/api.w.org\/{rel}","templated":true}]}}