{"id":12877,"date":"2023-09-12T10:35:48","date_gmt":"2023-09-12T09:35:48","guid":{"rendered":"https:\/\/baralivres.ma\/?post_type=product&#038;p=12877"},"modified":"2023-09-12T10:35:49","modified_gmt":"2023-09-12T09:35:49","slug":"mob-psycho-100-tome-2","status":"publish","type":"product","link":"https:\/\/baralivres.ma\/?product=mob-psycho-100-tome-2","title":{"rendered":"MOB PSYCHO 100 TOME 2"},"content":{"rendered":"<h2 class=\"titreDescription col-xs-12 no-padding\"><\/h2>\n<div id=\"productDescription\" class=\"col-xs-12 no-padding\">\n<div class=\"productDescription col-xs-12\">\n<div class=\"productDescription-content col-xs-12\">\n<p class=\"description\">L&rsquo;ombre et la lumi\u00e8re, Mob et Teru&#8230;<br \/>\nDeux jeunes gar\u00e7ons dot\u00e9s de pouvoirs psychiques qui vont devoir s&rsquo;affronter.<br \/>\nShigeo Kageyama (alias Mob), un jeune gar\u00e7on taciturne, a an\u00e9anti la secte du Smiley gr\u00e2ce \u00e0 son attitude blas\u00e9e et \u00e0 ses impressionnants pouvoirs psychiques. Quant \u00e0 Teruki Hanazawa (alias Teru), chef de l&rsquo;ombre\u00a0<span id=\"js-showResume\" class=\"showResume\">du coll\u00e8ge du Vinaigre Noir, il a mis au tapis les voyous du coll\u00e8ge de Mob gr\u00e2ce \u00e0 ses incroyables pouvoirs. Que va-t-il se passer lorsque ces deux gar\u00e7ons dot\u00e9s de super pouvoirs vont se retrouver face \u00e0 face ?<\/span><\/p>\n<\/div>\n<\/div>\n<\/div>\n","protected":false},"excerpt":{"rendered":"<h2 class=\"titreDescription col-xs-12 no-padding\"><\/h2>\n<div id=\"productDescription\" class=\"col-xs-12 no-padding\">\n<div class=\"productDescription col-xs-12\">\n<div class=\"productDescription-content col-xs-12\">\n<p class=\"description\">L&rsquo;ombre et la lumi\u00e8re, Mob et Teru&#8230;<br \/>\nDeux jeunes gar\u00e7ons dot\u00e9s de pouvoirs psychiques qui vont devoir s&rsquo;affronter.<br \/>\nShigeo Kageyama (alias Mob), un jeune gar\u00e7on taciturne, a an\u00e9anti la secte du Smiley gr\u00e2ce \u00e0 son attitude blas\u00e9e et \u00e0 ses impressionnants pouvoirs psychiques. Quant \u00e0 Teruki Hanazawa (alias Teru), chef de l&rsquo;ombre\u00a0<span id=\"js-showResume\" class=\"showResume\">du coll\u00e8ge du Vinaigre Noir, il a mis au tapis les voyous du coll\u00e8ge de Mob gr\u00e2ce \u00e0 ses incroyables pouvoirs. Que va-t-il se passer lorsque ces deux gar\u00e7ons dot\u00e9s de super pouvoirs vont se retrouver face \u00e0 face ?<\/span><\/p>\n<\/div>\n<\/div>\n<\/div>\n","protected":false},"featured_media":12878,"comment_status":"open","ping_status":"closed","template":"","meta":{"inline_featured_image":false},"product_cat":[203,204,205],"product_tag":[],"class_list":{"0":"post-12877","1":"product","2":"type-product","3":"status-publish","4":"has-post-thumbnail","6":"product_cat-adolescente","7":"product_cat-francais","8":"product_cat-enfant-adolescente-francais","10":"first","11":"instock","12":"shipping-taxable","13":"purchasable","14":"product-type-simple"},"_links":{"self":[{"href":"https:\/\/baralivres.ma\/index.php?rest_route=\/wp\/v2\/product\/12877","targetHints":{"allow":["GET"]}}],"collection":[{"href":"https:\/\/baralivres.ma\/index.php?rest_route=\/wp\/v2\/product"}],"about":[{"href":"https:\/\/baralivres.ma\/index.php?rest_route=\/wp\/v2\/types\/product"}],"replies":[{"embeddable":true,"href":"https:\/\/baralivres.ma\/index.php?rest_route=%2Fwp%2Fv2%2Fcomments&post=12877"}],"version-history":[{"count":1,"href":"https:\/\/baralivres.ma\/index.php?rest_route=\/wp\/v2\/product\/12877\/revisions"}],"predecessor-version":[{"id":12879,"href":"https:\/\/baralivres.ma\/index.php?rest_route=\/wp\/v2\/product\/12877\/revisions\/12879"}],"wp:featuredmedia":[{"embeddable":true,"href":"https:\/\/baralivres.ma\/index.php?rest_route=\/wp\/v2\/media\/12878"}],"wp:attachment":[{"href":"https:\/\/baralivres.ma\/index.php?rest_route=%2Fwp%2Fv2%2Fmedia&parent=12877"}],"wp:term":[{"taxonomy":"product_cat","embeddable":true,"href":"https:\/\/baralivres.ma\/index.php?rest_route=%2Fwp%2Fv2%2Fproduct_cat&post=12877"},{"taxonomy":"product_tag","embeddable":true,"href":"https:\/\/baralivres.ma\/index.php?rest_route=%2Fwp%2Fv2%2Fproduct_tag&post=12877"}],"curies":[{"name":"wp","href":"https:\/\/api.w.org\/{rel}","templated":true}]}}