{"id":12871,"date":"2023-09-12T10:32:10","date_gmt":"2023-09-12T09:32:10","guid":{"rendered":"https:\/\/baralivres.ma\/?post_type=product&#038;p=12871"},"modified":"2024-04-03T12:33:42","modified_gmt":"2024-04-03T11:33:42","slug":"my-hero-academia-team-up-mission-t01","status":"publish","type":"product","link":"https:\/\/baralivres.ma\/?product=my-hero-academia-team-up-mission-t01","title":{"rendered":"My Hero Academia Team-up Mission T01"},"content":{"rendered":"<p>De nouvelles aventures in\u00e9dites des \u00e9l\u00e8ves de la Hero Academia !<\/p>\n<p>Avec la retraite forc\u00e9e d&rsquo;All Might, il est urgent de pr\u00e9parer la rel\u00e8ve. Un nouveau syst\u00e8me, baptis\u00e9 \u00ab\u00a0Team Up Mission&rsquo;, est mis en place pour tous les apprentis h\u00e9ros : ils formeront des groupes charg\u00e9s de patrouiller aux c\u00f4t\u00e9s des professionnels ! En plus de leur faire gagner une pr\u00e9cieuse exp\u00e9rience du terrain, cette organisation leur apprendra \u00e0 s&rsquo;adapter \u00e0 n&rsquo;importe quel partenaire.<\/p>\n","protected":false},"excerpt":{"rendered":"<p>De nouvelles aventures in\u00e9dites des \u00e9l\u00e8ves de la Hero Academia !<\/p>\n<p>Avec la retraite forc\u00e9e d&rsquo;All Might, il est urgent de pr\u00e9parer la rel\u00e8ve. Un nouveau syst\u00e8me, baptis\u00e9 \u00ab\u00a0Team Up Mission&rsquo;, est mis en place pour tous les apprentis h\u00e9ros : ils formeront des groupes charg\u00e9s de patrouiller aux c\u00f4t\u00e9s des professionnels ! En plus de leur faire gagner une pr\u00e9cieuse exp\u00e9rience du terrain, cette organisation leur apprendra \u00e0 s&rsquo;adapter \u00e0 n&rsquo;importe quel partenaire.<\/p>\n","protected":false},"featured_media":12872,"comment_status":"open","ping_status":"closed","template":"","meta":{"inline_featured_image":false},"product_cat":[203,204,205,3685],"product_tag":[],"class_list":{"0":"post-12871","1":"product","2":"type-product","3":"status-publish","4":"has-post-thumbnail","6":"product_cat-adolescente","7":"product_cat-francais","8":"product_cat-enfant-adolescente-francais","9":"product_cat-my-hero-academia","11":"first","12":"instock","13":"shipping-taxable","14":"purchasable","15":"product-type-simple"},"_links":{"self":[{"href":"https:\/\/baralivres.ma\/index.php?rest_route=\/wp\/v2\/product\/12871","targetHints":{"allow":["GET"]}}],"collection":[{"href":"https:\/\/baralivres.ma\/index.php?rest_route=\/wp\/v2\/product"}],"about":[{"href":"https:\/\/baralivres.ma\/index.php?rest_route=\/wp\/v2\/types\/product"}],"replies":[{"embeddable":true,"href":"https:\/\/baralivres.ma\/index.php?rest_route=%2Fwp%2Fv2%2Fcomments&post=12871"}],"version-history":[{"count":1,"href":"https:\/\/baralivres.ma\/index.php?rest_route=\/wp\/v2\/product\/12871\/revisions"}],"predecessor-version":[{"id":12873,"href":"https:\/\/baralivres.ma\/index.php?rest_route=\/wp\/v2\/product\/12871\/revisions\/12873"}],"wp:featuredmedia":[{"embeddable":true,"href":"https:\/\/baralivres.ma\/index.php?rest_route=\/wp\/v2\/media\/12872"}],"wp:attachment":[{"href":"https:\/\/baralivres.ma\/index.php?rest_route=%2Fwp%2Fv2%2Fmedia&parent=12871"}],"wp:term":[{"taxonomy":"product_cat","embeddable":true,"href":"https:\/\/baralivres.ma\/index.php?rest_route=%2Fwp%2Fv2%2Fproduct_cat&post=12871"},{"taxonomy":"product_tag","embeddable":true,"href":"https:\/\/baralivres.ma\/index.php?rest_route=%2Fwp%2Fv2%2Fproduct_tag&post=12871"}],"curies":[{"name":"wp","href":"https:\/\/api.w.org\/{rel}","templated":true}]}}