{"id":12862,"date":"2023-09-12T10:22:15","date_gmt":"2023-09-12T09:22:15","guid":{"rendered":"https:\/\/baralivres.ma\/?post_type=product&#038;p=12862"},"modified":"2023-09-12T10:22:15","modified_gmt":"2023-09-12T09:22:15","slug":"hunter-x-hunter-tome-37","status":"publish","type":"product","link":"https:\/\/baralivres.ma\/?product=hunter-x-hunter-tome-37","title":{"rendered":"Hunter X Hunter Tome 37"},"content":{"rendered":"<p>C&rsquo;est en ressentant des vibrations mena\u00e7antes que Kurapika fait passer les s\u00e9ances d&rsquo;entra\u00eenement au nen qu&rsquo;il dispense \u00e0 l&rsquo;\u00e9tape suivante. Pendant ce temps, chaque prince avance ses pions de son c\u00f4t\u00e9 et la guerre de succession devient de plus en plus s\u00e9rieuse. Enfin, dans les niveaux inf\u00e9rieurs du bateau, la Brigade fant\u00f4me se retrouve impliqu\u00e9e dans un conflit entre des clans mafieux&#8230;<\/p>\n","protected":false},"excerpt":{"rendered":"<p>C&rsquo;est en ressentant des vibrations mena\u00e7antes que Kurapika fait passer les s\u00e9ances d&rsquo;entra\u00eenement au nen qu&rsquo;il dispense \u00e0 l&rsquo;\u00e9tape suivante. Pendant ce temps, chaque prince avance ses pions de son c\u00f4t\u00e9 et la guerre de succession devient de plus en plus s\u00e9rieuse. Enfin, dans les niveaux inf\u00e9rieurs du bateau, la Brigade fant\u00f4me se retrouve impliqu\u00e9e dans un conflit entre des clans mafieux&#8230;<\/p>\n","protected":false},"featured_media":12863,"comment_status":"open","ping_status":"closed","template":"","meta":{"inline_featured_image":false},"product_cat":[203,204,205],"product_tag":[],"class_list":{"0":"post-12862","1":"product","2":"type-product","3":"status-publish","4":"has-post-thumbnail","6":"product_cat-adolescente","7":"product_cat-francais","8":"product_cat-enfant-adolescente-francais","10":"first","11":"instock","12":"shipping-taxable","13":"purchasable","14":"product-type-simple"},"_links":{"self":[{"href":"https:\/\/baralivres.ma\/index.php?rest_route=\/wp\/v2\/product\/12862","targetHints":{"allow":["GET"]}}],"collection":[{"href":"https:\/\/baralivres.ma\/index.php?rest_route=\/wp\/v2\/product"}],"about":[{"href":"https:\/\/baralivres.ma\/index.php?rest_route=\/wp\/v2\/types\/product"}],"replies":[{"embeddable":true,"href":"https:\/\/baralivres.ma\/index.php?rest_route=%2Fwp%2Fv2%2Fcomments&post=12862"}],"version-history":[{"count":1,"href":"https:\/\/baralivres.ma\/index.php?rest_route=\/wp\/v2\/product\/12862\/revisions"}],"predecessor-version":[{"id":12864,"href":"https:\/\/baralivres.ma\/index.php?rest_route=\/wp\/v2\/product\/12862\/revisions\/12864"}],"wp:featuredmedia":[{"embeddable":true,"href":"https:\/\/baralivres.ma\/index.php?rest_route=\/wp\/v2\/media\/12863"}],"wp:attachment":[{"href":"https:\/\/baralivres.ma\/index.php?rest_route=%2Fwp%2Fv2%2Fmedia&parent=12862"}],"wp:term":[{"taxonomy":"product_cat","embeddable":true,"href":"https:\/\/baralivres.ma\/index.php?rest_route=%2Fwp%2Fv2%2Fproduct_cat&post=12862"},{"taxonomy":"product_tag","embeddable":true,"href":"https:\/\/baralivres.ma\/index.php?rest_route=%2Fwp%2Fv2%2Fproduct_tag&post=12862"}],"curies":[{"name":"wp","href":"https:\/\/api.w.org\/{rel}","templated":true}]}}