{"id":12856,"date":"2023-09-12T10:19:47","date_gmt":"2023-09-12T09:19:47","guid":{"rendered":"https:\/\/baralivres.ma\/?post_type=product&#038;p=12856"},"modified":"2024-03-29T16:01:26","modified_gmt":"2024-03-29T15:01:26","slug":"hunter-x-hunter-tome-14","status":"publish","type":"product","link":"https:\/\/baralivres.ma\/?product=hunter-x-hunter-tome-14","title":{"rendered":"Hunter X Hunter Tome 14"},"content":{"rendered":"<p>\u00ab\u00a0Amuse-toi !\u00a0\u00bb. Voil\u00e0 le seul message que Jin a laiss\u00e9 \u00e0 Gon qui vient enfin de p\u00e9n\u00e9trer dans le jeu Greed Island. Au coeur d\u2019un univers inconnu, Gon et Kirua n\u2019ont qu\u2019un seul leitmotiv: aller de l\u2019avant. Ils rencontrent alors d\u2019autres joueurs mais l\u2019un d\u2019eux attaque Kirua\u2026 !<\/p>\n","protected":false},"excerpt":{"rendered":"<p>\u00ab\u00a0Amuse-toi !\u00a0\u00bb. Voil\u00e0 le seul message que Jin a laiss\u00e9 \u00e0 Gon qui vient enfin de p\u00e9n\u00e9trer dans le jeu Greed Island. Au coeur d\u2019un univers inconnu, Gon et Kirua n\u2019ont qu\u2019un seul leitmotiv: aller de l\u2019avant. Ils rencontrent alors d\u2019autres joueurs mais l\u2019un d\u2019eux attaque Kirua\u2026 !<\/p>\n","protected":false},"featured_media":12857,"comment_status":"open","ping_status":"closed","template":"","meta":{"inline_featured_image":false},"product_cat":[203,204,205,3682],"product_tag":[],"class_list":{"0":"post-12856","1":"product","2":"type-product","3":"status-publish","4":"has-post-thumbnail","6":"product_cat-adolescente","7":"product_cat-francais","8":"product_cat-enfant-adolescente-francais","9":"product_cat-hunter-hunter","11":"first","12":"instock","13":"shipping-taxable","14":"purchasable","15":"product-type-simple"},"_links":{"self":[{"href":"https:\/\/baralivres.ma\/index.php?rest_route=\/wp\/v2\/product\/12856","targetHints":{"allow":["GET"]}}],"collection":[{"href":"https:\/\/baralivres.ma\/index.php?rest_route=\/wp\/v2\/product"}],"about":[{"href":"https:\/\/baralivres.ma\/index.php?rest_route=\/wp\/v2\/types\/product"}],"replies":[{"embeddable":true,"href":"https:\/\/baralivres.ma\/index.php?rest_route=%2Fwp%2Fv2%2Fcomments&post=12856"}],"version-history":[{"count":1,"href":"https:\/\/baralivres.ma\/index.php?rest_route=\/wp\/v2\/product\/12856\/revisions"}],"predecessor-version":[{"id":12858,"href":"https:\/\/baralivres.ma\/index.php?rest_route=\/wp\/v2\/product\/12856\/revisions\/12858"}],"wp:featuredmedia":[{"embeddable":true,"href":"https:\/\/baralivres.ma\/index.php?rest_route=\/wp\/v2\/media\/12857"}],"wp:attachment":[{"href":"https:\/\/baralivres.ma\/index.php?rest_route=%2Fwp%2Fv2%2Fmedia&parent=12856"}],"wp:term":[{"taxonomy":"product_cat","embeddable":true,"href":"https:\/\/baralivres.ma\/index.php?rest_route=%2Fwp%2Fv2%2Fproduct_cat&post=12856"},{"taxonomy":"product_tag","embeddable":true,"href":"https:\/\/baralivres.ma\/index.php?rest_route=%2Fwp%2Fv2%2Fproduct_tag&post=12856"}],"curies":[{"name":"wp","href":"https:\/\/api.w.org\/{rel}","templated":true}]}}