{"id":12853,"date":"2023-09-12T10:17:51","date_gmt":"2023-09-12T09:17:51","guid":{"rendered":"https:\/\/baralivres.ma\/?post_type=product&#038;p=12853"},"modified":"2024-03-29T16:01:26","modified_gmt":"2024-03-29T15:01:26","slug":"hunter-x-hunter-tome-12","status":"publish","type":"product","link":"https:\/\/baralivres.ma\/?product=hunter-x-hunter-tome-12","title":{"rendered":"Hunter X Hunter Tome 12"},"content":{"rendered":"<p>Les cadavres des araign\u00e9es \u00e9taient faux ! Gon et ses compagnons l&rsquo;apprennent de la bouche d&rsquo;Hisoka. La vengeance de Kurapika n&rsquo;est donc pas accomplie et celle qui p\u00e8se sur lui toujours bien pr\u00e9sente. Gon veut essayer de stopper la brigade et par l\u00e0 m\u00eame r\u00e9fr\u00e9ner les pulsions de son ami mais&#8230;<\/p>\n","protected":false},"excerpt":{"rendered":"<p>Les cadavres des araign\u00e9es \u00e9taient faux ! Gon et ses compagnons l&rsquo;apprennent de la bouche d&rsquo;Hisoka. La vengeance de Kurapika n&rsquo;est donc pas accomplie et celle qui p\u00e8se sur lui toujours bien pr\u00e9sente. Gon veut essayer de stopper la brigade et par l\u00e0 m\u00eame r\u00e9fr\u00e9ner les pulsions de son ami mais&#8230;<\/p>\n","protected":false},"featured_media":12854,"comment_status":"open","ping_status":"closed","template":"","meta":{"inline_featured_image":false},"product_cat":[203,204,205,3682],"product_tag":[],"class_list":{"0":"post-12853","1":"product","2":"type-product","3":"status-publish","4":"has-post-thumbnail","6":"product_cat-adolescente","7":"product_cat-francais","8":"product_cat-enfant-adolescente-francais","9":"product_cat-hunter-hunter","11":"first","12":"instock","13":"shipping-taxable","14":"purchasable","15":"product-type-simple"},"_links":{"self":[{"href":"https:\/\/baralivres.ma\/index.php?rest_route=\/wp\/v2\/product\/12853","targetHints":{"allow":["GET"]}}],"collection":[{"href":"https:\/\/baralivres.ma\/index.php?rest_route=\/wp\/v2\/product"}],"about":[{"href":"https:\/\/baralivres.ma\/index.php?rest_route=\/wp\/v2\/types\/product"}],"replies":[{"embeddable":true,"href":"https:\/\/baralivres.ma\/index.php?rest_route=%2Fwp%2Fv2%2Fcomments&post=12853"}],"version-history":[{"count":1,"href":"https:\/\/baralivres.ma\/index.php?rest_route=\/wp\/v2\/product\/12853\/revisions"}],"predecessor-version":[{"id":12855,"href":"https:\/\/baralivres.ma\/index.php?rest_route=\/wp\/v2\/product\/12853\/revisions\/12855"}],"wp:featuredmedia":[{"embeddable":true,"href":"https:\/\/baralivres.ma\/index.php?rest_route=\/wp\/v2\/media\/12854"}],"wp:attachment":[{"href":"https:\/\/baralivres.ma\/index.php?rest_route=%2Fwp%2Fv2%2Fmedia&parent=12853"}],"wp:term":[{"taxonomy":"product_cat","embeddable":true,"href":"https:\/\/baralivres.ma\/index.php?rest_route=%2Fwp%2Fv2%2Fproduct_cat&post=12853"},{"taxonomy":"product_tag","embeddable":true,"href":"https:\/\/baralivres.ma\/index.php?rest_route=%2Fwp%2Fv2%2Fproduct_tag&post=12853"}],"curies":[{"name":"wp","href":"https:\/\/api.w.org\/{rel}","templated":true}]}}