{"id":12850,"date":"2023-09-12T10:16:13","date_gmt":"2023-09-12T09:16:13","guid":{"rendered":"https:\/\/baralivres.ma\/?post_type=product&#038;p=12850"},"modified":"2024-03-29T16:01:26","modified_gmt":"2024-03-29T15:01:26","slug":"hunter-x-hunter-tome-13","status":"publish","type":"product","link":"https:\/\/baralivres.ma\/?product=hunter-x-hunter-tome-13","title":{"rendered":"Hunter X Hunter Tome 13"},"content":{"rendered":"<p>M\u00eame avec la t\u00eate coup\u00e9e, l&rsquo;araign\u00e9e continue de marcher&#8230; Kurapika a captur\u00e9 le chef de la brigade, qui lui r\u00e9v\u00e8le que celle-ci continuera d&rsquo;exister, m\u00eame sans lui. Pour secourir Gon et Kiura, Kurapika va-t-il parier sur la valeur du chef comme otage ?<\/p>\n","protected":false},"excerpt":{"rendered":"<p>M\u00eame avec la t\u00eate coup\u00e9e, l&rsquo;araign\u00e9e continue de marcher&#8230; Kurapika a captur\u00e9 le chef de la brigade, qui lui r\u00e9v\u00e8le que celle-ci continuera d&rsquo;exister, m\u00eame sans lui. Pour secourir Gon et Kiura, Kurapika va-t-il parier sur la valeur du chef comme otage ?<\/p>\n","protected":false},"featured_media":12851,"comment_status":"open","ping_status":"closed","template":"","meta":{"inline_featured_image":false},"product_cat":[203,204,205,3682],"product_tag":[],"class_list":{"0":"post-12850","1":"product","2":"type-product","3":"status-publish","4":"has-post-thumbnail","6":"product_cat-adolescente","7":"product_cat-francais","8":"product_cat-enfant-adolescente-francais","9":"product_cat-hunter-hunter","11":"first","12":"instock","13":"shipping-taxable","14":"purchasable","15":"product-type-simple"},"_links":{"self":[{"href":"https:\/\/baralivres.ma\/index.php?rest_route=\/wp\/v2\/product\/12850","targetHints":{"allow":["GET"]}}],"collection":[{"href":"https:\/\/baralivres.ma\/index.php?rest_route=\/wp\/v2\/product"}],"about":[{"href":"https:\/\/baralivres.ma\/index.php?rest_route=\/wp\/v2\/types\/product"}],"replies":[{"embeddable":true,"href":"https:\/\/baralivres.ma\/index.php?rest_route=%2Fwp%2Fv2%2Fcomments&post=12850"}],"version-history":[{"count":1,"href":"https:\/\/baralivres.ma\/index.php?rest_route=\/wp\/v2\/product\/12850\/revisions"}],"predecessor-version":[{"id":12852,"href":"https:\/\/baralivres.ma\/index.php?rest_route=\/wp\/v2\/product\/12850\/revisions\/12852"}],"wp:featuredmedia":[{"embeddable":true,"href":"https:\/\/baralivres.ma\/index.php?rest_route=\/wp\/v2\/media\/12851"}],"wp:attachment":[{"href":"https:\/\/baralivres.ma\/index.php?rest_route=%2Fwp%2Fv2%2Fmedia&parent=12850"}],"wp:term":[{"taxonomy":"product_cat","embeddable":true,"href":"https:\/\/baralivres.ma\/index.php?rest_route=%2Fwp%2Fv2%2Fproduct_cat&post=12850"},{"taxonomy":"product_tag","embeddable":true,"href":"https:\/\/baralivres.ma\/index.php?rest_route=%2Fwp%2Fv2%2Fproduct_tag&post=12850"}],"curies":[{"name":"wp","href":"https:\/\/api.w.org\/{rel}","templated":true}]}}