{"id":12844,"date":"2023-09-12T10:11:58","date_gmt":"2023-09-12T09:11:58","guid":{"rendered":"https:\/\/baralivres.ma\/?post_type=product&#038;p=12844"},"modified":"2024-03-29T16:01:25","modified_gmt":"2024-03-29T15:01:25","slug":"hunter-x-hunter-tome-16","status":"publish","type":"product","link":"https:\/\/baralivres.ma\/?product=hunter-x-hunter-tome-16","title":{"rendered":"Hunter X Hunter &#8211; Tome 16"},"content":{"rendered":"<p><span class=\"a-text-italic\">61 cartes en notre possession dont 51 de type diff\u00e9rent! Gon et Kirua se sont habitu\u00e9s \u00e0 l&rsquo;univers de G.I. et progressent \u00e0 un bon rythme en se procurant de nombreuses cartes.<\/span>\u00a0.\u00a0<span class=\"a-text-italic\">Parall\u00e8lement, les n\u00e9gociations ont commenc\u00e9 entre le clan Tsezugera et le clan Genthru qui est sur le point de compl\u00e9ter son classeur&#8230;?!<\/span>\u00a0.<\/p>\n","protected":false},"excerpt":{"rendered":"<p><span class=\"a-text-italic\">61 cartes en notre possession dont 51 de type diff\u00e9rent! Gon et Kirua se sont habitu\u00e9s \u00e0 l&rsquo;univers de G.I. et progressent \u00e0 un bon rythme en se procurant de nombreuses cartes.<\/span>\u00a0.\u00a0<span class=\"a-text-italic\">Parall\u00e8lement, les n\u00e9gociations ont commenc\u00e9 entre le clan Tsezugera et le clan Genthru qui est sur le point de compl\u00e9ter son classeur&#8230;?!<\/span>\u00a0.<\/p>\n","protected":false},"featured_media":12845,"comment_status":"open","ping_status":"closed","template":"","meta":{"inline_featured_image":false},"product_cat":[203,204,205,3682],"product_tag":[],"class_list":{"0":"post-12844","1":"product","2":"type-product","3":"status-publish","4":"has-post-thumbnail","6":"product_cat-adolescente","7":"product_cat-francais","8":"product_cat-enfant-adolescente-francais","9":"product_cat-hunter-hunter","11":"first","12":"instock","13":"shipping-taxable","14":"purchasable","15":"product-type-simple"},"_links":{"self":[{"href":"https:\/\/baralivres.ma\/index.php?rest_route=\/wp\/v2\/product\/12844","targetHints":{"allow":["GET"]}}],"collection":[{"href":"https:\/\/baralivres.ma\/index.php?rest_route=\/wp\/v2\/product"}],"about":[{"href":"https:\/\/baralivres.ma\/index.php?rest_route=\/wp\/v2\/types\/product"}],"replies":[{"embeddable":true,"href":"https:\/\/baralivres.ma\/index.php?rest_route=%2Fwp%2Fv2%2Fcomments&post=12844"}],"version-history":[{"count":1,"href":"https:\/\/baralivres.ma\/index.php?rest_route=\/wp\/v2\/product\/12844\/revisions"}],"predecessor-version":[{"id":12846,"href":"https:\/\/baralivres.ma\/index.php?rest_route=\/wp\/v2\/product\/12844\/revisions\/12846"}],"wp:featuredmedia":[{"embeddable":true,"href":"https:\/\/baralivres.ma\/index.php?rest_route=\/wp\/v2\/media\/12845"}],"wp:attachment":[{"href":"https:\/\/baralivres.ma\/index.php?rest_route=%2Fwp%2Fv2%2Fmedia&parent=12844"}],"wp:term":[{"taxonomy":"product_cat","embeddable":true,"href":"https:\/\/baralivres.ma\/index.php?rest_route=%2Fwp%2Fv2%2Fproduct_cat&post=12844"},{"taxonomy":"product_tag","embeddable":true,"href":"https:\/\/baralivres.ma\/index.php?rest_route=%2Fwp%2Fv2%2Fproduct_tag&post=12844"}],"curies":[{"name":"wp","href":"https:\/\/api.w.org\/{rel}","templated":true}]}}