{"id":12838,"date":"2023-09-12T10:08:12","date_gmt":"2023-09-12T09:08:12","guid":{"rendered":"https:\/\/baralivres.ma\/?post_type=product&#038;p=12838"},"modified":"2024-03-29T16:01:28","modified_gmt":"2024-03-29T15:01:28","slug":"hunter-x-hunter-tome-19","status":"publish","type":"product","link":"https:\/\/baralivres.ma\/?product=hunter-x-hunter-tome-19","title":{"rendered":"Hunter X Hunter Tome 19"},"content":{"rendered":"<p>Autant commencer par le point le plus n\u00e9gatif de ce tome : pourquoi continuer \u00e0 mettre en couverture des personnages qui restent d\u00e9sesp\u00e9r\u00e9ment absents de la s\u00e9rie depuis des lustres ? A la vue de celle ci on pourrait esp\u00e9rer un retour de L\u00e9olio, mais il n\u2019en est rien&#8230;vraiment d\u00e9cevant !<\/p>\n","protected":false},"excerpt":{"rendered":"<p>Autant commencer par le point le plus n\u00e9gatif de ce tome : pourquoi continuer \u00e0 mettre en couverture des personnages qui restent d\u00e9sesp\u00e9r\u00e9ment absents de la s\u00e9rie depuis des lustres ? A la vue de celle ci on pourrait esp\u00e9rer un retour de L\u00e9olio, mais il n\u2019en est rien&#8230;vraiment d\u00e9cevant !<\/p>\n","protected":false},"featured_media":12839,"comment_status":"open","ping_status":"closed","template":"","meta":{"inline_featured_image":false},"product_cat":[203,204,205,3682],"product_tag":[],"class_list":{"0":"post-12838","1":"product","2":"type-product","3":"status-publish","4":"has-post-thumbnail","6":"product_cat-adolescente","7":"product_cat-francais","8":"product_cat-enfant-adolescente-francais","9":"product_cat-hunter-hunter","11":"first","12":"instock","13":"shipping-taxable","14":"purchasable","15":"product-type-simple"},"_links":{"self":[{"href":"https:\/\/baralivres.ma\/index.php?rest_route=\/wp\/v2\/product\/12838","targetHints":{"allow":["GET"]}}],"collection":[{"href":"https:\/\/baralivres.ma\/index.php?rest_route=\/wp\/v2\/product"}],"about":[{"href":"https:\/\/baralivres.ma\/index.php?rest_route=\/wp\/v2\/types\/product"}],"replies":[{"embeddable":true,"href":"https:\/\/baralivres.ma\/index.php?rest_route=%2Fwp%2Fv2%2Fcomments&post=12838"}],"version-history":[{"count":1,"href":"https:\/\/baralivres.ma\/index.php?rest_route=\/wp\/v2\/product\/12838\/revisions"}],"predecessor-version":[{"id":12840,"href":"https:\/\/baralivres.ma\/index.php?rest_route=\/wp\/v2\/product\/12838\/revisions\/12840"}],"wp:featuredmedia":[{"embeddable":true,"href":"https:\/\/baralivres.ma\/index.php?rest_route=\/wp\/v2\/media\/12839"}],"wp:attachment":[{"href":"https:\/\/baralivres.ma\/index.php?rest_route=%2Fwp%2Fv2%2Fmedia&parent=12838"}],"wp:term":[{"taxonomy":"product_cat","embeddable":true,"href":"https:\/\/baralivres.ma\/index.php?rest_route=%2Fwp%2Fv2%2Fproduct_cat&post=12838"},{"taxonomy":"product_tag","embeddable":true,"href":"https:\/\/baralivres.ma\/index.php?rest_route=%2Fwp%2Fv2%2Fproduct_tag&post=12838"}],"curies":[{"name":"wp","href":"https:\/\/api.w.org\/{rel}","templated":true}]}}