{"id":12832,"date":"2023-09-12T10:04:13","date_gmt":"2023-09-12T09:04:13","guid":{"rendered":"https:\/\/baralivres.ma\/?post_type=product&#038;p=12832"},"modified":"2024-03-29T16:01:28","modified_gmt":"2024-03-29T15:01:28","slug":"hunter-x-hunter-tome-20","status":"publish","type":"product","link":"https:\/\/baralivres.ma\/?product=hunter-x-hunter-tome-20","title":{"rendered":"Hunter X Hunter Tome 20"},"content":{"rendered":"<p>Battre Knuckle et Shoot et voler le sceau\u2026 !! Temps imparti : un mois !! C\u2019est la condition impos\u00e9e par N\u00e9t\u00e9ro pour que Gon et Kirua puissent revenir \u00e0 NGL. Nos amis retournent aupr\u00e8s de Biscuit et suivent un entra\u00eenement intensif. \u00c0 NGL, le corps exp\u00e9ditionnaire est pass\u00e9 \u00e0 l\u2019action, mais\u2026 ?!<\/p>\n","protected":false},"excerpt":{"rendered":"<p>Battre Knuckle et Shoot et voler le sceau\u2026 !! Temps imparti : un mois !! C\u2019est la condition impos\u00e9e par N\u00e9t\u00e9ro pour que Gon et Kirua puissent revenir \u00e0 NGL. Nos amis retournent aupr\u00e8s de Biscuit et suivent un entra\u00eenement intensif. \u00c0 NGL, le corps exp\u00e9ditionnaire est pass\u00e9 \u00e0 l\u2019action, mais\u2026 ?!<\/p>\n","protected":false},"featured_media":12833,"comment_status":"open","ping_status":"closed","template":"","meta":{"inline_featured_image":false},"product_cat":[203,204,205,3682],"product_tag":[],"class_list":{"0":"post-12832","1":"product","2":"type-product","3":"status-publish","4":"has-post-thumbnail","6":"product_cat-adolescente","7":"product_cat-francais","8":"product_cat-enfant-adolescente-francais","9":"product_cat-hunter-hunter","11":"first","12":"instock","13":"shipping-taxable","14":"purchasable","15":"product-type-simple"},"_links":{"self":[{"href":"https:\/\/baralivres.ma\/index.php?rest_route=\/wp\/v2\/product\/12832","targetHints":{"allow":["GET"]}}],"collection":[{"href":"https:\/\/baralivres.ma\/index.php?rest_route=\/wp\/v2\/product"}],"about":[{"href":"https:\/\/baralivres.ma\/index.php?rest_route=\/wp\/v2\/types\/product"}],"replies":[{"embeddable":true,"href":"https:\/\/baralivres.ma\/index.php?rest_route=%2Fwp%2Fv2%2Fcomments&post=12832"}],"version-history":[{"count":1,"href":"https:\/\/baralivres.ma\/index.php?rest_route=\/wp\/v2\/product\/12832\/revisions"}],"predecessor-version":[{"id":12834,"href":"https:\/\/baralivres.ma\/index.php?rest_route=\/wp\/v2\/product\/12832\/revisions\/12834"}],"wp:featuredmedia":[{"embeddable":true,"href":"https:\/\/baralivres.ma\/index.php?rest_route=\/wp\/v2\/media\/12833"}],"wp:attachment":[{"href":"https:\/\/baralivres.ma\/index.php?rest_route=%2Fwp%2Fv2%2Fmedia&parent=12832"}],"wp:term":[{"taxonomy":"product_cat","embeddable":true,"href":"https:\/\/baralivres.ma\/index.php?rest_route=%2Fwp%2Fv2%2Fproduct_cat&post=12832"},{"taxonomy":"product_tag","embeddable":true,"href":"https:\/\/baralivres.ma\/index.php?rest_route=%2Fwp%2Fv2%2Fproduct_tag&post=12832"}],"curies":[{"name":"wp","href":"https:\/\/api.w.org\/{rel}","templated":true}]}}