{"id":12825,"date":"2023-09-11T17:37:36","date_gmt":"2023-09-11T16:37:36","guid":{"rendered":"https:\/\/baralivres.ma\/?post_type=product&#038;p=12825"},"modified":"2024-03-29T15:49:19","modified_gmt":"2024-03-29T14:49:19","slug":"jujutsu-kaisen-tome-2","status":"publish","type":"product","link":"https:\/\/baralivres.ma\/?product=jujutsu-kaisen-tome-2","title":{"rendered":"Jujutsu Kaisen Tome 2"},"content":{"rendered":"<p>D\u00e9sormais admis au sein de l&rsquo;\u00e9cole d&rsquo;exorcisme de Tokyo, Yuji se voit confier sa premi\u00e8re mission aux c\u00f4t\u00e9s de Megumi et de Nobara secourir de jeunes prisonniers pi\u00e9g\u00e9s dans un centre de d\u00e9tention avec un fl\u00e9au&#8230; H\u00e9las, ce n&rsquo;est rien de moins qu&rsquo;un classe S qui a pris possession des lieux ! La situation d\u00e9g\u00e9n\u00e8re rapidement, et la petite \u00e9quipe est r\u00e9duite \u00e0 l&rsquo;impuissance. Pour esp\u00e9rer s&rsquo;en sortir, Yuji n&rsquo;a plus d&rsquo;autre option que de remettre sa vie entre les mains de Sukuna, le d\u00e9mon \u00e0 deux visages&#8230;<br \/>\nMais quel sera le prix \u00e0 payer ?<\/p>\n","protected":false},"excerpt":{"rendered":"<p>D\u00e9sormais admis au sein de l&rsquo;\u00e9cole d&rsquo;exorcisme de Tokyo, Yuji se voit confier sa premi\u00e8re mission aux c\u00f4t\u00e9s de Megumi et de Nobara secourir de jeunes prisonniers pi\u00e9g\u00e9s dans un centre de d\u00e9tention avec un fl\u00e9au&#8230; H\u00e9las, ce n&rsquo;est rien de moins qu&rsquo;un classe S qui a pris possession des lieux ! La situation d\u00e9g\u00e9n\u00e8re rapidement, et la petite \u00e9quipe est r\u00e9duite \u00e0 l&rsquo;impuissance. Pour esp\u00e9rer s&rsquo;en sortir, Yuji n&rsquo;a plus d&rsquo;autre option que de remettre sa vie entre les mains de Sukuna, le d\u00e9mon \u00e0 deux visages&#8230;<br \/>\nMais quel sera le prix \u00e0 payer ?<\/p>\n","protected":false},"featured_media":12826,"comment_status":"open","ping_status":"closed","template":"","meta":{"inline_featured_image":false},"product_cat":[203,204,205,3681],"product_tag":[],"class_list":{"0":"post-12825","1":"product","2":"type-product","3":"status-publish","4":"has-post-thumbnail","6":"product_cat-adolescente","7":"product_cat-francais","8":"product_cat-enfant-adolescente-francais","9":"product_cat-jujutsu-kaisen","11":"first","12":"instock","13":"shipping-taxable","14":"purchasable","15":"product-type-simple"},"_links":{"self":[{"href":"https:\/\/baralivres.ma\/index.php?rest_route=\/wp\/v2\/product\/12825","targetHints":{"allow":["GET"]}}],"collection":[{"href":"https:\/\/baralivres.ma\/index.php?rest_route=\/wp\/v2\/product"}],"about":[{"href":"https:\/\/baralivres.ma\/index.php?rest_route=\/wp\/v2\/types\/product"}],"replies":[{"embeddable":true,"href":"https:\/\/baralivres.ma\/index.php?rest_route=%2Fwp%2Fv2%2Fcomments&post=12825"}],"version-history":[{"count":1,"href":"https:\/\/baralivres.ma\/index.php?rest_route=\/wp\/v2\/product\/12825\/revisions"}],"predecessor-version":[{"id":12827,"href":"https:\/\/baralivres.ma\/index.php?rest_route=\/wp\/v2\/product\/12825\/revisions\/12827"}],"wp:featuredmedia":[{"embeddable":true,"href":"https:\/\/baralivres.ma\/index.php?rest_route=\/wp\/v2\/media\/12826"}],"wp:attachment":[{"href":"https:\/\/baralivres.ma\/index.php?rest_route=%2Fwp%2Fv2%2Fmedia&parent=12825"}],"wp:term":[{"taxonomy":"product_cat","embeddable":true,"href":"https:\/\/baralivres.ma\/index.php?rest_route=%2Fwp%2Fv2%2Fproduct_cat&post=12825"},{"taxonomy":"product_tag","embeddable":true,"href":"https:\/\/baralivres.ma\/index.php?rest_route=%2Fwp%2Fv2%2Fproduct_tag&post=12825"}],"curies":[{"name":"wp","href":"https:\/\/api.w.org\/{rel}","templated":true}]}}