{"id":12822,"date":"2023-09-11T17:36:29","date_gmt":"2023-09-11T16:36:29","guid":{"rendered":"https:\/\/baralivres.ma\/?post_type=product&#038;p=12822"},"modified":"2024-03-29T15:41:58","modified_gmt":"2024-03-29T14:41:58","slug":"jujutsu-kaisen-tome-0-2","status":"publish","type":"product","link":"https:\/\/baralivres.ma\/?product=jujutsu-kaisen-tome-0-2","title":{"rendered":"Jujutsu Kaisen Tome 0"},"content":{"rendered":"<p>Engloutir les t\u00e9n\u00e8bres pour mieux les combattre ! A 16 ans, Yuta Okkotsu est un gar\u00e7on un peu particulier. L&rsquo;adolescent est en effet hant\u00e9 par un fl\u00e9au, un esprit extr\u00eamement dangereux qui n&rsquo;h\u00e9site pas \u00e0 s&rsquo;en prendre \u00e0 tous ceux qui voudraient faire du mal \u00e0 son h\u00f4te ! Et pour cause&#8230; la cr\u00e9ature en question n&rsquo;est autre que le fant\u00f4me de son amie d&rsquo;enfance, Rika, d\u00e9c\u00e9d\u00e9e dans d&rsquo;horribles circonstances.<br \/>\nDans ces conditions, difficile pour le lyc\u00e9en de mener une vie normale ! Apr\u00e8s un \u00e9ni\u00e8me accident caus\u00e9 dans son \u00e9tablissement, Yuta est r\u00e9cup\u00e9r\u00e9 par un certain Satoru Gojo, professeur \u00e0 l&rsquo;\u00e9cole d&rsquo;exorcisme de Tokyo, qui d\u00e9cide de lui apprendre \u00e0 ma\u00eetriser l&rsquo;\u00e9nergie occulte.<\/p>\n","protected":false},"excerpt":{"rendered":"<p>Engloutir les t\u00e9n\u00e8bres pour mieux les combattre ! A 16 ans, Yuta Okkotsu est un gar\u00e7on un peu particulier. L&rsquo;adolescent est en effet hant\u00e9 par un fl\u00e9au, un esprit extr\u00eamement dangereux qui n&rsquo;h\u00e9site pas \u00e0 s&rsquo;en prendre \u00e0 tous ceux qui voudraient faire du mal \u00e0 son h\u00f4te ! Et pour cause&#8230; la cr\u00e9ature en question n&rsquo;est autre que le fant\u00f4me de son amie d&rsquo;enfance, Rika, d\u00e9c\u00e9d\u00e9e dans d&rsquo;horribles circonstances.<\/p>\n","protected":false},"featured_media":12823,"comment_status":"open","ping_status":"closed","template":"","meta":{"inline_featured_image":false},"product_cat":[203,204,205,3681],"product_tag":[],"class_list":{"0":"post-12822","1":"product","2":"type-product","3":"status-publish","4":"has-post-thumbnail","6":"product_cat-adolescente","7":"product_cat-francais","8":"product_cat-enfant-adolescente-francais","9":"product_cat-jujutsu-kaisen","11":"first","12":"instock","13":"shipping-taxable","14":"purchasable","15":"product-type-simple"},"_links":{"self":[{"href":"https:\/\/baralivres.ma\/index.php?rest_route=\/wp\/v2\/product\/12822","targetHints":{"allow":["GET"]}}],"collection":[{"href":"https:\/\/baralivres.ma\/index.php?rest_route=\/wp\/v2\/product"}],"about":[{"href":"https:\/\/baralivres.ma\/index.php?rest_route=\/wp\/v2\/types\/product"}],"replies":[{"embeddable":true,"href":"https:\/\/baralivres.ma\/index.php?rest_route=%2Fwp%2Fv2%2Fcomments&post=12822"}],"version-history":[{"count":1,"href":"https:\/\/baralivres.ma\/index.php?rest_route=\/wp\/v2\/product\/12822\/revisions"}],"predecessor-version":[{"id":12824,"href":"https:\/\/baralivres.ma\/index.php?rest_route=\/wp\/v2\/product\/12822\/revisions\/12824"}],"wp:featuredmedia":[{"embeddable":true,"href":"https:\/\/baralivres.ma\/index.php?rest_route=\/wp\/v2\/media\/12823"}],"wp:attachment":[{"href":"https:\/\/baralivres.ma\/index.php?rest_route=%2Fwp%2Fv2%2Fmedia&parent=12822"}],"wp:term":[{"taxonomy":"product_cat","embeddable":true,"href":"https:\/\/baralivres.ma\/index.php?rest_route=%2Fwp%2Fv2%2Fproduct_cat&post=12822"},{"taxonomy":"product_tag","embeddable":true,"href":"https:\/\/baralivres.ma\/index.php?rest_route=%2Fwp%2Fv2%2Fproduct_tag&post=12822"}],"curies":[{"name":"wp","href":"https:\/\/api.w.org\/{rel}","templated":true}]}}