{"id":12819,"date":"2023-09-11T17:35:00","date_gmt":"2023-09-11T16:35:00","guid":{"rendered":"https:\/\/baralivres.ma\/?post_type=product&#038;p=12819"},"modified":"2023-09-11T17:35:01","modified_gmt":"2023-09-11T16:35:01","slug":"tenjin-tome-1","status":"publish","type":"product","link":"https:\/\/baralivres.ma\/?product=tenjin-tome-1","title":{"rendered":"Tenjin Tome 1"},"content":{"rendered":"<p>Riku Sakagami est fils et petit-fils de pilotes militaires. Il r\u00eave, lui aussi, de manoeuvrer un avion de chasse ! A l&rsquo;\u00e9cole de formation, d\u00e8s le premier vol, Riku fait la preuve d&rsquo;aptitudes inn\u00e9es exceptionnelles. Ce qui n&rsquo;\u00e9chappera pas \u00e0 ses instructeurs mais \u00e9galement \u00e0 Hayari, la meilleure recrue de l&rsquo;\u00e9cole, qui pourrait bien voir en lui un rival<\/p>\n","protected":false},"excerpt":{"rendered":"<p>Riku Sakagami est fils et petit-fils de pilotes militaires. Il r\u00eave, lui aussi, de manoeuvrer un avion de chasse ! A l&rsquo;\u00e9cole de formation, d\u00e8s le premier vol, Riku fait la preuve d&rsquo;aptitudes inn\u00e9es exceptionnelles. Ce qui n&rsquo;\u00e9chappera pas \u00e0 ses instructeurs mais \u00e9galement \u00e0 Hayari, la meilleure recrue de l&rsquo;\u00e9cole, qui pourrait bien voir en lui un rival !<\/p>\n","protected":false},"featured_media":12820,"comment_status":"open","ping_status":"closed","template":"","meta":{"inline_featured_image":false},"product_cat":[203,204,205],"product_tag":[],"class_list":{"0":"post-12819","1":"product","2":"type-product","3":"status-publish","4":"has-post-thumbnail","6":"product_cat-adolescente","7":"product_cat-francais","8":"product_cat-enfant-adolescente-francais","10":"first","11":"instock","12":"shipping-taxable","13":"purchasable","14":"product-type-simple"},"_links":{"self":[{"href":"https:\/\/baralivres.ma\/index.php?rest_route=\/wp\/v2\/product\/12819","targetHints":{"allow":["GET"]}}],"collection":[{"href":"https:\/\/baralivres.ma\/index.php?rest_route=\/wp\/v2\/product"}],"about":[{"href":"https:\/\/baralivres.ma\/index.php?rest_route=\/wp\/v2\/types\/product"}],"replies":[{"embeddable":true,"href":"https:\/\/baralivres.ma\/index.php?rest_route=%2Fwp%2Fv2%2Fcomments&post=12819"}],"version-history":[{"count":1,"href":"https:\/\/baralivres.ma\/index.php?rest_route=\/wp\/v2\/product\/12819\/revisions"}],"predecessor-version":[{"id":12821,"href":"https:\/\/baralivres.ma\/index.php?rest_route=\/wp\/v2\/product\/12819\/revisions\/12821"}],"wp:featuredmedia":[{"embeddable":true,"href":"https:\/\/baralivres.ma\/index.php?rest_route=\/wp\/v2\/media\/12820"}],"wp:attachment":[{"href":"https:\/\/baralivres.ma\/index.php?rest_route=%2Fwp%2Fv2%2Fmedia&parent=12819"}],"wp:term":[{"taxonomy":"product_cat","embeddable":true,"href":"https:\/\/baralivres.ma\/index.php?rest_route=%2Fwp%2Fv2%2Fproduct_cat&post=12819"},{"taxonomy":"product_tag","embeddable":true,"href":"https:\/\/baralivres.ma\/index.php?rest_route=%2Fwp%2Fv2%2Fproduct_tag&post=12819"}],"curies":[{"name":"wp","href":"https:\/\/api.w.org\/{rel}","templated":true}]}}