{"id":12816,"date":"2023-09-11T17:33:37","date_gmt":"2023-09-11T16:33:37","guid":{"rendered":"https:\/\/baralivres.ma\/?post_type=product&#038;p=12816"},"modified":"2023-09-11T17:33:38","modified_gmt":"2023-09-11T16:33:38","slug":"tenjin-tome-2","status":"publish","type":"product","link":"https:\/\/baralivres.ma\/?product=tenjin-tome-2","title":{"rendered":"Tenjin Tome 2"},"content":{"rendered":"<p>Hayari Takaoka est de retour et il a \u00e9t\u00e9 mut\u00e9 dans le groupe Charlie. Pour Riku qui r\u00eave de se mesurer \u00e0 l&rsquo;\u00e9l\u00e8ve prodige de l&rsquo;\u00e9cole, cette nouvelle est assez enthousiasmante ! Mais Takaoka n&rsquo;est pas particuli\u00e8rement sociable : sur terre comme dans le ciel, il \u00e9volue en solo&#8230; Parviendront-ils \u00e0 trouver un terrain d&rsquo;entente&#8230;? Et Riku arrivera-t-il \u00e0 faire toute la lumi\u00e8re sur l&rsquo;accident dont son p\u00e8re a \u00e9t\u00e9 d\u00e9clar\u00e9 responsable&#8230;?<\/p>\n","protected":false},"excerpt":{"rendered":"<p>Hayari Takaoka est de retour et il a \u00e9t\u00e9 mut\u00e9 dans le groupe Charlie. Pour Riku qui r\u00eave de se mesurer \u00e0 l&rsquo;\u00e9l\u00e8ve prodige de l&rsquo;\u00e9cole, cette nouvelle est assez enthousiasmante ! Mais Takaoka n&rsquo;est pas particuli\u00e8rement sociable : sur terre comme dans le ciel, il \u00e9volue en solo&#8230; Parviendront-ils \u00e0 trouver un terrain d&rsquo;entente&#8230;? Et Riku arrivera-t-il \u00e0 faire toute la lumi\u00e8re sur l&rsquo;accident dont son p\u00e8re a \u00e9t\u00e9 d\u00e9clar\u00e9 responsable&#8230;?<\/p>\n","protected":false},"featured_media":12817,"comment_status":"open","ping_status":"closed","template":"","meta":{"inline_featured_image":false},"product_cat":[203,204,205],"product_tag":[],"class_list":{"0":"post-12816","1":"product","2":"type-product","3":"status-publish","4":"has-post-thumbnail","6":"product_cat-adolescente","7":"product_cat-francais","8":"product_cat-enfant-adolescente-francais","10":"first","11":"instock","12":"shipping-taxable","13":"purchasable","14":"product-type-simple"},"_links":{"self":[{"href":"https:\/\/baralivres.ma\/index.php?rest_route=\/wp\/v2\/product\/12816","targetHints":{"allow":["GET"]}}],"collection":[{"href":"https:\/\/baralivres.ma\/index.php?rest_route=\/wp\/v2\/product"}],"about":[{"href":"https:\/\/baralivres.ma\/index.php?rest_route=\/wp\/v2\/types\/product"}],"replies":[{"embeddable":true,"href":"https:\/\/baralivres.ma\/index.php?rest_route=%2Fwp%2Fv2%2Fcomments&post=12816"}],"version-history":[{"count":1,"href":"https:\/\/baralivres.ma\/index.php?rest_route=\/wp\/v2\/product\/12816\/revisions"}],"predecessor-version":[{"id":12818,"href":"https:\/\/baralivres.ma\/index.php?rest_route=\/wp\/v2\/product\/12816\/revisions\/12818"}],"wp:featuredmedia":[{"embeddable":true,"href":"https:\/\/baralivres.ma\/index.php?rest_route=\/wp\/v2\/media\/12817"}],"wp:attachment":[{"href":"https:\/\/baralivres.ma\/index.php?rest_route=%2Fwp%2Fv2%2Fmedia&parent=12816"}],"wp:term":[{"taxonomy":"product_cat","embeddable":true,"href":"https:\/\/baralivres.ma\/index.php?rest_route=%2Fwp%2Fv2%2Fproduct_cat&post=12816"},{"taxonomy":"product_tag","embeddable":true,"href":"https:\/\/baralivres.ma\/index.php?rest_route=%2Fwp%2Fv2%2Fproduct_tag&post=12816"}],"curies":[{"name":"wp","href":"https:\/\/api.w.org\/{rel}","templated":true}]}}