{"id":12810,"date":"2023-09-11T17:30:49","date_gmt":"2023-09-11T16:30:49","guid":{"rendered":"https:\/\/baralivres.ma\/?post_type=product&#038;p=12810"},"modified":"2023-09-11T17:30:50","modified_gmt":"2023-09-11T16:30:50","slug":"sawako-tome-16","status":"publish","type":"product","link":"https:\/\/baralivres.ma\/?product=sawako-tome-16","title":{"rendered":"Sawako Tome 16"},"content":{"rendered":"<p>Au coll\u00e8ge, Sawako suscite peur et incompr\u00e9hension \u00e0 cause de son apparence. A l&rsquo;oppos\u00e9, Kazehaya est un jeune homme charmant que tout le monde consid\u00e8re comme son ami. A son contact, Sawako commence peu \u00e0 peu \u00e0 changer mais il est difficile de combattre les pr\u00e9jug\u00e9s !<\/p>\n","protected":false},"excerpt":{"rendered":"<p>Au coll\u00e8ge, Sawako suscite peur et incompr\u00e9hension \u00e0 cause de son apparence. A l&rsquo;oppos\u00e9, Kazehaya est un jeune homme charmant que tout le monde consid\u00e8re comme son ami. A son contact, Sawako commence peu \u00e0 peu \u00e0 changer mais il est difficile de combattre les pr\u00e9jug\u00e9s !<\/p>\n","protected":false},"featured_media":12811,"comment_status":"open","ping_status":"closed","template":"","meta":{"inline_featured_image":false},"product_cat":[203,204,205],"product_tag":[],"class_list":{"0":"post-12810","1":"product","2":"type-product","3":"status-publish","4":"has-post-thumbnail","6":"product_cat-adolescente","7":"product_cat-francais","8":"product_cat-enfant-adolescente-francais","10":"first","11":"instock","12":"shipping-taxable","13":"purchasable","14":"product-type-simple"},"_links":{"self":[{"href":"https:\/\/baralivres.ma\/index.php?rest_route=\/wp\/v2\/product\/12810","targetHints":{"allow":["GET"]}}],"collection":[{"href":"https:\/\/baralivres.ma\/index.php?rest_route=\/wp\/v2\/product"}],"about":[{"href":"https:\/\/baralivres.ma\/index.php?rest_route=\/wp\/v2\/types\/product"}],"replies":[{"embeddable":true,"href":"https:\/\/baralivres.ma\/index.php?rest_route=%2Fwp%2Fv2%2Fcomments&post=12810"}],"version-history":[{"count":1,"href":"https:\/\/baralivres.ma\/index.php?rest_route=\/wp\/v2\/product\/12810\/revisions"}],"predecessor-version":[{"id":12812,"href":"https:\/\/baralivres.ma\/index.php?rest_route=\/wp\/v2\/product\/12810\/revisions\/12812"}],"wp:featuredmedia":[{"embeddable":true,"href":"https:\/\/baralivres.ma\/index.php?rest_route=\/wp\/v2\/media\/12811"}],"wp:attachment":[{"href":"https:\/\/baralivres.ma\/index.php?rest_route=%2Fwp%2Fv2%2Fmedia&parent=12810"}],"wp:term":[{"taxonomy":"product_cat","embeddable":true,"href":"https:\/\/baralivres.ma\/index.php?rest_route=%2Fwp%2Fv2%2Fproduct_cat&post=12810"},{"taxonomy":"product_tag","embeddable":true,"href":"https:\/\/baralivres.ma\/index.php?rest_route=%2Fwp%2Fv2%2Fproduct_tag&post=12810"}],"curies":[{"name":"wp","href":"https:\/\/api.w.org\/{rel}","templated":true}]}}