{"id":12807,"date":"2023-09-11T17:29:44","date_gmt":"2023-09-11T16:29:44","guid":{"rendered":"https:\/\/baralivres.ma\/?post_type=product&#038;p=12807"},"modified":"2023-09-11T17:29:44","modified_gmt":"2023-09-11T16:29:44","slug":"death-note-tome-2","status":"publish","type":"product","link":"https:\/\/baralivres.ma\/?product=death-note-tome-2","title":{"rendered":"Death Note Tome 2"},"content":{"rendered":"<p>Light entend bien imposer au monde sa vision de la Justice ! De nombreux criminels sont morts apr\u00e8s que leurs noms aient \u00e9t\u00e9 inscrits dans le Death Note ! Alert\u00e9 par ces morts \u00e9tranges, le FBI enqu\u00eate au Japon. Light fait partie des suspects mais, gr\u00e2ce au Death Note, il parvient \u00e0 se d\u00e9barrasser des soup\u00e7ons qui p\u00e8sent sur lui. Malgr\u00e9 cela, L, continue \u00e0 suivre le jeune homme !<\/p>\n","protected":false},"excerpt":{"rendered":"<p>Light entend bien imposer au monde sa vision de la Justice ! De nombreux criminels sont morts apr\u00e8s que leurs noms aient \u00e9t\u00e9 inscrits dans le Death Note ! Alert\u00e9 par ces morts \u00e9tranges, le FBI enqu\u00eate au Japon. Light fait partie des suspects mais, gr\u00e2ce au Death Note, il parvient \u00e0 se d\u00e9barrasser des soup\u00e7ons qui p\u00e8sent sur lui. Malgr\u00e9 cela, L, continue \u00e0 suivre le jeune homme !<\/p>\n","protected":false},"featured_media":12808,"comment_status":"open","ping_status":"closed","template":"","meta":{"inline_featured_image":false},"product_cat":[203,204,205],"product_tag":[],"class_list":{"0":"post-12807","1":"product","2":"type-product","3":"status-publish","4":"has-post-thumbnail","6":"product_cat-adolescente","7":"product_cat-francais","8":"product_cat-enfant-adolescente-francais","10":"first","11":"instock","12":"shipping-taxable","13":"purchasable","14":"product-type-simple"},"_links":{"self":[{"href":"https:\/\/baralivres.ma\/index.php?rest_route=\/wp\/v2\/product\/12807","targetHints":{"allow":["GET"]}}],"collection":[{"href":"https:\/\/baralivres.ma\/index.php?rest_route=\/wp\/v2\/product"}],"about":[{"href":"https:\/\/baralivres.ma\/index.php?rest_route=\/wp\/v2\/types\/product"}],"replies":[{"embeddable":true,"href":"https:\/\/baralivres.ma\/index.php?rest_route=%2Fwp%2Fv2%2Fcomments&post=12807"}],"version-history":[{"count":1,"href":"https:\/\/baralivres.ma\/index.php?rest_route=\/wp\/v2\/product\/12807\/revisions"}],"predecessor-version":[{"id":12809,"href":"https:\/\/baralivres.ma\/index.php?rest_route=\/wp\/v2\/product\/12807\/revisions\/12809"}],"wp:featuredmedia":[{"embeddable":true,"href":"https:\/\/baralivres.ma\/index.php?rest_route=\/wp\/v2\/media\/12808"}],"wp:attachment":[{"href":"https:\/\/baralivres.ma\/index.php?rest_route=%2Fwp%2Fv2%2Fmedia&parent=12807"}],"wp:term":[{"taxonomy":"product_cat","embeddable":true,"href":"https:\/\/baralivres.ma\/index.php?rest_route=%2Fwp%2Fv2%2Fproduct_cat&post=12807"},{"taxonomy":"product_tag","embeddable":true,"href":"https:\/\/baralivres.ma\/index.php?rest_route=%2Fwp%2Fv2%2Fproduct_tag&post=12807"}],"curies":[{"name":"wp","href":"https:\/\/api.w.org\/{rel}","templated":true}]}}