{"id":12804,"date":"2023-09-11T17:28:27","date_gmt":"2023-09-11T16:28:27","guid":{"rendered":"https:\/\/baralivres.ma\/?post_type=product&#038;p=12804"},"modified":"2023-09-11T17:28:29","modified_gmt":"2023-09-11T16:28:29","slug":"death-note-tome-1","status":"publish","type":"product","link":"https:\/\/baralivres.ma\/?product=death-note-tome-1","title":{"rendered":"Death Note Tome 1"},"content":{"rendered":"<p>Light Yagami ramasse un \u00e9trange carnet oubli\u00e9 dans la cour de son lyc\u00e9e. Selon les instructions du carnet, la personne dont le nom est \u00e9crit dans les pages du Death Note mourra dans les 40 secondes !! Quelques jours plus tard, Light fait la connaissance de l&rsquo;ancien propri\u00e9taire du carnet : Ry\u00fbk, un dieu de la mort ! Pouss\u00e9 par l&rsquo;ennui, il a fait entrer le carnet sur terre. Ry\u00fbk d\u00e9couvre alors que Light a d\u00e9j\u00e0 commenc\u00e9 \u00e0 remplir son carnet&#8230;<\/p>\n","protected":false},"excerpt":{"rendered":"<p>Light Yagami ramasse un \u00e9trange carnet oubli\u00e9 dans la cour de son lyc\u00e9e. Selon les instructions du carnet, la personne dont le nom est \u00e9crit dans les pages du Death Note mourra dans les 40 secondes !! Quelques jours plus tard, Light fait la connaissance de l&rsquo;ancien propri\u00e9taire du carnet : Ry\u00fbk, un dieu de la mort ! Pouss\u00e9 par l&rsquo;ennui, il a fait entrer le carnet sur terre. Ry\u00fbk d\u00e9couvre alors que Light a d\u00e9j\u00e0 commenc\u00e9 \u00e0 remplir son carnet&#8230;<\/p>\n","protected":false},"featured_media":12805,"comment_status":"open","ping_status":"closed","template":"","meta":{"inline_featured_image":false},"product_cat":[203,204,205],"product_tag":[],"class_list":{"0":"post-12804","1":"product","2":"type-product","3":"status-publish","4":"has-post-thumbnail","6":"product_cat-adolescente","7":"product_cat-francais","8":"product_cat-enfant-adolescente-francais","10":"first","11":"instock","12":"shipping-taxable","13":"purchasable","14":"product-type-simple"},"_links":{"self":[{"href":"https:\/\/baralivres.ma\/index.php?rest_route=\/wp\/v2\/product\/12804","targetHints":{"allow":["GET"]}}],"collection":[{"href":"https:\/\/baralivres.ma\/index.php?rest_route=\/wp\/v2\/product"}],"about":[{"href":"https:\/\/baralivres.ma\/index.php?rest_route=\/wp\/v2\/types\/product"}],"replies":[{"embeddable":true,"href":"https:\/\/baralivres.ma\/index.php?rest_route=%2Fwp%2Fv2%2Fcomments&post=12804"}],"version-history":[{"count":1,"href":"https:\/\/baralivres.ma\/index.php?rest_route=\/wp\/v2\/product\/12804\/revisions"}],"predecessor-version":[{"id":12806,"href":"https:\/\/baralivres.ma\/index.php?rest_route=\/wp\/v2\/product\/12804\/revisions\/12806"}],"wp:featuredmedia":[{"embeddable":true,"href":"https:\/\/baralivres.ma\/index.php?rest_route=\/wp\/v2\/media\/12805"}],"wp:attachment":[{"href":"https:\/\/baralivres.ma\/index.php?rest_route=%2Fwp%2Fv2%2Fmedia&parent=12804"}],"wp:term":[{"taxonomy":"product_cat","embeddable":true,"href":"https:\/\/baralivres.ma\/index.php?rest_route=%2Fwp%2Fv2%2Fproduct_cat&post=12804"},{"taxonomy":"product_tag","embeddable":true,"href":"https:\/\/baralivres.ma\/index.php?rest_route=%2Fwp%2Fv2%2Fproduct_tag&post=12804"}],"curies":[{"name":"wp","href":"https:\/\/api.w.org\/{rel}","templated":true}]}}