{"id":12798,"date":"2023-09-11T17:26:08","date_gmt":"2023-09-11T16:26:08","guid":{"rendered":"https:\/\/baralivres.ma\/?post_type=product&#038;p=12798"},"modified":"2023-09-11T17:26:09","modified_gmt":"2023-09-11T16:26:09","slug":"death-note-tome-4","status":"publish","type":"product","link":"https:\/\/baralivres.ma\/?product=death-note-tome-4","title":{"rendered":"Death Note Tome 4"},"content":{"rendered":"<h2 class=\"titreDescription col-xs-12 no-padding\"><span style=\"font-size: 16px\">Un second Kira, dont les m\u00e9thodes diff\u00e8rent de celles de Light, a fait son apparition. Au quartier g\u00e9n\u00e9ral d&rsquo;enqu\u00eate, L contacte Light afin de lui demander sa collaboration. Ce dernier d\u00e9couvre alors le sens cach\u00e9 du message envoy\u00e9 par l&rsquo;autre Kira ! Light d\u00e9cide de pr\u00e9parer une rencontre. !!<\/span><\/h2>\n","protected":false},"excerpt":{"rendered":"<h2 class=\"titreDescription col-xs-12 no-padding\"><span style=\"font-size: 16px\">Un second Kira, dont les m\u00e9thodes diff\u00e8rent de celles de Light, a fait son apparition. Au quartier g\u00e9n\u00e9ral d&rsquo;enqu\u00eate, L contacte Light afin de lui demander sa collaboration. Ce dernier d\u00e9couvre alors le sens cach\u00e9 du message envoy\u00e9 par l&rsquo;autre Kira ! Light d\u00e9cide de pr\u00e9parer une rencontre. !!<\/span><\/h2>\n","protected":false},"featured_media":12799,"comment_status":"open","ping_status":"closed","template":"","meta":{"inline_featured_image":false},"product_cat":[203,204,205],"product_tag":[],"class_list":{"0":"post-12798","1":"product","2":"type-product","3":"status-publish","4":"has-post-thumbnail","6":"product_cat-adolescente","7":"product_cat-francais","8":"product_cat-enfant-adolescente-francais","10":"first","11":"instock","12":"shipping-taxable","13":"purchasable","14":"product-type-simple"},"_links":{"self":[{"href":"https:\/\/baralivres.ma\/index.php?rest_route=\/wp\/v2\/product\/12798","targetHints":{"allow":["GET"]}}],"collection":[{"href":"https:\/\/baralivres.ma\/index.php?rest_route=\/wp\/v2\/product"}],"about":[{"href":"https:\/\/baralivres.ma\/index.php?rest_route=\/wp\/v2\/types\/product"}],"replies":[{"embeddable":true,"href":"https:\/\/baralivres.ma\/index.php?rest_route=%2Fwp%2Fv2%2Fcomments&post=12798"}],"version-history":[{"count":1,"href":"https:\/\/baralivres.ma\/index.php?rest_route=\/wp\/v2\/product\/12798\/revisions"}],"predecessor-version":[{"id":12800,"href":"https:\/\/baralivres.ma\/index.php?rest_route=\/wp\/v2\/product\/12798\/revisions\/12800"}],"wp:featuredmedia":[{"embeddable":true,"href":"https:\/\/baralivres.ma\/index.php?rest_route=\/wp\/v2\/media\/12799"}],"wp:attachment":[{"href":"https:\/\/baralivres.ma\/index.php?rest_route=%2Fwp%2Fv2%2Fmedia&parent=12798"}],"wp:term":[{"taxonomy":"product_cat","embeddable":true,"href":"https:\/\/baralivres.ma\/index.php?rest_route=%2Fwp%2Fv2%2Fproduct_cat&post=12798"},{"taxonomy":"product_tag","embeddable":true,"href":"https:\/\/baralivres.ma\/index.php?rest_route=%2Fwp%2Fv2%2Fproduct_tag&post=12798"}],"curies":[{"name":"wp","href":"https:\/\/api.w.org\/{rel}","templated":true}]}}