{"id":12795,"date":"2023-09-11T17:24:32","date_gmt":"2023-09-11T16:24:32","guid":{"rendered":"https:\/\/baralivres.ma\/?post_type=product&#038;p=12795"},"modified":"2023-09-11T17:24:33","modified_gmt":"2023-09-11T16:24:33","slug":"death-note-tome-5","status":"publish","type":"product","link":"https:\/\/baralivres.ma\/?product=death-note-tome-5","title":{"rendered":"Death Note Tome 5"},"content":{"rendered":"<p>La capture de Misa place Light dans une situation pour le moins difficile. Il demande alors \u00e0 \u00eatre emprisonn\u00e9 et annonce ensuite \u00e0 Ry\u00fbk qu\u2019il renonce au Death Note ! Les meurtres cessent soudainement\u2026 avant de reprendre de plus belle !!<\/p>\n<p>Quel plan se cache derri\u00e8re cette savante mise en sc\u00e8ne\u2026?<\/p>\n","protected":false},"excerpt":{"rendered":"<p>La capture de Misa place Light dans une situation pour le moins difficile. Il demande alors \u00e0 \u00eatre emprisonn\u00e9 et annonce ensuite \u00e0 Ry\u00fbk qu\u2019il renonce au Death Note ! Les meurtres cessent soudainement\u2026 avant de reprendre de plus belle !!<\/p>\n<p>Quel plan se cache derri\u00e8re cette savante mise en sc\u00e8ne\u2026?<\/p>\n","protected":false},"featured_media":12796,"comment_status":"open","ping_status":"closed","template":"","meta":{"inline_featured_image":false},"product_cat":[203,204,205],"product_tag":[],"class_list":{"0":"post-12795","1":"product","2":"type-product","3":"status-publish","4":"has-post-thumbnail","6":"product_cat-adolescente","7":"product_cat-francais","8":"product_cat-enfant-adolescente-francais","10":"first","11":"instock","12":"shipping-taxable","13":"purchasable","14":"product-type-simple"},"_links":{"self":[{"href":"https:\/\/baralivres.ma\/index.php?rest_route=\/wp\/v2\/product\/12795","targetHints":{"allow":["GET"]}}],"collection":[{"href":"https:\/\/baralivres.ma\/index.php?rest_route=\/wp\/v2\/product"}],"about":[{"href":"https:\/\/baralivres.ma\/index.php?rest_route=\/wp\/v2\/types\/product"}],"replies":[{"embeddable":true,"href":"https:\/\/baralivres.ma\/index.php?rest_route=%2Fwp%2Fv2%2Fcomments&post=12795"}],"version-history":[{"count":1,"href":"https:\/\/baralivres.ma\/index.php?rest_route=\/wp\/v2\/product\/12795\/revisions"}],"predecessor-version":[{"id":12797,"href":"https:\/\/baralivres.ma\/index.php?rest_route=\/wp\/v2\/product\/12795\/revisions\/12797"}],"wp:featuredmedia":[{"embeddable":true,"href":"https:\/\/baralivres.ma\/index.php?rest_route=\/wp\/v2\/media\/12796"}],"wp:attachment":[{"href":"https:\/\/baralivres.ma\/index.php?rest_route=%2Fwp%2Fv2%2Fmedia&parent=12795"}],"wp:term":[{"taxonomy":"product_cat","embeddable":true,"href":"https:\/\/baralivres.ma\/index.php?rest_route=%2Fwp%2Fv2%2Fproduct_cat&post=12795"},{"taxonomy":"product_tag","embeddable":true,"href":"https:\/\/baralivres.ma\/index.php?rest_route=%2Fwp%2Fv2%2Fproduct_tag&post=12795"}],"curies":[{"name":"wp","href":"https:\/\/api.w.org\/{rel}","templated":true}]}}