{"id":12792,"date":"2023-09-11T17:23:13","date_gmt":"2023-09-11T16:23:13","guid":{"rendered":"https:\/\/baralivres.ma\/?post_type=product&#038;p=12792"},"modified":"2023-09-11T17:23:14","modified_gmt":"2023-09-11T16:23:14","slug":"death-note-tome-6","status":"publish","type":"product","link":"https:\/\/baralivres.ma\/?product=death-note-tome-6","title":{"rendered":"Death Note Tome 6"},"content":{"rendered":"<p>L et Light qui ont pu suivre la r\u00e9union ultra-secr\u00e8te tenue par 8 membres de la compagnie Yotsuba ont pu \u00e9tablir avec certitude leur lien avec Kira. Afin de d\u00e9couvrir la v\u00e9rit\u00e9, Light envoie Misa pour les espionner ! Elle est consciente du danger, mais lequel des membres de Yotsuba va la contacter ?!<\/p>\n","protected":false},"excerpt":{"rendered":"<p>L et Light qui ont pu suivre la r\u00e9union ultra-secr\u00e8te tenue par 8 membres de la compagnie Yotsuba ont pu \u00e9tablir avec certitude leur lien avec Kira. Afin de d\u00e9couvrir la v\u00e9rit\u00e9, Light envoie Misa pour les espionner ! Elle est consciente du danger, mais lequel des membres de Yotsuba va la contacter ?!<\/p>\n","protected":false},"featured_media":12793,"comment_status":"open","ping_status":"closed","template":"","meta":{"inline_featured_image":false},"product_cat":[203,204,205],"product_tag":[],"class_list":{"0":"post-12792","1":"product","2":"type-product","3":"status-publish","4":"has-post-thumbnail","6":"product_cat-adolescente","7":"product_cat-francais","8":"product_cat-enfant-adolescente-francais","10":"first","11":"instock","12":"shipping-taxable","13":"purchasable","14":"product-type-simple"},"_links":{"self":[{"href":"https:\/\/baralivres.ma\/index.php?rest_route=\/wp\/v2\/product\/12792","targetHints":{"allow":["GET"]}}],"collection":[{"href":"https:\/\/baralivres.ma\/index.php?rest_route=\/wp\/v2\/product"}],"about":[{"href":"https:\/\/baralivres.ma\/index.php?rest_route=\/wp\/v2\/types\/product"}],"replies":[{"embeddable":true,"href":"https:\/\/baralivres.ma\/index.php?rest_route=%2Fwp%2Fv2%2Fcomments&post=12792"}],"version-history":[{"count":1,"href":"https:\/\/baralivres.ma\/index.php?rest_route=\/wp\/v2\/product\/12792\/revisions"}],"predecessor-version":[{"id":12794,"href":"https:\/\/baralivres.ma\/index.php?rest_route=\/wp\/v2\/product\/12792\/revisions\/12794"}],"wp:featuredmedia":[{"embeddable":true,"href":"https:\/\/baralivres.ma\/index.php?rest_route=\/wp\/v2\/media\/12793"}],"wp:attachment":[{"href":"https:\/\/baralivres.ma\/index.php?rest_route=%2Fwp%2Fv2%2Fmedia&parent=12792"}],"wp:term":[{"taxonomy":"product_cat","embeddable":true,"href":"https:\/\/baralivres.ma\/index.php?rest_route=%2Fwp%2Fv2%2Fproduct_cat&post=12792"},{"taxonomy":"product_tag","embeddable":true,"href":"https:\/\/baralivres.ma\/index.php?rest_route=%2Fwp%2Fv2%2Fproduct_tag&post=12792"}],"curies":[{"name":"wp","href":"https:\/\/api.w.org\/{rel}","templated":true}]}}