{"id":12789,"date":"2023-09-11T17:21:53","date_gmt":"2023-09-11T16:21:53","guid":{"rendered":"https:\/\/baralivres.ma\/?post_type=product&#038;p=12789"},"modified":"2023-09-11T17:21:54","modified_gmt":"2023-09-11T16:21:54","slug":"death-note-tome-7","status":"publish","type":"product","link":"https:\/\/baralivres.ma\/?product=death-note-tome-7","title":{"rendered":"Death Note Tome 7"},"content":{"rendered":"<p>La police est parvenue \u00e0 encercler Higuchi, l&rsquo;actuel possesseur du Death Note. Light parviendra-t-il \u00e0 remettre la main sur le cahier ?! Va-t-il r\u00e9ussir \u00e0 mener \u00e0 bien le plan qu&rsquo;il avait mis au point avant d&rsquo;\u00eatre plac\u00e9 sous surveillance ?! Voici un un tome riche en r\u00e9v\u00e9lations !!<\/p>\n","protected":false},"excerpt":{"rendered":"<p>La police est parvenue \u00e0 encercler Higuchi, l&rsquo;actuel possesseur du Death Note. Light parviendra-t-il \u00e0 remettre la main sur le cahier ?! Va-t-il r\u00e9ussir \u00e0 mener \u00e0 bien le plan qu&rsquo;il avait mis au point avant d&rsquo;\u00eatre plac\u00e9 sous surveillance ?! Voici un un tome riche en r\u00e9v\u00e9lations !!<\/p>\n","protected":false},"featured_media":12790,"comment_status":"open","ping_status":"closed","template":"","meta":{"inline_featured_image":false},"product_cat":[203,204,205],"product_tag":[],"class_list":{"0":"post-12789","1":"product","2":"type-product","3":"status-publish","4":"has-post-thumbnail","6":"product_cat-adolescente","7":"product_cat-francais","8":"product_cat-enfant-adolescente-francais","10":"first","11":"instock","12":"shipping-taxable","13":"purchasable","14":"product-type-simple"},"_links":{"self":[{"href":"https:\/\/baralivres.ma\/index.php?rest_route=\/wp\/v2\/product\/12789","targetHints":{"allow":["GET"]}}],"collection":[{"href":"https:\/\/baralivres.ma\/index.php?rest_route=\/wp\/v2\/product"}],"about":[{"href":"https:\/\/baralivres.ma\/index.php?rest_route=\/wp\/v2\/types\/product"}],"replies":[{"embeddable":true,"href":"https:\/\/baralivres.ma\/index.php?rest_route=%2Fwp%2Fv2%2Fcomments&post=12789"}],"version-history":[{"count":1,"href":"https:\/\/baralivres.ma\/index.php?rest_route=\/wp\/v2\/product\/12789\/revisions"}],"predecessor-version":[{"id":12791,"href":"https:\/\/baralivres.ma\/index.php?rest_route=\/wp\/v2\/product\/12789\/revisions\/12791"}],"wp:featuredmedia":[{"embeddable":true,"href":"https:\/\/baralivres.ma\/index.php?rest_route=\/wp\/v2\/media\/12790"}],"wp:attachment":[{"href":"https:\/\/baralivres.ma\/index.php?rest_route=%2Fwp%2Fv2%2Fmedia&parent=12789"}],"wp:term":[{"taxonomy":"product_cat","embeddable":true,"href":"https:\/\/baralivres.ma\/index.php?rest_route=%2Fwp%2Fv2%2Fproduct_cat&post=12789"},{"taxonomy":"product_tag","embeddable":true,"href":"https:\/\/baralivres.ma\/index.php?rest_route=%2Fwp%2Fv2%2Fproduct_tag&post=12789"}],"curies":[{"name":"wp","href":"https:\/\/api.w.org\/{rel}","templated":true}]}}