{"id":12786,"date":"2023-09-11T17:20:21","date_gmt":"2023-09-11T16:20:21","guid":{"rendered":"https:\/\/baralivres.ma\/?post_type=product&#038;p=12786"},"modified":"2023-09-11T17:20:21","modified_gmt":"2023-09-11T16:20:21","slug":"death-note-tome-8","status":"publish","type":"product","link":"https:\/\/baralivres.ma\/?product=death-note-tome-8","title":{"rendered":"Death Note Tome 8"},"content":{"rendered":"<p>Gr\u00e2ce \u00e0 la mort de L, le monde id\u00e9al voulu par Light est en train de se construire. Mais les deux gar\u00e7ons d\u00e9sign\u00e9s pour succ\u00e9der \u00e0 L, Near et Mello, entrent en sc\u00e8ne. Une lutte commence alors pour la possession des death notes ! Mello enl\u00e8ve Sayu, la soeur de Light, et exige de proc\u00e9der \u00e0 un \u00e9change de cahiers !<\/p>\n","protected":false},"excerpt":{"rendered":"<p>Gr\u00e2ce \u00e0 la mort de L, le monde id\u00e9al voulu par Light est en train de se construire. Mais les deux gar\u00e7ons d\u00e9sign\u00e9s pour succ\u00e9der \u00e0 L, Near et Mello, entrent en sc\u00e8ne. Une lutte commence alors pour la possession des death notes ! Mello enl\u00e8ve Sayu, la soeur de Light, et exige de proc\u00e9der \u00e0 un \u00e9change de cahiers !<\/p>\n","protected":false},"featured_media":12787,"comment_status":"open","ping_status":"closed","template":"","meta":{"inline_featured_image":false},"product_cat":[203,204,205],"product_tag":[],"class_list":{"0":"post-12786","1":"product","2":"type-product","3":"status-publish","4":"has-post-thumbnail","6":"product_cat-adolescente","7":"product_cat-francais","8":"product_cat-enfant-adolescente-francais","10":"first","11":"instock","12":"shipping-taxable","13":"purchasable","14":"product-type-simple"},"_links":{"self":[{"href":"https:\/\/baralivres.ma\/index.php?rest_route=\/wp\/v2\/product\/12786","targetHints":{"allow":["GET"]}}],"collection":[{"href":"https:\/\/baralivres.ma\/index.php?rest_route=\/wp\/v2\/product"}],"about":[{"href":"https:\/\/baralivres.ma\/index.php?rest_route=\/wp\/v2\/types\/product"}],"replies":[{"embeddable":true,"href":"https:\/\/baralivres.ma\/index.php?rest_route=%2Fwp%2Fv2%2Fcomments&post=12786"}],"version-history":[{"count":1,"href":"https:\/\/baralivres.ma\/index.php?rest_route=\/wp\/v2\/product\/12786\/revisions"}],"predecessor-version":[{"id":12788,"href":"https:\/\/baralivres.ma\/index.php?rest_route=\/wp\/v2\/product\/12786\/revisions\/12788"}],"wp:featuredmedia":[{"embeddable":true,"href":"https:\/\/baralivres.ma\/index.php?rest_route=\/wp\/v2\/media\/12787"}],"wp:attachment":[{"href":"https:\/\/baralivres.ma\/index.php?rest_route=%2Fwp%2Fv2%2Fmedia&parent=12786"}],"wp:term":[{"taxonomy":"product_cat","embeddable":true,"href":"https:\/\/baralivres.ma\/index.php?rest_route=%2Fwp%2Fv2%2Fproduct_cat&post=12786"},{"taxonomy":"product_tag","embeddable":true,"href":"https:\/\/baralivres.ma\/index.php?rest_route=%2Fwp%2Fv2%2Fproduct_tag&post=12786"}],"curies":[{"name":"wp","href":"https:\/\/api.w.org\/{rel}","templated":true}]}}