{"id":12783,"date":"2023-09-11T17:19:09","date_gmt":"2023-09-11T16:19:09","guid":{"rendered":"https:\/\/baralivres.ma\/?post_type=product&#038;p=12783"},"modified":"2023-09-11T17:19:10","modified_gmt":"2023-09-11T16:19:10","slug":"death-note-tome-9","status":"publish","type":"product","link":"https:\/\/baralivres.ma\/?product=death-note-tome-9","title":{"rendered":"Death Note Tome 9"},"content":{"rendered":"<p>Il n\u2019y a plus que les membres du bureau d\u2019enqu\u00eate qui soient en mesure d\u2019agir pour r\u00e9cup\u00e9rer le cahier que poss\u00e8de Mello. Light a un plan pour les faire passer \u00e0 l\u2019action\u2026 C\u2019est alors que S\u00f4ichir\u00f4 Yagami, le p\u00e8re de Light, r\u00e9int\u00e8gre le bureau d\u2019enqu\u00eate. Il entend, en effet, jouer le r\u00f4le principal dans le plan de son fils !!<\/p>\n","protected":false},"excerpt":{"rendered":"<p>Il n\u2019y a plus que les membres du bureau d\u2019enqu\u00eate qui soient en mesure d\u2019agir pour r\u00e9cup\u00e9rer le cahier que poss\u00e8de Mello. Light a un plan pour les faire passer \u00e0 l\u2019action\u2026 C\u2019est alors que S\u00f4ichir\u00f4 Yagami, le p\u00e8re de Light, r\u00e9int\u00e8gre le bureau d\u2019enqu\u00eate. Il entend, en effet, jouer le r\u00f4le principal dans le plan de son fils !!<\/p>\n","protected":false},"featured_media":12784,"comment_status":"open","ping_status":"closed","template":"","meta":{"inline_featured_image":false},"product_cat":[203,204,205],"product_tag":[],"class_list":{"0":"post-12783","1":"product","2":"type-product","3":"status-publish","4":"has-post-thumbnail","6":"product_cat-adolescente","7":"product_cat-francais","8":"product_cat-enfant-adolescente-francais","10":"first","11":"instock","12":"shipping-taxable","13":"purchasable","14":"product-type-simple"},"_links":{"self":[{"href":"https:\/\/baralivres.ma\/index.php?rest_route=\/wp\/v2\/product\/12783","targetHints":{"allow":["GET"]}}],"collection":[{"href":"https:\/\/baralivres.ma\/index.php?rest_route=\/wp\/v2\/product"}],"about":[{"href":"https:\/\/baralivres.ma\/index.php?rest_route=\/wp\/v2\/types\/product"}],"replies":[{"embeddable":true,"href":"https:\/\/baralivres.ma\/index.php?rest_route=%2Fwp%2Fv2%2Fcomments&post=12783"}],"version-history":[{"count":1,"href":"https:\/\/baralivres.ma\/index.php?rest_route=\/wp\/v2\/product\/12783\/revisions"}],"predecessor-version":[{"id":12785,"href":"https:\/\/baralivres.ma\/index.php?rest_route=\/wp\/v2\/product\/12783\/revisions\/12785"}],"wp:featuredmedia":[{"embeddable":true,"href":"https:\/\/baralivres.ma\/index.php?rest_route=\/wp\/v2\/media\/12784"}],"wp:attachment":[{"href":"https:\/\/baralivres.ma\/index.php?rest_route=%2Fwp%2Fv2%2Fmedia&parent=12783"}],"wp:term":[{"taxonomy":"product_cat","embeddable":true,"href":"https:\/\/baralivres.ma\/index.php?rest_route=%2Fwp%2Fv2%2Fproduct_cat&post=12783"},{"taxonomy":"product_tag","embeddable":true,"href":"https:\/\/baralivres.ma\/index.php?rest_route=%2Fwp%2Fv2%2Fproduct_tag&post=12783"}],"curies":[{"name":"wp","href":"https:\/\/api.w.org\/{rel}","templated":true}]}}