{"id":12780,"date":"2023-09-11T17:17:47","date_gmt":"2023-09-11T16:17:47","guid":{"rendered":"https:\/\/baralivres.ma\/?post_type=product&#038;p=12780"},"modified":"2023-09-11T17:17:47","modified_gmt":"2023-09-11T16:17:47","slug":"death-note-tome-11","status":"publish","type":"product","link":"https:\/\/baralivres.ma\/?product=death-note-tome-11","title":{"rendered":"Death Note Tome 11"},"content":{"rendered":"<p>Depuis la seconde saison (qui a d\u00e9but\u00e9 dans le tome 7), Death Note suit une \u00e9volution en dents de scie. D\u2019un chapitre \u00e0 l\u2019autre, Tsugumi Ohba peut passer du g\u00e9nie \u00e0 la m\u00e9diocrit\u00e9, et ce tome n\u2019\u00e9chappe pas vraiment \u00e0 la r\u00e8gle.<br \/>\nEn effet, les adeptes d\u2019action seront vraiment frustr\u00e9s \u00e0 la lecture de ce tome, puisqu\u2019il n\u2019y a que du dialogue. C\u2019est simple, il ne se passe presque<\/p>\n","protected":false},"excerpt":{"rendered":"<p>Depuis la seconde saison (qui a d\u00e9but\u00e9 dans le tome 7), Death Note suit une \u00e9volution en dents de scie. D\u2019un chapitre \u00e0 l\u2019autre, Tsugumi Ohba peut passer du g\u00e9nie \u00e0 la m\u00e9diocrit\u00e9, et ce tome n\u2019\u00e9chappe pas vraiment \u00e0 la r\u00e8gle.<br \/>\nEn effet, les adeptes d\u2019action seront vraiment frustr\u00e9s \u00e0 la lecture de ce tome, puisqu\u2019il n\u2019y a que du dialogue. C\u2019est simple, il ne se passe presque<\/p>\n","protected":false},"featured_media":12781,"comment_status":"open","ping_status":"closed","template":"","meta":{"inline_featured_image":false},"product_cat":[203,204,205],"product_tag":[],"class_list":{"0":"post-12780","1":"product","2":"type-product","3":"status-publish","4":"has-post-thumbnail","6":"product_cat-adolescente","7":"product_cat-francais","8":"product_cat-enfant-adolescente-francais","10":"first","11":"instock","12":"shipping-taxable","13":"purchasable","14":"product-type-simple"},"_links":{"self":[{"href":"https:\/\/baralivres.ma\/index.php?rest_route=\/wp\/v2\/product\/12780","targetHints":{"allow":["GET"]}}],"collection":[{"href":"https:\/\/baralivres.ma\/index.php?rest_route=\/wp\/v2\/product"}],"about":[{"href":"https:\/\/baralivres.ma\/index.php?rest_route=\/wp\/v2\/types\/product"}],"replies":[{"embeddable":true,"href":"https:\/\/baralivres.ma\/index.php?rest_route=%2Fwp%2Fv2%2Fcomments&post=12780"}],"version-history":[{"count":1,"href":"https:\/\/baralivres.ma\/index.php?rest_route=\/wp\/v2\/product\/12780\/revisions"}],"predecessor-version":[{"id":12782,"href":"https:\/\/baralivres.ma\/index.php?rest_route=\/wp\/v2\/product\/12780\/revisions\/12782"}],"wp:featuredmedia":[{"embeddable":true,"href":"https:\/\/baralivres.ma\/index.php?rest_route=\/wp\/v2\/media\/12781"}],"wp:attachment":[{"href":"https:\/\/baralivres.ma\/index.php?rest_route=%2Fwp%2Fv2%2Fmedia&parent=12780"}],"wp:term":[{"taxonomy":"product_cat","embeddable":true,"href":"https:\/\/baralivres.ma\/index.php?rest_route=%2Fwp%2Fv2%2Fproduct_cat&post=12780"},{"taxonomy":"product_tag","embeddable":true,"href":"https:\/\/baralivres.ma\/index.php?rest_route=%2Fwp%2Fv2%2Fproduct_tag&post=12780"}],"curies":[{"name":"wp","href":"https:\/\/api.w.org\/{rel}","templated":true}]}}