{"id":12777,"date":"2023-09-11T17:15:30","date_gmt":"2023-09-11T16:15:30","guid":{"rendered":"https:\/\/baralivres.ma\/?post_type=product&#038;p=12777"},"modified":"2023-09-11T17:15:31","modified_gmt":"2023-09-11T16:15:31","slug":"death-note-tome-12","status":"publish","type":"product","link":"https:\/\/baralivres.ma\/?product=death-note-tome-12","title":{"rendered":"Death Note Tome 12"},"content":{"rendered":"<p>Le d\u00e9nouement est proche pour Light et Near qui vont enfin s\u2019affronter ! Quelles strat\u00e9gies ces deux esprits hors du commun ont-ils donc \u00e9labor\u00e9es pour prendre le dessus sur leur adversaire ? Dernier chapitre pour le Death Note qui se refermera d\u00e9finitivement apr\u00e8s cet ultime duel !<\/p>\n","protected":false},"excerpt":{"rendered":"<p>Le d\u00e9nouement est proche pour Light et Near qui vont enfin s\u2019affronter ! Quelles strat\u00e9gies ces deux esprits hors du commun ont-ils donc \u00e9labor\u00e9es pour prendre le dessus sur leur adversaire ? Dernier chapitre pour le Death Note qui se refermera d\u00e9finitivement apr\u00e8s cet ultime duel !<\/p>\n","protected":false},"featured_media":12778,"comment_status":"open","ping_status":"closed","template":"","meta":{"inline_featured_image":false},"product_cat":[203,204,205],"product_tag":[],"class_list":{"0":"post-12777","1":"product","2":"type-product","3":"status-publish","4":"has-post-thumbnail","6":"product_cat-adolescente","7":"product_cat-francais","8":"product_cat-enfant-adolescente-francais","10":"first","11":"instock","12":"shipping-taxable","13":"purchasable","14":"product-type-simple"},"_links":{"self":[{"href":"https:\/\/baralivres.ma\/index.php?rest_route=\/wp\/v2\/product\/12777","targetHints":{"allow":["GET"]}}],"collection":[{"href":"https:\/\/baralivres.ma\/index.php?rest_route=\/wp\/v2\/product"}],"about":[{"href":"https:\/\/baralivres.ma\/index.php?rest_route=\/wp\/v2\/types\/product"}],"replies":[{"embeddable":true,"href":"https:\/\/baralivres.ma\/index.php?rest_route=%2Fwp%2Fv2%2Fcomments&post=12777"}],"version-history":[{"count":1,"href":"https:\/\/baralivres.ma\/index.php?rest_route=\/wp\/v2\/product\/12777\/revisions"}],"predecessor-version":[{"id":12779,"href":"https:\/\/baralivres.ma\/index.php?rest_route=\/wp\/v2\/product\/12777\/revisions\/12779"}],"wp:featuredmedia":[{"embeddable":true,"href":"https:\/\/baralivres.ma\/index.php?rest_route=\/wp\/v2\/media\/12778"}],"wp:attachment":[{"href":"https:\/\/baralivres.ma\/index.php?rest_route=%2Fwp%2Fv2%2Fmedia&parent=12777"}],"wp:term":[{"taxonomy":"product_cat","embeddable":true,"href":"https:\/\/baralivres.ma\/index.php?rest_route=%2Fwp%2Fv2%2Fproduct_cat&post=12777"},{"taxonomy":"product_tag","embeddable":true,"href":"https:\/\/baralivres.ma\/index.php?rest_route=%2Fwp%2Fv2%2Fproduct_tag&post=12777"}],"curies":[{"name":"wp","href":"https:\/\/api.w.org\/{rel}","templated":true}]}}