{"id":12774,"date":"2023-09-11T17:14:11","date_gmt":"2023-09-11T16:14:11","guid":{"rendered":"https:\/\/baralivres.ma\/?post_type=product&#038;p=12774"},"modified":"2023-09-11T17:14:11","modified_gmt":"2023-09-11T16:14:11","slug":"death-note-tome-13","status":"publish","type":"product","link":"https:\/\/baralivres.ma\/?product=death-note-tome-13","title":{"rendered":"Death Note Tome 13"},"content":{"rendered":"<div id=\"bookDescription_feature_div\" class=\"celwidget\" data-feature-name=\"bookDescription\" data-csa-c-type=\"widget\" data-csa-c-content-id=\"bookDescription\" data-csa-c-slot-id=\"bookDescription_feature_div\" data-csa-c-asin=\"2505004528\" data-csa-c-is-in-initial-active-row=\"false\" data-csa-c-id=\"rjqcn7-6x7j84-dtov4m-hejn4g\" data-cel-widget=\"bookDescription_feature_div\">\n<div class=\"a-expander-collapsed-height a-row a-expander-container a-spacing-base a-expander-partial-collapse-container\" data-a-expander-name=\"book_description_expander\" data-a-expander-collapsed-height=\"140\">\n<div class=\"a-expander-content a-expander-partial-collapse-content a-expander-content-expanded\" aria-expanded=\"true\">Tout ce que vous avez toujours r\u00eav\u00e9 de savoir sur l&rsquo;univers de Death Note sans jamais avoir os\u00e9 le demander ! Dans ce tome 13, on va de d\u00e9couverte en d\u00e9couverte ! Il s&rsquo;agit en fait d&rsquo;un guide tr\u00e8s complet sur tous les personnages &#8211; les principaux comme ceux qui n&rsquo;apparaissent que sur quelques pages &#8211; sur les \u00e9v\u00e8nements fondateurs du r\u00e9cit et sur les diff\u00e9rentes intrigues d\u00e9velopp\u00e9es tout au long de la s\u00e9rie. Tous les secrets vont enfin \u00eatre r\u00e9v\u00e9l\u00e9s !!<\/div>\n<\/div>\n<\/div>\n<div id=\"globalStoreInfoBullets_feature_div\" class=\"celwidget\" data-feature-name=\"globalStoreInfoBullets\" data-csa-c-type=\"widget\" data-csa-c-content-id=\"globalStoreInfoBullets\" data-csa-c-slot-id=\"globalStoreInfoBullets_feature_div\" data-csa-c-asin=\"2505004528\" data-csa-c-is-in-initial-active-row=\"false\" data-csa-c-id=\"7qum6w-duxoeu-g8g3xa-accorg\" data-cel-widget=\"globalStoreInfoBullets_feature_div\"><\/div>\n<div id=\"buyingOptionNostosBadge_feature_div\" class=\"celwidget\" data-feature-name=\"buyingOptionNostosBadge\" data-csa-c-type=\"widget\" data-csa-c-content-id=\"buyingOptionNostosBadge\" data-csa-c-slot-id=\"buyingOptionNostosBadge_feature_div\" data-csa-c-asin=\"2505004528\" data-csa-c-is-in-initial-active-row=\"false\" data-csa-c-id=\"krdb55-366vgr-6ixxeb-mlidt2\" data-cel-widget=\"buyingOptionNostosBadge_feature_div\"><\/div>\n<div id=\"edpIngress_feature_div\" class=\"celwidget\" data-feature-name=\"edpIngress\" data-csa-c-type=\"widget\" data-csa-c-content-id=\"edpIngress\" data-csa-c-slot-id=\"edpIngress_feature_div\" data-csa-c-asin=\"2505004528\" data-csa-c-is-in-initial-active-row=\"false\" data-csa-c-id=\"k5zffn-jflphe-9rb1ye-ndbntv\" data-cel-widget=\"edpIngress_feature_div\"><\/div>\n<div id=\"richProductInformation_feature_div\" class=\"celwidget\" data-feature-name=\"richProductInformation\" data-csa-c-type=\"widget\" data-csa-c-content-id=\"richProductInformation\" data-csa-c-slot-id=\"richProductInformation_feature_div\" data-csa-c-asin=\"2505004528\" data-csa-c-is-in-initial-active-row=\"false\" data-csa-c-id=\"tzx1rp-pwjol0-quhep0-30jatt\" data-cel-widget=\"richProductInformation_feature_div\">\n<div id=\"rich_product_information\" class=\"a-section a-spacing-none celwidget\" data-csa-c-id=\"f8wg1z-8j5y9o-57o7ef-fkj8xg\" data-cel-widget=\"rich_product_information\"><\/div>\n<\/div>\n","protected":false},"excerpt":{"rendered":"<div id=\"bookDescription_feature_div\" class=\"celwidget\" data-feature-name=\"bookDescription\" data-csa-c-type=\"widget\" data-csa-c-content-id=\"bookDescription\" data-csa-c-slot-id=\"bookDescription_feature_div\" data-csa-c-asin=\"2505004528\" data-csa-c-is-in-initial-active-row=\"false\" data-csa-c-id=\"rjqcn7-6x7j84-dtov4m-hejn4g\" data-cel-widget=\"bookDescription_feature_div\">\n<div class=\"a-expander-collapsed-height a-row a-expander-container a-spacing-base a-expander-partial-collapse-container\" data-a-expander-name=\"book_description_expander\" data-a-expander-collapsed-height=\"140\">\n<div class=\"a-expander-content a-expander-partial-collapse-content a-expander-content-expanded\" aria-expanded=\"true\">Tout ce que vous avez toujours r\u00eav\u00e9 de savoir sur l&rsquo;univers de Death Note sans jamais avoir os\u00e9 le demander ! Dans ce tome 13, on va de d\u00e9couverte en d\u00e9couverte ! Il s&rsquo;agit en fait d&rsquo;un guide tr\u00e8s complet sur tous les personnages &#8211; les principaux comme ceux qui n&rsquo;apparaissent que sur quelques pages &#8211; sur les \u00e9v\u00e8nements fondateurs du r\u00e9cit et sur les diff\u00e9rentes intrigues d\u00e9velopp\u00e9es tout au long de la s\u00e9rie. Tous les secrets vont enfin \u00eatre r\u00e9v\u00e9l\u00e9s !!<\/div>\n<\/div>\n<\/div>\n<div id=\"globalStoreInfoBullets_feature_div\" class=\"celwidget\" data-feature-name=\"globalStoreInfoBullets\" data-csa-c-type=\"widget\" data-csa-c-content-id=\"globalStoreInfoBullets\" data-csa-c-slot-id=\"globalStoreInfoBullets_feature_div\" data-csa-c-asin=\"2505004528\" data-csa-c-is-in-initial-active-row=\"false\" data-csa-c-id=\"7qum6w-duxoeu-g8g3xa-accorg\" data-cel-widget=\"globalStoreInfoBullets_feature_div\"><\/div>\n<div id=\"buyingOptionNostosBadge_feature_div\" class=\"celwidget\" data-feature-name=\"buyingOptionNostosBadge\" data-csa-c-type=\"widget\" data-csa-c-content-id=\"buyingOptionNostosBadge\" data-csa-c-slot-id=\"buyingOptionNostosBadge_feature_div\" data-csa-c-asin=\"2505004528\" data-csa-c-is-in-initial-active-row=\"false\" data-csa-c-id=\"krdb55-366vgr-6ixxeb-mlidt2\" data-cel-widget=\"buyingOptionNostosBadge_feature_div\"><\/div>\n<div id=\"edpIngress_feature_div\" class=\"celwidget\" data-feature-name=\"edpIngress\" data-csa-c-type=\"widget\" data-csa-c-content-id=\"edpIngress\" data-csa-c-slot-id=\"edpIngress_feature_div\" data-csa-c-asin=\"2505004528\" data-csa-c-is-in-initial-active-row=\"false\" data-csa-c-id=\"k5zffn-jflphe-9rb1ye-ndbntv\" data-cel-widget=\"edpIngress_feature_div\"><\/div>\n<div id=\"richProductInformation_feature_div\" class=\"celwidget\" data-feature-name=\"richProductInformation\" data-csa-c-type=\"widget\" data-csa-c-content-id=\"richProductInformation\" data-csa-c-slot-id=\"richProductInformation_feature_div\" data-csa-c-asin=\"2505004528\" data-csa-c-is-in-initial-active-row=\"false\" data-csa-c-id=\"tzx1rp-pwjol0-quhep0-30jatt\" data-cel-widget=\"richProductInformation_feature_div\">\n<div id=\"rich_product_information\" class=\"a-section a-spacing-none celwidget\" data-csa-c-id=\"f8wg1z-8j5y9o-57o7ef-fkj8xg\" data-cel-widget=\"rich_product_information\"><\/div>\n<\/div>\n","protected":false},"featured_media":12775,"comment_status":"open","ping_status":"closed","template":"","meta":{"inline_featured_image":false},"product_cat":[203,204,205],"product_tag":[],"class_list":{"0":"post-12774","1":"product","2":"type-product","3":"status-publish","4":"has-post-thumbnail","6":"product_cat-adolescente","7":"product_cat-francais","8":"product_cat-enfant-adolescente-francais","10":"first","11":"instock","12":"shipping-taxable","13":"purchasable","14":"product-type-simple"},"_links":{"self":[{"href":"https:\/\/baralivres.ma\/index.php?rest_route=\/wp\/v2\/product\/12774","targetHints":{"allow":["GET"]}}],"collection":[{"href":"https:\/\/baralivres.ma\/index.php?rest_route=\/wp\/v2\/product"}],"about":[{"href":"https:\/\/baralivres.ma\/index.php?rest_route=\/wp\/v2\/types\/product"}],"replies":[{"embeddable":true,"href":"https:\/\/baralivres.ma\/index.php?rest_route=%2Fwp%2Fv2%2Fcomments&post=12774"}],"version-history":[{"count":1,"href":"https:\/\/baralivres.ma\/index.php?rest_route=\/wp\/v2\/product\/12774\/revisions"}],"predecessor-version":[{"id":12776,"href":"https:\/\/baralivres.ma\/index.php?rest_route=\/wp\/v2\/product\/12774\/revisions\/12776"}],"wp:featuredmedia":[{"embeddable":true,"href":"https:\/\/baralivres.ma\/index.php?rest_route=\/wp\/v2\/media\/12775"}],"wp:attachment":[{"href":"https:\/\/baralivres.ma\/index.php?rest_route=%2Fwp%2Fv2%2Fmedia&parent=12774"}],"wp:term":[{"taxonomy":"product_cat","embeddable":true,"href":"https:\/\/baralivres.ma\/index.php?rest_route=%2Fwp%2Fv2%2Fproduct_cat&post=12774"},{"taxonomy":"product_tag","embeddable":true,"href":"https:\/\/baralivres.ma\/index.php?rest_route=%2Fwp%2Fv2%2Fproduct_tag&post=12774"}],"curies":[{"name":"wp","href":"https:\/\/api.w.org\/{rel}","templated":true}]}}