{"id":12771,"date":"2023-09-11T17:12:55","date_gmt":"2023-09-11T16:12:55","guid":{"rendered":"https:\/\/baralivres.ma\/?post_type=product&#038;p=12771"},"modified":"2023-09-11T17:12:55","modified_gmt":"2023-09-11T16:12:55","slug":"death-note-tome-10","status":"publish","type":"product","link":"https:\/\/baralivres.ma\/?product=death-note-tome-10","title":{"rendered":"Death Note Tome 10"},"content":{"rendered":"<p>Le Q.G. du S.P.K. est encercl\u00e9 par les partisans de Kira, mais Near r\u00e9ussit \u00e0 s\u2019\u00e9vader d\u2019une fa\u00e7on surprenante ! Les r\u00e9flexions de Near le poussent dor\u00e9navant \u00e0 concevoir de lourds soup\u00e7ons \u00e0 l\u2019\u00e9gard du second L, alias Light, ce qui n\u2019est pas sans incidence sur le bureau d\u2019enqu\u00eate japonais<\/p>\n","protected":false},"excerpt":{"rendered":"<p>Le Q.G. du S.P.K. est encercl\u00e9 par les partisans de Kira, mais Near r\u00e9ussit \u00e0 s\u2019\u00e9vader d\u2019une fa\u00e7on surprenante ! Les r\u00e9flexions de Near le poussent dor\u00e9navant \u00e0 concevoir de lourds soup\u00e7ons \u00e0 l\u2019\u00e9gard du second L, alias Light, ce qui n\u2019est pas sans incidence sur le bureau d\u2019enqu\u00eate japonais<\/p>\n","protected":false},"featured_media":12772,"comment_status":"open","ping_status":"closed","template":"","meta":{"inline_featured_image":false},"product_cat":[203,204,205],"product_tag":[],"class_list":{"0":"post-12771","1":"product","2":"type-product","3":"status-publish","4":"has-post-thumbnail","6":"product_cat-adolescente","7":"product_cat-francais","8":"product_cat-enfant-adolescente-francais","10":"first","11":"instock","12":"shipping-taxable","13":"purchasable","14":"product-type-simple"},"_links":{"self":[{"href":"https:\/\/baralivres.ma\/index.php?rest_route=\/wp\/v2\/product\/12771","targetHints":{"allow":["GET"]}}],"collection":[{"href":"https:\/\/baralivres.ma\/index.php?rest_route=\/wp\/v2\/product"}],"about":[{"href":"https:\/\/baralivres.ma\/index.php?rest_route=\/wp\/v2\/types\/product"}],"replies":[{"embeddable":true,"href":"https:\/\/baralivres.ma\/index.php?rest_route=%2Fwp%2Fv2%2Fcomments&post=12771"}],"version-history":[{"count":1,"href":"https:\/\/baralivres.ma\/index.php?rest_route=\/wp\/v2\/product\/12771\/revisions"}],"predecessor-version":[{"id":12773,"href":"https:\/\/baralivres.ma\/index.php?rest_route=\/wp\/v2\/product\/12771\/revisions\/12773"}],"wp:featuredmedia":[{"embeddable":true,"href":"https:\/\/baralivres.ma\/index.php?rest_route=\/wp\/v2\/media\/12772"}],"wp:attachment":[{"href":"https:\/\/baralivres.ma\/index.php?rest_route=%2Fwp%2Fv2%2Fmedia&parent=12771"}],"wp:term":[{"taxonomy":"product_cat","embeddable":true,"href":"https:\/\/baralivres.ma\/index.php?rest_route=%2Fwp%2Fv2%2Fproduct_cat&post=12771"},{"taxonomy":"product_tag","embeddable":true,"href":"https:\/\/baralivres.ma\/index.php?rest_route=%2Fwp%2Fv2%2Fproduct_tag&post=12771"}],"curies":[{"name":"wp","href":"https:\/\/api.w.org\/{rel}","templated":true}]}}