{"id":12768,"date":"2023-09-11T17:11:22","date_gmt":"2023-09-11T16:11:22","guid":{"rendered":"https:\/\/baralivres.ma\/?post_type=product&#038;p=12768"},"modified":"2023-09-11T17:11:22","modified_gmt":"2023-09-11T16:11:22","slug":"yu-gi-oh-tome-8","status":"publish","type":"product","link":"https:\/\/baralivres.ma\/?product=yu-gi-oh-tome-8","title":{"rendered":"Yu-Gi-Oh ! Tome 8"},"content":{"rendered":"<p>Maintenant, Yugi doit affronter un redoutable adversaire \u00e0 Magic &amp; Wizard. Ce n&rsquo;est autre que le cr\u00e9ateur du jeu lui-m\u00eame ! Et il semble pr\u00e9voir tous les coups de notre h\u00e9ros !<\/p>\n","protected":false},"excerpt":{"rendered":"<p>Maintenant, Yugi doit affronter un redoutable adversaire \u00e0 Magic &amp; Wizard. Ce n&rsquo;est autre que le cr\u00e9ateur du jeu lui-m\u00eame ! Et il semble pr\u00e9voir tous les coups de notre h\u00e9ros !<\/p>\n","protected":false},"featured_media":12769,"comment_status":"open","ping_status":"closed","template":"","meta":{"inline_featured_image":false},"product_cat":[203,204,205],"product_tag":[],"class_list":{"0":"post-12768","1":"product","2":"type-product","3":"status-publish","4":"has-post-thumbnail","6":"product_cat-adolescente","7":"product_cat-francais","8":"product_cat-enfant-adolescente-francais","10":"first","11":"instock","12":"shipping-taxable","13":"purchasable","14":"product-type-simple"},"_links":{"self":[{"href":"https:\/\/baralivres.ma\/index.php?rest_route=\/wp\/v2\/product\/12768","targetHints":{"allow":["GET"]}}],"collection":[{"href":"https:\/\/baralivres.ma\/index.php?rest_route=\/wp\/v2\/product"}],"about":[{"href":"https:\/\/baralivres.ma\/index.php?rest_route=\/wp\/v2\/types\/product"}],"replies":[{"embeddable":true,"href":"https:\/\/baralivres.ma\/index.php?rest_route=%2Fwp%2Fv2%2Fcomments&post=12768"}],"version-history":[{"count":1,"href":"https:\/\/baralivres.ma\/index.php?rest_route=\/wp\/v2\/product\/12768\/revisions"}],"predecessor-version":[{"id":12770,"href":"https:\/\/baralivres.ma\/index.php?rest_route=\/wp\/v2\/product\/12768\/revisions\/12770"}],"wp:featuredmedia":[{"embeddable":true,"href":"https:\/\/baralivres.ma\/index.php?rest_route=\/wp\/v2\/media\/12769"}],"wp:attachment":[{"href":"https:\/\/baralivres.ma\/index.php?rest_route=%2Fwp%2Fv2%2Fmedia&parent=12768"}],"wp:term":[{"taxonomy":"product_cat","embeddable":true,"href":"https:\/\/baralivres.ma\/index.php?rest_route=%2Fwp%2Fv2%2Fproduct_cat&post=12768"},{"taxonomy":"product_tag","embeddable":true,"href":"https:\/\/baralivres.ma\/index.php?rest_route=%2Fwp%2Fv2%2Fproduct_tag&post=12768"}],"curies":[{"name":"wp","href":"https:\/\/api.w.org\/{rel}","templated":true}]}}