{"id":12765,"date":"2023-09-11T17:10:08","date_gmt":"2023-09-11T16:10:08","guid":{"rendered":"https:\/\/baralivres.ma\/?post_type=product&#038;p=12765"},"modified":"2023-09-11T17:10:09","modified_gmt":"2023-09-11T16:10:09","slug":"yu-gi-oh-tome-7","status":"publish","type":"product","link":"https:\/\/baralivres.ma\/?product=yu-gi-oh-tome-7","title":{"rendered":"Yu-Gi-Oh ! Tome 7"},"content":{"rendered":"<p>Les jeux de d\u00e9s manquaient jusqu\u2019alors, mais le vide est combl\u00e9 avec l\u2019entr\u00e9e en sc\u00e8ne du ma\u00eetre, l\u2019inventeur du jeu \u00ab\u00a0Magic &amp; Wizard\u00a0\u00bb: Pegasus J. Crawford. Yugi l\u2019affronte mais perd pour la premi\u00e8re fois et doit subir la sanction.<\/p>\n","protected":false},"excerpt":{"rendered":"<p>Les jeux de d\u00e9s manquaient jusqu\u2019alors, mais le vide est combl\u00e9 avec l\u2019entr\u00e9e en sc\u00e8ne du ma\u00eetre, l\u2019inventeur du jeu \u00ab\u00a0Magic &amp; Wizard\u00a0\u00bb: Pegasus J. Crawford. Yugi l\u2019affronte mais perd pour la premi\u00e8re fois et doit subir la sanction.<\/p>\n","protected":false},"featured_media":12766,"comment_status":"open","ping_status":"closed","template":"","meta":{"inline_featured_image":false},"product_cat":[203,204,205],"product_tag":[],"class_list":{"0":"post-12765","1":"product","2":"type-product","3":"status-publish","4":"has-post-thumbnail","6":"product_cat-adolescente","7":"product_cat-francais","8":"product_cat-enfant-adolescente-francais","10":"first","11":"instock","12":"shipping-taxable","13":"purchasable","14":"product-type-simple"},"_links":{"self":[{"href":"https:\/\/baralivres.ma\/index.php?rest_route=\/wp\/v2\/product\/12765","targetHints":{"allow":["GET"]}}],"collection":[{"href":"https:\/\/baralivres.ma\/index.php?rest_route=\/wp\/v2\/product"}],"about":[{"href":"https:\/\/baralivres.ma\/index.php?rest_route=\/wp\/v2\/types\/product"}],"replies":[{"embeddable":true,"href":"https:\/\/baralivres.ma\/index.php?rest_route=%2Fwp%2Fv2%2Fcomments&post=12765"}],"version-history":[{"count":1,"href":"https:\/\/baralivres.ma\/index.php?rest_route=\/wp\/v2\/product\/12765\/revisions"}],"predecessor-version":[{"id":12767,"href":"https:\/\/baralivres.ma\/index.php?rest_route=\/wp\/v2\/product\/12765\/revisions\/12767"}],"wp:featuredmedia":[{"embeddable":true,"href":"https:\/\/baralivres.ma\/index.php?rest_route=\/wp\/v2\/media\/12766"}],"wp:attachment":[{"href":"https:\/\/baralivres.ma\/index.php?rest_route=%2Fwp%2Fv2%2Fmedia&parent=12765"}],"wp:term":[{"taxonomy":"product_cat","embeddable":true,"href":"https:\/\/baralivres.ma\/index.php?rest_route=%2Fwp%2Fv2%2Fproduct_cat&post=12765"},{"taxonomy":"product_tag","embeddable":true,"href":"https:\/\/baralivres.ma\/index.php?rest_route=%2Fwp%2Fv2%2Fproduct_tag&post=12765"}],"curies":[{"name":"wp","href":"https:\/\/api.w.org\/{rel}","templated":true}]}}