{"id":12762,"date":"2023-09-11T17:08:50","date_gmt":"2023-09-11T16:08:50","guid":{"rendered":"https:\/\/baralivres.ma\/?post_type=product&#038;p=12762"},"modified":"2023-09-11T17:08:51","modified_gmt":"2023-09-11T16:08:51","slug":"yu-gi-oh-tome-6","status":"publish","type":"product","link":"https:\/\/baralivres.ma\/?product=yu-gi-oh-tome-6","title":{"rendered":"Yu-Gi-Oh ! Tome 6"},"content":{"rendered":"<p>Gr\u00e2ce \u00e0 un nouveau proc\u00e9d\u00e9, commencent de nouvelles formes de duels : les monsters fight avec des cartes. Un nouvel \u00e9l\u00e8ve myst\u00e9rieux arrive dans la classe de Yugi. A l\u2019instar de celui-ci, il poss\u00e8de un pendentif magique et une deuxi\u00e8me personnalit\u00e9. Les deux gar\u00e7ons s\u2019affrontent.<\/p>\n","protected":false},"excerpt":{"rendered":"<p>Gr\u00e2ce \u00e0 un nouveau proc\u00e9d\u00e9, commencent de nouvelles formes de duels : les monsters fight avec des cartes. Un nouvel \u00e9l\u00e8ve myst\u00e9rieux arrive dans la classe de Yugi. A l\u2019instar de celui-ci, il poss\u00e8de un pendentif magique et une deuxi\u00e8me personnalit\u00e9. Les deux gar\u00e7ons s\u2019affrontent.<\/p>\n","protected":false},"featured_media":12763,"comment_status":"open","ping_status":"closed","template":"","meta":{"inline_featured_image":false},"product_cat":[203,204,205],"product_tag":[],"class_list":{"0":"post-12762","1":"product","2":"type-product","3":"status-publish","4":"has-post-thumbnail","6":"product_cat-adolescente","7":"product_cat-francais","8":"product_cat-enfant-adolescente-francais","10":"first","11":"instock","12":"shipping-taxable","13":"purchasable","14":"product-type-simple"},"_links":{"self":[{"href":"https:\/\/baralivres.ma\/index.php?rest_route=\/wp\/v2\/product\/12762","targetHints":{"allow":["GET"]}}],"collection":[{"href":"https:\/\/baralivres.ma\/index.php?rest_route=\/wp\/v2\/product"}],"about":[{"href":"https:\/\/baralivres.ma\/index.php?rest_route=\/wp\/v2\/types\/product"}],"replies":[{"embeddable":true,"href":"https:\/\/baralivres.ma\/index.php?rest_route=%2Fwp%2Fv2%2Fcomments&post=12762"}],"version-history":[{"count":1,"href":"https:\/\/baralivres.ma\/index.php?rest_route=\/wp\/v2\/product\/12762\/revisions"}],"predecessor-version":[{"id":12764,"href":"https:\/\/baralivres.ma\/index.php?rest_route=\/wp\/v2\/product\/12762\/revisions\/12764"}],"wp:featuredmedia":[{"embeddable":true,"href":"https:\/\/baralivres.ma\/index.php?rest_route=\/wp\/v2\/media\/12763"}],"wp:attachment":[{"href":"https:\/\/baralivres.ma\/index.php?rest_route=%2Fwp%2Fv2%2Fmedia&parent=12762"}],"wp:term":[{"taxonomy":"product_cat","embeddable":true,"href":"https:\/\/baralivres.ma\/index.php?rest_route=%2Fwp%2Fv2%2Fproduct_cat&post=12762"},{"taxonomy":"product_tag","embeddable":true,"href":"https:\/\/baralivres.ma\/index.php?rest_route=%2Fwp%2Fv2%2Fproduct_tag&post=12762"}],"curies":[{"name":"wp","href":"https:\/\/api.w.org\/{rel}","templated":true}]}}