{"id":12759,"date":"2023-09-11T17:07:37","date_gmt":"2023-09-11T16:07:37","guid":{"rendered":"https:\/\/baralivres.ma\/?post_type=product&#038;p=12759"},"modified":"2023-09-11T17:07:38","modified_gmt":"2023-09-11T16:07:38","slug":"yu-gi-oh-tome-5","status":"publish","type":"product","link":"https:\/\/baralivres.ma\/?product=yu-gi-oh-tome-5","title":{"rendered":"Yu-Gi-Oh ! Tome 5"},"content":{"rendered":"<p>Les participants arrivent dans le deuxi\u00e8me terrain de jeu. Apr\u00e8s maintes p\u00e9rip\u00e9ties, Yugi prend finalement le dessus sur Kaiba dans un duel de cartes acharn\u00e9 et plonge ce dernier dans une forme de coma mystique.<\/p>\n","protected":false},"excerpt":{"rendered":"<p>Les participants arrivent dans le deuxi\u00e8me terrain de jeu. Apr\u00e8s maintes p\u00e9rip\u00e9ties, Yugi prend finalement le dessus sur Kaiba dans un duel de cartes acharn\u00e9 et plonge ce dernier dans une forme de coma mystique.<\/p>\n","protected":false},"featured_media":12760,"comment_status":"open","ping_status":"closed","template":"","meta":{"inline_featured_image":false},"product_cat":[203,204,205],"product_tag":[],"class_list":{"0":"post-12759","1":"product","2":"type-product","3":"status-publish","4":"has-post-thumbnail","6":"product_cat-adolescente","7":"product_cat-francais","8":"product_cat-enfant-adolescente-francais","10":"first","11":"instock","12":"shipping-taxable","13":"purchasable","14":"product-type-simple"},"_links":{"self":[{"href":"https:\/\/baralivres.ma\/index.php?rest_route=\/wp\/v2\/product\/12759","targetHints":{"allow":["GET"]}}],"collection":[{"href":"https:\/\/baralivres.ma\/index.php?rest_route=\/wp\/v2\/product"}],"about":[{"href":"https:\/\/baralivres.ma\/index.php?rest_route=\/wp\/v2\/types\/product"}],"replies":[{"embeddable":true,"href":"https:\/\/baralivres.ma\/index.php?rest_route=%2Fwp%2Fv2%2Fcomments&post=12759"}],"version-history":[{"count":1,"href":"https:\/\/baralivres.ma\/index.php?rest_route=\/wp\/v2\/product\/12759\/revisions"}],"predecessor-version":[{"id":12761,"href":"https:\/\/baralivres.ma\/index.php?rest_route=\/wp\/v2\/product\/12759\/revisions\/12761"}],"wp:featuredmedia":[{"embeddable":true,"href":"https:\/\/baralivres.ma\/index.php?rest_route=\/wp\/v2\/media\/12760"}],"wp:attachment":[{"href":"https:\/\/baralivres.ma\/index.php?rest_route=%2Fwp%2Fv2%2Fmedia&parent=12759"}],"wp:term":[{"taxonomy":"product_cat","embeddable":true,"href":"https:\/\/baralivres.ma\/index.php?rest_route=%2Fwp%2Fv2%2Fproduct_cat&post=12759"},{"taxonomy":"product_tag","embeddable":true,"href":"https:\/\/baralivres.ma\/index.php?rest_route=%2Fwp%2Fv2%2Fproduct_tag&post=12759"}],"curies":[{"name":"wp","href":"https:\/\/api.w.org\/{rel}","templated":true}]}}