{"id":12753,"date":"2023-09-11T17:04:36","date_gmt":"2023-09-11T16:04:36","guid":{"rendered":"https:\/\/baralivres.ma\/?post_type=product&#038;p=12753"},"modified":"2023-09-11T17:04:36","modified_gmt":"2023-09-11T16:04:36","slug":"yu-gi-oh-tome-3","status":"publish","type":"product","link":"https:\/\/baralivres.ma\/?product=yu-gi-oh-tome-3","title":{"rendered":"Yu-Gi-Oh ! Tome 3"},"content":{"rendered":"<p>Yugi est de nouveau face \u00e0 Shadi , mais c\u2019est lui qui est cette fois mis \u00e0 l\u2019\u00e9preuve, Jonouchi et Anzu se retrouvant \u00e9galement impliqu\u00e9s malgr\u00e9 eux dans le duel. Tout se termine bien, heureusement. Yugi le redresseur de torts continue son chemin et y trouve un autre membre de la famille Kaiba : le jeune Mokuba.<\/p>\n","protected":false},"excerpt":{"rendered":"<p>Yugi est de nouveau face \u00e0 Shadi , mais c\u2019est lui qui est cette fois mis \u00e0 l\u2019\u00e9preuve, Jonouchi et Anzu se retrouvant \u00e9galement impliqu\u00e9s malgr\u00e9 eux dans le duel. Tout se termine bien, heureusement. Yugi le redresseur de torts continue son chemin et y trouve un autre membre de la famille Kaiba : le jeune Mokuba.<\/p>\n","protected":false},"featured_media":12754,"comment_status":"open","ping_status":"closed","template":"","meta":{"inline_featured_image":false},"product_cat":[203,204,205],"product_tag":[],"class_list":{"0":"post-12753","1":"product","2":"type-product","3":"status-publish","4":"has-post-thumbnail","6":"product_cat-adolescente","7":"product_cat-francais","8":"product_cat-enfant-adolescente-francais","10":"first","11":"instock","12":"shipping-taxable","13":"purchasable","14":"product-type-simple"},"_links":{"self":[{"href":"https:\/\/baralivres.ma\/index.php?rest_route=\/wp\/v2\/product\/12753","targetHints":{"allow":["GET"]}}],"collection":[{"href":"https:\/\/baralivres.ma\/index.php?rest_route=\/wp\/v2\/product"}],"about":[{"href":"https:\/\/baralivres.ma\/index.php?rest_route=\/wp\/v2\/types\/product"}],"replies":[{"embeddable":true,"href":"https:\/\/baralivres.ma\/index.php?rest_route=%2Fwp%2Fv2%2Fcomments&post=12753"}],"version-history":[{"count":1,"href":"https:\/\/baralivres.ma\/index.php?rest_route=\/wp\/v2\/product\/12753\/revisions"}],"predecessor-version":[{"id":12755,"href":"https:\/\/baralivres.ma\/index.php?rest_route=\/wp\/v2\/product\/12753\/revisions\/12755"}],"wp:featuredmedia":[{"embeddable":true,"href":"https:\/\/baralivres.ma\/index.php?rest_route=\/wp\/v2\/media\/12754"}],"wp:attachment":[{"href":"https:\/\/baralivres.ma\/index.php?rest_route=%2Fwp%2Fv2%2Fmedia&parent=12753"}],"wp:term":[{"taxonomy":"product_cat","embeddable":true,"href":"https:\/\/baralivres.ma\/index.php?rest_route=%2Fwp%2Fv2%2Fproduct_cat&post=12753"},{"taxonomy":"product_tag","embeddable":true,"href":"https:\/\/baralivres.ma\/index.php?rest_route=%2Fwp%2Fv2%2Fproduct_tag&post=12753"}],"curies":[{"name":"wp","href":"https:\/\/api.w.org\/{rel}","templated":true}]}}