{"id":12747,"date":"2023-09-11T16:59:10","date_gmt":"2023-09-11T15:59:10","guid":{"rendered":"https:\/\/baralivres.ma\/?post_type=product&#038;p=12747"},"modified":"2023-09-11T16:59:10","modified_gmt":"2023-09-11T15:59:10","slug":"yu-gi-oh-tome-1","status":"publish","type":"product","link":"https:\/\/baralivres.ma\/?product=yu-gi-oh-tome-1","title":{"rendered":"Yu-Gi-Oh ! Tome 1"},"content":{"rendered":"<p>Yugi Muto est un jeune lyc\u00e9en comme les autres, un peu timide, qui vit avec son grand-p\u00e8re. Apr\u00e8s de multiples tentatives, Yugi parvient \u00e0 r\u00e9soudre le myst\u00e8re du puzzle mill\u00e9naire. Se r\u00e9v\u00e8le alors une seconde personnalit\u00e9, sombre, qui sommeillait en lui. M\u00ealant astuce et magie, Yugi donne des le\u00e7ons \u00e0 ceux qui font fausse route.<\/p>\n","protected":false},"excerpt":{"rendered":"<p>Yugi Muto est un jeune lyc\u00e9en comme les autres, un peu timide, qui vit avec son grand-p\u00e8re. Apr\u00e8s de multiples tentatives, Yugi parvient \u00e0 r\u00e9soudre le myst\u00e8re du puzzle mill\u00e9naire. Se r\u00e9v\u00e8le alors une seconde personnalit\u00e9, sombre, qui sommeillait en lui. M\u00ealant astuce et magie, Yugi donne des le\u00e7ons \u00e0 ceux qui font fausse route.<\/p>\n","protected":false},"featured_media":12748,"comment_status":"open","ping_status":"closed","template":"","meta":{"inline_featured_image":false},"product_cat":[203,205],"product_tag":[],"class_list":{"0":"post-12747","1":"product","2":"type-product","3":"status-publish","4":"has-post-thumbnail","6":"product_cat-adolescente","7":"product_cat-enfant-adolescente-francais","9":"first","10":"instock","11":"shipping-taxable","12":"purchasable","13":"product-type-simple"},"_links":{"self":[{"href":"https:\/\/baralivres.ma\/index.php?rest_route=\/wp\/v2\/product\/12747","targetHints":{"allow":["GET"]}}],"collection":[{"href":"https:\/\/baralivres.ma\/index.php?rest_route=\/wp\/v2\/product"}],"about":[{"href":"https:\/\/baralivres.ma\/index.php?rest_route=\/wp\/v2\/types\/product"}],"replies":[{"embeddable":true,"href":"https:\/\/baralivres.ma\/index.php?rest_route=%2Fwp%2Fv2%2Fcomments&post=12747"}],"version-history":[{"count":1,"href":"https:\/\/baralivres.ma\/index.php?rest_route=\/wp\/v2\/product\/12747\/revisions"}],"predecessor-version":[{"id":12749,"href":"https:\/\/baralivres.ma\/index.php?rest_route=\/wp\/v2\/product\/12747\/revisions\/12749"}],"wp:featuredmedia":[{"embeddable":true,"href":"https:\/\/baralivres.ma\/index.php?rest_route=\/wp\/v2\/media\/12748"}],"wp:attachment":[{"href":"https:\/\/baralivres.ma\/index.php?rest_route=%2Fwp%2Fv2%2Fmedia&parent=12747"}],"wp:term":[{"taxonomy":"product_cat","embeddable":true,"href":"https:\/\/baralivres.ma\/index.php?rest_route=%2Fwp%2Fv2%2Fproduct_cat&post=12747"},{"taxonomy":"product_tag","embeddable":true,"href":"https:\/\/baralivres.ma\/index.php?rest_route=%2Fwp%2Fv2%2Fproduct_tag&post=12747"}],"curies":[{"name":"wp","href":"https:\/\/api.w.org\/{rel}","templated":true}]}}