{"id":12744,"date":"2023-09-11T16:57:06","date_gmt":"2023-09-11T15:57:06","guid":{"rendered":"https:\/\/baralivres.ma\/?post_type=product&#038;p=12744"},"modified":"2023-09-11T16:57:07","modified_gmt":"2023-09-11T15:57:07","slug":"yu-gi-oh-tome-11","status":"publish","type":"product","link":"https:\/\/baralivres.ma\/?product=yu-gi-oh-tome-11","title":{"rendered":"Yu-Gi-Oh ! Tome 11"},"content":{"rendered":"<p>Revenu \u00e0 la vie \u00e0 la grande surprise de Y\u00fbgi et de ses amis, Seto Kaiba se rend \u00e0 son tour sur la terre des duellistes. Il va y affronter seul P\u00e9gasus J. Crawford, le ma\u00eetre du jeu. Le ch\u00e2teau de ce dernier est en vue quand Jonouchi tombe dans un pi\u00e8ge. Y\u00fbgi parviendra-t-il \u00e0 le sortir de ce mauvais pas ?<\/p>\n","protected":false},"excerpt":{"rendered":"<p>Revenu \u00e0 la vie \u00e0 la grande surprise de Y\u00fbgi et de ses amis, Seto Kaiba se rend \u00e0 son tour sur la terre des duellistes. Il va y affronter seul P\u00e9gasus J. Crawford, le ma\u00eetre du jeu. Le ch\u00e2teau de ce dernier est en vue quand Jonouchi tombe dans un pi\u00e8ge. Y\u00fbgi parviendra-t-il \u00e0 le sortir de ce mauvais pas ?<\/p>\n","protected":false},"featured_media":12745,"comment_status":"open","ping_status":"closed","template":"","meta":{"inline_featured_image":false},"product_cat":[203,204,205],"product_tag":[],"class_list":{"0":"post-12744","1":"product","2":"type-product","3":"status-publish","4":"has-post-thumbnail","6":"product_cat-adolescente","7":"product_cat-francais","8":"product_cat-enfant-adolescente-francais","10":"first","11":"instock","12":"shipping-taxable","13":"purchasable","14":"product-type-simple"},"_links":{"self":[{"href":"https:\/\/baralivres.ma\/index.php?rest_route=\/wp\/v2\/product\/12744","targetHints":{"allow":["GET"]}}],"collection":[{"href":"https:\/\/baralivres.ma\/index.php?rest_route=\/wp\/v2\/product"}],"about":[{"href":"https:\/\/baralivres.ma\/index.php?rest_route=\/wp\/v2\/types\/product"}],"replies":[{"embeddable":true,"href":"https:\/\/baralivres.ma\/index.php?rest_route=%2Fwp%2Fv2%2Fcomments&post=12744"}],"version-history":[{"count":1,"href":"https:\/\/baralivres.ma\/index.php?rest_route=\/wp\/v2\/product\/12744\/revisions"}],"predecessor-version":[{"id":12746,"href":"https:\/\/baralivres.ma\/index.php?rest_route=\/wp\/v2\/product\/12744\/revisions\/12746"}],"wp:featuredmedia":[{"embeddable":true,"href":"https:\/\/baralivres.ma\/index.php?rest_route=\/wp\/v2\/media\/12745"}],"wp:attachment":[{"href":"https:\/\/baralivres.ma\/index.php?rest_route=%2Fwp%2Fv2%2Fmedia&parent=12744"}],"wp:term":[{"taxonomy":"product_cat","embeddable":true,"href":"https:\/\/baralivres.ma\/index.php?rest_route=%2Fwp%2Fv2%2Fproduct_cat&post=12744"},{"taxonomy":"product_tag","embeddable":true,"href":"https:\/\/baralivres.ma\/index.php?rest_route=%2Fwp%2Fv2%2Fproduct_tag&post=12744"}],"curies":[{"name":"wp","href":"https:\/\/api.w.org\/{rel}","templated":true}]}}