{"id":12741,"date":"2023-09-11T16:55:45","date_gmt":"2023-09-11T15:55:45","guid":{"rendered":"https:\/\/baralivres.ma\/?post_type=product&#038;p=12741"},"modified":"2023-09-11T16:55:46","modified_gmt":"2023-09-11T15:55:46","slug":"yu-gi-oh-tome-10","status":"publish","type":"product","link":"https:\/\/baralivres.ma\/?product=yu-gi-oh-tome-10","title":{"rendered":"Yu-Gi-Oh ! Tome 10"},"content":{"rendered":"<p>Le duel qui oppose Y\u00fbgi et ses amis \u00e0 Pegasus, le cr\u00e9ateur du jeu Magic &amp; Wizard, bat son plein ! Il ne leur reste plus que quelques \u00e9toiles \u00e0 obtenir avant de pouvoir affronter le ma\u00eetre du jeu en personne ! Le joueur pourra-t-il d\u00e9passer le cr\u00e9ateur ?!<\/p>\n","protected":false},"excerpt":{"rendered":"<p>Le duel qui oppose Y\u00fbgi et ses amis \u00e0 Pegasus, le cr\u00e9ateur du jeu Magic &amp; Wizard, bat son plein ! Il ne leur reste plus que quelques \u00e9toiles \u00e0 obtenir avant de pouvoir affronter le ma\u00eetre du jeu en personne ! Le joueur pourra-t-il d\u00e9passer le cr\u00e9ateur ?!<\/p>\n","protected":false},"featured_media":12742,"comment_status":"open","ping_status":"closed","template":"","meta":{"inline_featured_image":false},"product_cat":[203,204,205],"product_tag":[],"class_list":{"0":"post-12741","1":"product","2":"type-product","3":"status-publish","4":"has-post-thumbnail","6":"product_cat-adolescente","7":"product_cat-francais","8":"product_cat-enfant-adolescente-francais","10":"first","11":"instock","12":"shipping-taxable","13":"purchasable","14":"product-type-simple"},"_links":{"self":[{"href":"https:\/\/baralivres.ma\/index.php?rest_route=\/wp\/v2\/product\/12741","targetHints":{"allow":["GET"]}}],"collection":[{"href":"https:\/\/baralivres.ma\/index.php?rest_route=\/wp\/v2\/product"}],"about":[{"href":"https:\/\/baralivres.ma\/index.php?rest_route=\/wp\/v2\/types\/product"}],"replies":[{"embeddable":true,"href":"https:\/\/baralivres.ma\/index.php?rest_route=%2Fwp%2Fv2%2Fcomments&post=12741"}],"version-history":[{"count":1,"href":"https:\/\/baralivres.ma\/index.php?rest_route=\/wp\/v2\/product\/12741\/revisions"}],"predecessor-version":[{"id":12743,"href":"https:\/\/baralivres.ma\/index.php?rest_route=\/wp\/v2\/product\/12741\/revisions\/12743"}],"wp:featuredmedia":[{"embeddable":true,"href":"https:\/\/baralivres.ma\/index.php?rest_route=\/wp\/v2\/media\/12742"}],"wp:attachment":[{"href":"https:\/\/baralivres.ma\/index.php?rest_route=%2Fwp%2Fv2%2Fmedia&parent=12741"}],"wp:term":[{"taxonomy":"product_cat","embeddable":true,"href":"https:\/\/baralivres.ma\/index.php?rest_route=%2Fwp%2Fv2%2Fproduct_cat&post=12741"},{"taxonomy":"product_tag","embeddable":true,"href":"https:\/\/baralivres.ma\/index.php?rest_route=%2Fwp%2Fv2%2Fproduct_tag&post=12741"}],"curies":[{"name":"wp","href":"https:\/\/api.w.org\/{rel}","templated":true}]}}