{"id":12738,"date":"2023-09-11T16:54:10","date_gmt":"2023-09-11T15:54:10","guid":{"rendered":"https:\/\/baralivres.ma\/?post_type=product&#038;p=12738"},"modified":"2023-09-11T16:54:10","modified_gmt":"2023-09-11T15:54:10","slug":"yu-gi-oh-tome-9","status":"publish","type":"product","link":"https:\/\/baralivres.ma\/?product=yu-gi-oh-tome-9","title":{"rendered":"Yu-Gi-Oh ! Tome 9"},"content":{"rendered":"<p>Le duel entre Y\u00fbgi et le cr\u00e9ateur du jeu \u00ab\u00a0Magic &amp; Wizard\u00a0\u00bb bat son plein ! Y\u00fbgi et ses amis devront faire preuve d&rsquo;une ing\u00e9niosit\u00e9 hors du commun pour parvenir \u00e0 sortir du traquenard dans lequel ils se trouvent<\/p>\n","protected":false},"excerpt":{"rendered":"<p>Le duel entre Y\u00fbgi et le cr\u00e9ateur du jeu \u00ab\u00a0Magic &amp; Wizard\u00a0\u00bb bat son plein ! Y\u00fbgi et ses amis devront faire preuve d&rsquo;une ing\u00e9niosit\u00e9 hors du commun pour parvenir \u00e0 sortir du traquenard dans lequel ils se trouvent<\/p>\n","protected":false},"featured_media":12739,"comment_status":"open","ping_status":"closed","template":"","meta":{"inline_featured_image":false},"product_cat":[203,204,205],"product_tag":[],"class_list":{"0":"post-12738","1":"product","2":"type-product","3":"status-publish","4":"has-post-thumbnail","6":"product_cat-adolescente","7":"product_cat-francais","8":"product_cat-enfant-adolescente-francais","10":"first","11":"instock","12":"shipping-taxable","13":"purchasable","14":"product-type-simple"},"_links":{"self":[{"href":"https:\/\/baralivres.ma\/index.php?rest_route=\/wp\/v2\/product\/12738","targetHints":{"allow":["GET"]}}],"collection":[{"href":"https:\/\/baralivres.ma\/index.php?rest_route=\/wp\/v2\/product"}],"about":[{"href":"https:\/\/baralivres.ma\/index.php?rest_route=\/wp\/v2\/types\/product"}],"replies":[{"embeddable":true,"href":"https:\/\/baralivres.ma\/index.php?rest_route=%2Fwp%2Fv2%2Fcomments&post=12738"}],"version-history":[{"count":1,"href":"https:\/\/baralivres.ma\/index.php?rest_route=\/wp\/v2\/product\/12738\/revisions"}],"predecessor-version":[{"id":12740,"href":"https:\/\/baralivres.ma\/index.php?rest_route=\/wp\/v2\/product\/12738\/revisions\/12740"}],"wp:featuredmedia":[{"embeddable":true,"href":"https:\/\/baralivres.ma\/index.php?rest_route=\/wp\/v2\/media\/12739"}],"wp:attachment":[{"href":"https:\/\/baralivres.ma\/index.php?rest_route=%2Fwp%2Fv2%2Fmedia&parent=12738"}],"wp:term":[{"taxonomy":"product_cat","embeddable":true,"href":"https:\/\/baralivres.ma\/index.php?rest_route=%2Fwp%2Fv2%2Fproduct_cat&post=12738"},{"taxonomy":"product_tag","embeddable":true,"href":"https:\/\/baralivres.ma\/index.php?rest_route=%2Fwp%2Fv2%2Fproduct_tag&post=12738"}],"curies":[{"name":"wp","href":"https:\/\/api.w.org\/{rel}","templated":true}]}}