{"id":12729,"date":"2023-09-11T16:47:22","date_gmt":"2023-09-11T15:47:22","guid":{"rendered":"https:\/\/baralivres.ma\/?post_type=product&#038;p=12729"},"modified":"2023-09-11T16:47:22","modified_gmt":"2023-09-11T15:47:22","slug":"vigilante-my-hero-academia-illegals-tome-13","status":"publish","type":"product","link":"https:\/\/baralivres.ma\/?product=vigilante-my-hero-academia-illegals-tome-13","title":{"rendered":"Vigilante My Hero Academia Illegals Tome 13"},"content":{"rendered":"<p>Les h\u00e9ros de l&rsquo;ombre \u00e0 la rescousse ! Alors que l&rsquo;inspecteur Tanuma avait enfin compris qui se cachait derri\u00e8re les vilains \u00e9clair, il est r\u00e9duit au silence avant d&rsquo;avoir pu faire part de ses conclusions \u00e0 ses coll\u00e8gues. R\u00e9sultat, l&rsquo;enqu\u00eate pi\u00e9tine et Naomasa Tsukauchi est sur les nerfs&#8230; Muni d&rsquo;un mandat d&rsquo;arr\u00eat contre The Crawler, il cherche \u00e0 se d\u00e9barrasser des justiciers de Naruhata ! Koichi prend la fuite, mais on ne s\u00e8me pas si facilement Eraser Head&#8230;<\/p>\n","protected":false},"excerpt":{"rendered":"<p>Les h\u00e9ros de l&rsquo;ombre \u00e0 la rescousse ! Alors que l&rsquo;inspecteur Tanuma avait enfin compris qui se cachait derri\u00e8re les vilains \u00e9clair, il est r\u00e9duit au silence avant d&rsquo;avoir pu faire part de ses conclusions \u00e0 ses coll\u00e8gues. R\u00e9sultat, l&rsquo;enqu\u00eate pi\u00e9tine et Naomasa Tsukauchi est sur les nerfs&#8230; Muni d&rsquo;un mandat d&rsquo;arr\u00eat contre The Crawler, il cherche \u00e0 se d\u00e9barrasser des justiciers de Naruhata ! Koichi prend la fuite, mais on ne s\u00e8me pas si facilement Eraser Head&#8230;<\/p>\n","protected":false},"featured_media":12730,"comment_status":"open","ping_status":"closed","template":"","meta":{"inline_featured_image":false},"product_cat":[203,204,205],"product_tag":[],"class_list":{"0":"post-12729","1":"product","2":"type-product","3":"status-publish","4":"has-post-thumbnail","6":"product_cat-adolescente","7":"product_cat-francais","8":"product_cat-enfant-adolescente-francais","10":"first","11":"instock","12":"shipping-taxable","13":"purchasable","14":"product-type-simple"},"_links":{"self":[{"href":"https:\/\/baralivres.ma\/index.php?rest_route=\/wp\/v2\/product\/12729","targetHints":{"allow":["GET"]}}],"collection":[{"href":"https:\/\/baralivres.ma\/index.php?rest_route=\/wp\/v2\/product"}],"about":[{"href":"https:\/\/baralivres.ma\/index.php?rest_route=\/wp\/v2\/types\/product"}],"replies":[{"embeddable":true,"href":"https:\/\/baralivres.ma\/index.php?rest_route=%2Fwp%2Fv2%2Fcomments&post=12729"}],"version-history":[{"count":1,"href":"https:\/\/baralivres.ma\/index.php?rest_route=\/wp\/v2\/product\/12729\/revisions"}],"predecessor-version":[{"id":12731,"href":"https:\/\/baralivres.ma\/index.php?rest_route=\/wp\/v2\/product\/12729\/revisions\/12731"}],"wp:featuredmedia":[{"embeddable":true,"href":"https:\/\/baralivres.ma\/index.php?rest_route=\/wp\/v2\/media\/12730"}],"wp:attachment":[{"href":"https:\/\/baralivres.ma\/index.php?rest_route=%2Fwp%2Fv2%2Fmedia&parent=12729"}],"wp:term":[{"taxonomy":"product_cat","embeddable":true,"href":"https:\/\/baralivres.ma\/index.php?rest_route=%2Fwp%2Fv2%2Fproduct_cat&post=12729"},{"taxonomy":"product_tag","embeddable":true,"href":"https:\/\/baralivres.ma\/index.php?rest_route=%2Fwp%2Fv2%2Fproduct_tag&post=12729"}],"curies":[{"name":"wp","href":"https:\/\/api.w.org\/{rel}","templated":true}]}}