{"id":12726,"date":"2023-09-11T16:46:12","date_gmt":"2023-09-11T15:46:12","guid":{"rendered":"https:\/\/baralivres.ma\/?post_type=product&#038;p=12726"},"modified":"2023-09-11T16:46:13","modified_gmt":"2023-09-11T15:46:13","slug":"vigilante-my-hero-academia-illegals-tome-11","status":"publish","type":"product","link":"https:\/\/baralivres.ma\/?product=vigilante-my-hero-academia-illegals-tome-11","title":{"rendered":"Vigilante My Hero Academia Illegals Tome 11"},"content":{"rendered":"<p>Les h\u00e9ros de l&rsquo;ombre \u00e0 la rescousse ! Rendue \u00e0 moiti\u00e9 folle par le parasite dans son oeil, Pop d\u00e9cide de tout donner pour un dernier spectacle, mettant une nouvelle fois la ville \u00e0 feu et \u00e0 sang avec les explosions de ses abeilles tueuses. Seul Koichi pourrait encore la sauver, si seulement Endeavor ne lui barrait pas la route&#8230; Justicier ou vilain, pour le n\u00b0 2 des super-h\u00e9ros, c&rsquo;est du pareil au m\u00eame.<\/p>\n","protected":false},"excerpt":{"rendered":"<p>Heureusement, l&rsquo;entra\u00eenement du Crawler a port\u00e9 ses fruits et il parvient \u00e0 se propulser jusqu&rsquo;\u00e0 son amie&#8230; mais alors qu&rsquo;il s&rsquo;appr\u00eate \u00e0 lui prendre la main, quelqu&rsquo;un tire dans le dos de l&rsquo;adolescente ! Red\u00e9couvrez l&rsquo;univers de My Hero Academia sous un nouvel angle, celui des h\u00e9ros hors-la-loi ! Le th\u00e8me des justiciers est r\u00e9current dans les comics am\u00e9ricains ; il ne manquait plus qu&rsquo;un manga pour le mettre en valeur.<\/p>\n","protected":false},"featured_media":12727,"comment_status":"open","ping_status":"closed","template":"","meta":{"inline_featured_image":false},"product_cat":[203,204,205],"product_tag":[],"class_list":{"0":"post-12726","1":"product","2":"type-product","3":"status-publish","4":"has-post-thumbnail","6":"product_cat-adolescente","7":"product_cat-francais","8":"product_cat-enfant-adolescente-francais","10":"first","11":"instock","12":"shipping-taxable","13":"purchasable","14":"product-type-simple"},"_links":{"self":[{"href":"https:\/\/baralivres.ma\/index.php?rest_route=\/wp\/v2\/product\/12726","targetHints":{"allow":["GET"]}}],"collection":[{"href":"https:\/\/baralivres.ma\/index.php?rest_route=\/wp\/v2\/product"}],"about":[{"href":"https:\/\/baralivres.ma\/index.php?rest_route=\/wp\/v2\/types\/product"}],"replies":[{"embeddable":true,"href":"https:\/\/baralivres.ma\/index.php?rest_route=%2Fwp%2Fv2%2Fcomments&post=12726"}],"version-history":[{"count":1,"href":"https:\/\/baralivres.ma\/index.php?rest_route=\/wp\/v2\/product\/12726\/revisions"}],"predecessor-version":[{"id":12728,"href":"https:\/\/baralivres.ma\/index.php?rest_route=\/wp\/v2\/product\/12726\/revisions\/12728"}],"wp:featuredmedia":[{"embeddable":true,"href":"https:\/\/baralivres.ma\/index.php?rest_route=\/wp\/v2\/media\/12727"}],"wp:attachment":[{"href":"https:\/\/baralivres.ma\/index.php?rest_route=%2Fwp%2Fv2%2Fmedia&parent=12726"}],"wp:term":[{"taxonomy":"product_cat","embeddable":true,"href":"https:\/\/baralivres.ma\/index.php?rest_route=%2Fwp%2Fv2%2Fproduct_cat&post=12726"},{"taxonomy":"product_tag","embeddable":true,"href":"https:\/\/baralivres.ma\/index.php?rest_route=%2Fwp%2Fv2%2Fproduct_tag&post=12726"}],"curies":[{"name":"wp","href":"https:\/\/api.w.org\/{rel}","templated":true}]}}