{"id":12723,"date":"2023-09-11T16:44:27","date_gmt":"2023-09-11T15:44:27","guid":{"rendered":"https:\/\/baralivres.ma\/?post_type=product&#038;p=12723"},"modified":"2023-09-11T16:44:27","modified_gmt":"2023-09-11T15:44:27","slug":"vigilante-my-hero-academia-illegals-tome-10","status":"publish","type":"product","link":"https:\/\/baralivres.ma\/?product=vigilante-my-hero-academia-illegals-tome-10","title":{"rendered":"Vigilante My Hero Academia Illegals Tome 10"},"content":{"rendered":"<p>Le temps a pass\u00e9 depuis les d\u00e9buts du Crawler, et le justicier envisage de \u00ab\u00a0&#8211; raccrocher pour entrer dans la vie active. C&rsquo;est un choc pour Pop Step, qui ? voit \u00e9galement La Naruf\u00eate se terminer&#8230; Surtout que la talentueuse Makoto, de retour au Japon, semble bien d\u00e9cid\u00e9e \u00e0 mettre Le grappin sur Koichi. Alors que l&rsquo;adolescente tente timidement de s&rsquo;imaginer une carri\u00e8re solo, elle en vient \u00e0 s&rsquo;appuyer de plus en plus sur Rock, son manager chez Carrond&#8230; mais L&rsquo;homme n&rsquo;est autre que Num\u00e9ro six, et ses ambitions pour Pop sont plut\u00f4t de faire d&rsquo;elle une super-vilaine !<\/p>\n","protected":false},"excerpt":{"rendered":"<p>Le temps a pass\u00e9 depuis les d\u00e9buts du Crawler, et le justicier envisage de \u00ab\u00a0&#8211; raccrocher pour entrer dans la vie active. C&rsquo;est un choc pour Pop Step, qui ? voit \u00e9galement La Naruf\u00eate se terminer&#8230; Surtout que la talentueuse Makoto, de retour au Japon, semble bien d\u00e9cid\u00e9e \u00e0 mettre Le grappin sur Koichi. Alors que l&rsquo;adolescente tente timidement de s&rsquo;imaginer une carri\u00e8re solo, elle en vient \u00e0 s&rsquo;appuyer de plus en plus sur Rock, son manager chez Carrond&#8230; mais L&rsquo;homme n&rsquo;est autre que Num\u00e9ro six, et ses ambitions pour Pop sont plut\u00f4t de faire d&rsquo;elle une super-vilaine !<\/p>\n","protected":false},"featured_media":12724,"comment_status":"open","ping_status":"closed","template":"","meta":{"inline_featured_image":false},"product_cat":[203,204,205],"product_tag":[],"class_list":{"0":"post-12723","1":"product","2":"type-product","3":"status-publish","4":"has-post-thumbnail","6":"product_cat-adolescente","7":"product_cat-francais","8":"product_cat-enfant-adolescente-francais","10":"first","11":"instock","12":"shipping-taxable","13":"purchasable","14":"product-type-simple"},"_links":{"self":[{"href":"https:\/\/baralivres.ma\/index.php?rest_route=\/wp\/v2\/product\/12723","targetHints":{"allow":["GET"]}}],"collection":[{"href":"https:\/\/baralivres.ma\/index.php?rest_route=\/wp\/v2\/product"}],"about":[{"href":"https:\/\/baralivres.ma\/index.php?rest_route=\/wp\/v2\/types\/product"}],"replies":[{"embeddable":true,"href":"https:\/\/baralivres.ma\/index.php?rest_route=%2Fwp%2Fv2%2Fcomments&post=12723"}],"version-history":[{"count":1,"href":"https:\/\/baralivres.ma\/index.php?rest_route=\/wp\/v2\/product\/12723\/revisions"}],"predecessor-version":[{"id":12725,"href":"https:\/\/baralivres.ma\/index.php?rest_route=\/wp\/v2\/product\/12723\/revisions\/12725"}],"wp:featuredmedia":[{"embeddable":true,"href":"https:\/\/baralivres.ma\/index.php?rest_route=\/wp\/v2\/media\/12724"}],"wp:attachment":[{"href":"https:\/\/baralivres.ma\/index.php?rest_route=%2Fwp%2Fv2%2Fmedia&parent=12723"}],"wp:term":[{"taxonomy":"product_cat","embeddable":true,"href":"https:\/\/baralivres.ma\/index.php?rest_route=%2Fwp%2Fv2%2Fproduct_cat&post=12723"},{"taxonomy":"product_tag","embeddable":true,"href":"https:\/\/baralivres.ma\/index.php?rest_route=%2Fwp%2Fv2%2Fproduct_tag&post=12723"}],"curies":[{"name":"wp","href":"https:\/\/api.w.org\/{rel}","templated":true}]}}