{"id":12720,"date":"2023-09-11T16:43:09","date_gmt":"2023-09-11T15:43:09","guid":{"rendered":"https:\/\/baralivres.ma\/?post_type=product&#038;p=12720"},"modified":"2023-09-11T16:43:09","modified_gmt":"2023-09-11T15:43:09","slug":"vigilante-my-hero-academia-illegals-tome-5","status":"publish","type":"product","link":"https:\/\/baralivres.ma\/?product=vigilante-my-hero-academia-illegals-tome-5","title":{"rendered":"Vigilante My Hero Academia Illegals Tome 5"},"content":{"rendered":"<p>Les h\u00e9ros de l&rsquo;ombre \u00e0 la rescousse ! Pour que sa famille soit enfin r\u00e9unie, Knuckle Duster n&rsquo;a pas h\u00e9sit\u00e9 \u00e0 se jeter dans un douloureux combat contre Kuin Hachisuka&#8230; La fille du justicier \u00e9tait en effet sous l&rsquo;influence d&rsquo;un alter ! De leur c\u00f4t\u00e9, Eraser Head et l&rsquo;agent Tsukauchi d\u00e9couvrent avec inqui\u00e9tude des ennemis d&rsquo;un genre nouveau : les vilains \u00e9clair&#8230; Tandis que Pop poursuit sa carri\u00e8re de chanteuse et que le nettoyeur aux poings de fer se fait plus discret, Koichi se retrouve dans une situation inattendue&#8230;<br \/>\nEntre des vilains extravagants et d&rsquo;autres plus f\u00e9roces, difficile pour le jeune homme de surveiller la ville seul !<\/p>\n","protected":false},"excerpt":{"rendered":"<p>Les h\u00e9ros de l&rsquo;ombre \u00e0 la rescousse ! Pour que sa famille soit enfin r\u00e9unie, Knuckle Duster n&rsquo;a pas h\u00e9sit\u00e9 \u00e0 se jeter dans un douloureux combat contre Kuin Hachisuka&#8230; La fille du justicier \u00e9tait en effet sous l&rsquo;influence d&rsquo;un alter ! De leur c\u00f4t\u00e9, Eraser Head et l&rsquo;agent Tsukauchi d\u00e9couvrent avec inqui\u00e9tude des ennemis d&rsquo;un genre nouveau : les vilains \u00e9clair&#8230; Tandis que Pop poursuit sa carri\u00e8re de chanteuse et que le nettoyeur aux poings de fer se fait plus discret, Koichi se retrouve dans une situation inattendue&#8230;<br \/>\nEntre des vilains extravagants et d&rsquo;autres plus f\u00e9roces, difficile pour le jeune homme de surveiller la ville seul !<\/p>\n","protected":false},"featured_media":12721,"comment_status":"open","ping_status":"closed","template":"","meta":{"inline_featured_image":false},"product_cat":[203,204,205],"product_tag":[],"class_list":{"0":"post-12720","1":"product","2":"type-product","3":"status-publish","4":"has-post-thumbnail","6":"product_cat-adolescente","7":"product_cat-francais","8":"product_cat-enfant-adolescente-francais","10":"first","11":"instock","12":"shipping-taxable","13":"purchasable","14":"product-type-simple"},"_links":{"self":[{"href":"https:\/\/baralivres.ma\/index.php?rest_route=\/wp\/v2\/product\/12720","targetHints":{"allow":["GET"]}}],"collection":[{"href":"https:\/\/baralivres.ma\/index.php?rest_route=\/wp\/v2\/product"}],"about":[{"href":"https:\/\/baralivres.ma\/index.php?rest_route=\/wp\/v2\/types\/product"}],"replies":[{"embeddable":true,"href":"https:\/\/baralivres.ma\/index.php?rest_route=%2Fwp%2Fv2%2Fcomments&post=12720"}],"version-history":[{"count":1,"href":"https:\/\/baralivres.ma\/index.php?rest_route=\/wp\/v2\/product\/12720\/revisions"}],"predecessor-version":[{"id":12722,"href":"https:\/\/baralivres.ma\/index.php?rest_route=\/wp\/v2\/product\/12720\/revisions\/12722"}],"wp:featuredmedia":[{"embeddable":true,"href":"https:\/\/baralivres.ma\/index.php?rest_route=\/wp\/v2\/media\/12721"}],"wp:attachment":[{"href":"https:\/\/baralivres.ma\/index.php?rest_route=%2Fwp%2Fv2%2Fmedia&parent=12720"}],"wp:term":[{"taxonomy":"product_cat","embeddable":true,"href":"https:\/\/baralivres.ma\/index.php?rest_route=%2Fwp%2Fv2%2Fproduct_cat&post=12720"},{"taxonomy":"product_tag","embeddable":true,"href":"https:\/\/baralivres.ma\/index.php?rest_route=%2Fwp%2Fv2%2Fproduct_tag&post=12720"}],"curies":[{"name":"wp","href":"https:\/\/api.w.org\/{rel}","templated":true}]}}