{"id":12717,"date":"2023-09-11T16:41:37","date_gmt":"2023-09-11T15:41:37","guid":{"rendered":"https:\/\/baralivres.ma\/?post_type=product&#038;p=12717"},"modified":"2023-09-11T16:41:38","modified_gmt":"2023-09-11T15:41:38","slug":"vigilante-my-hero-academia-illegals-tome-7","status":"publish","type":"product","link":"https:\/\/baralivres.ma\/?product=vigilante-my-hero-academia-illegals-tome-7","title":{"rendered":"Vigilante My Hero Academia Illegals Tome 7"},"content":{"rendered":"<p>A eux trois, ils se lancent \u00e0 l&rsquo;attaque d&rsquo;un trafic de drogue aux effets destructeurs. Mais l\u00e0 o\u00f9 les h\u00e9ros agissent en respectant la loi, pour les justiciers, une seule devise : la fin justifie les moyens ! Red\u00e9couvrez l&rsquo;univers de My Hero Academia sous un nouvel angle, celui des h\u00e9ros hors-la-loi ! Le th\u00e8me des justiciers est r\u00e9current dans les comics am\u00e9ricains ; il ne manquait plus qu&rsquo;un manga pour le mettre en valeur.<br \/>\nSuivez ces justiciers qui ont choisi de devenir hors-la-loi pour lutter contre le ma<\/p>\n","protected":false},"excerpt":{"rendered":"<p>A eux trois, ils se lancent \u00e0 l&rsquo;attaque d&rsquo;un trafic de drogue aux effets destructeurs. Mais l\u00e0 o\u00f9 les h\u00e9ros agissent en respectant la loi, pour les justiciers, une seule devise : la fin justifie les moyens ! Red\u00e9couvrez l&rsquo;univers de My Hero Academia sous un nouvel angle, celui des h\u00e9ros hors-la-loi ! Le th\u00e8me des justiciers est r\u00e9current dans les comics am\u00e9ricains ; il ne manquait plus qu&rsquo;un manga pour le mettre en valeur.<\/p>\n","protected":false},"featured_media":12718,"comment_status":"open","ping_status":"closed","template":"","meta":{"inline_featured_image":false},"product_cat":[203,204,205],"product_tag":[],"class_list":{"0":"post-12717","1":"product","2":"type-product","3":"status-publish","4":"has-post-thumbnail","6":"product_cat-adolescente","7":"product_cat-francais","8":"product_cat-enfant-adolescente-francais","10":"first","11":"instock","12":"shipping-taxable","13":"purchasable","14":"product-type-simple"},"_links":{"self":[{"href":"https:\/\/baralivres.ma\/index.php?rest_route=\/wp\/v2\/product\/12717","targetHints":{"allow":["GET"]}}],"collection":[{"href":"https:\/\/baralivres.ma\/index.php?rest_route=\/wp\/v2\/product"}],"about":[{"href":"https:\/\/baralivres.ma\/index.php?rest_route=\/wp\/v2\/types\/product"}],"replies":[{"embeddable":true,"href":"https:\/\/baralivres.ma\/index.php?rest_route=%2Fwp%2Fv2%2Fcomments&post=12717"}],"version-history":[{"count":1,"href":"https:\/\/baralivres.ma\/index.php?rest_route=\/wp\/v2\/product\/12717\/revisions"}],"predecessor-version":[{"id":12719,"href":"https:\/\/baralivres.ma\/index.php?rest_route=\/wp\/v2\/product\/12717\/revisions\/12719"}],"wp:featuredmedia":[{"embeddable":true,"href":"https:\/\/baralivres.ma\/index.php?rest_route=\/wp\/v2\/media\/12718"}],"wp:attachment":[{"href":"https:\/\/baralivres.ma\/index.php?rest_route=%2Fwp%2Fv2%2Fmedia&parent=12717"}],"wp:term":[{"taxonomy":"product_cat","embeddable":true,"href":"https:\/\/baralivres.ma\/index.php?rest_route=%2Fwp%2Fv2%2Fproduct_cat&post=12717"},{"taxonomy":"product_tag","embeddable":true,"href":"https:\/\/baralivres.ma\/index.php?rest_route=%2Fwp%2Fv2%2Fproduct_tag&post=12717"}],"curies":[{"name":"wp","href":"https:\/\/api.w.org\/{rel}","templated":true}]}}